{"id":12494,"date":"2024-10-24T05:14:39","date_gmt":"2024-10-24T03:14:39","guid":{"rendered":"http:\/\/billigtrikots.com\/?post_type=product&#038;p=12494"},"modified":"2024-10-24T05:17:23","modified_gmt":"2024-10-24T03:17:23","slug":"atletico-madrid-heimtrikot-22-23-kurzarm-fussballtrikots-fuer-herren-yannick-carrasco-21","status":"publish","type":"product","link":"https:\/\/www.billigtrikotde.com\/it\/atletico-madrid-heimtrikot-22-23-kurzarm-fussballtrikots-fuer-herren-yannick-carrasco-21\/","title":{"rendered":"Atletico Madrid Home Shirt 22-23 Maglia da calcio a maniche corte da uomo Yannick Carrasco 21"},"content":{"rendered":"<p>La maglia Nike Atl\u00e9tico 2022-2023 presenta una nuova interpretazione delle tradizionali strisce bianche e rosse del club. La maglia Nike Atl\u00e9tico Madrid 22-23 \u00e8 dotata di strisce ondulate.<\/p>\n<p>Il retro della nuova maglia dell'Atl\u00e9tico 22-23 \u00e8 principalmente rosso con una striscia blu navy nella zona del colletto\/superiore. La bandiera spagnola \u00e8 stampata sotto il colletto e il modello della maglia Nike Atletico Madrid 2022-2023 si basa sul nuovo modello di maglia Nike 22-23 che sar\u00e0 utilizzato per tutte le squadre pi\u00f9 importanti nella stagione 2022-23.<\/p>\n<p>Suggerimenti per la stampa: Se il nome e il numero dell'immagine sono esattamente quelli desiderati, non \u00e8 necessario inserirli nuovamente. In caso contrario, \u00e8 necessario inserire il nome e il numero desiderati.<\/p>\n<p>Consigli per il lavaggio: Si consiglia di lavare le magliette da calcio a mano. Se si desidera utilizzare la lavatrice, ricordarsi di capovolgere le magliette da calcio e poi lavarle. Riempire la macchina con acqua fredda e utilizzare un ciclo delicato per proteggere meglio i colori.<\/p>","protected":false},"excerpt":{"rendered":"<p>Das Nike Atl\u00e9tico 2022-2023 Trikot zeigt eine neue Interpretation der traditionellen wei\u00df-roten Streifen des Vereins. Das Nike Atl\u00e9tico Madrid 22-23 Trikot kommt mit winkenden Streifen. Die R\u00fcckseite des neuen Atl\u00e9tico 22-23 Trikots ist haupts\u00e4chlich rot mit einem marineblauen Streifen im Kragenbereich\/oben. Die spanische Flagge ist unterhalb des Kragens aufgedruckt.Von der Template her basiert das Nike [&hellip;]<\/p>","protected":false},"featured_media":12537,"comment_status":"open","ping_status":"closed","template":"","meta":[],"product_brand":[],"product_cat":[88],"product_tag":[486,487,488,90,20,21,22,23,24],"class_list":{"0":"post-12494","1":"product","2":"type-product","3":"status-publish","4":"has-post-thumbnail","6":"product_cat-atletico-madrid","7":"product_tag-atletico-madrid-2022-23","8":"product_tag-atletico-madrid-fussballtrikot","9":"product_tag-atletico-madrid-trikot","10":"product_tag-atletico-madrid-trikots","11":"product_tag-coole-fussballtrikots","12":"product_tag-fussballtrikot-fuer-herren","13":"product_tag-fussballtrikot-guenstig-kaufen","14":"product_tag-fussballtrikot-kurzarm","15":"product_tag-guenstiges-fussballtrikot","17":"first","18":"instock","19":"shipping-taxable","20":"purchasable","21":"product-type-variable"},"_links":{"self":[{"href":"https:\/\/www.billigtrikotde.com\/it\/wp-json\/wp\/v2\/product\/12494","targetHints":{"allow":["GET"]}}],"collection":[{"href":"https:\/\/www.billigtrikotde.com\/it\/wp-json\/wp\/v2\/product"}],"about":[{"href":"https:\/\/www.billigtrikotde.com\/it\/wp-json\/wp\/v2\/types\/product"}],"replies":[{"embeddable":true,"href":"https:\/\/www.billigtrikotde.com\/it\/wp-json\/wp\/v2\/comments?post=12494"}],"wp:featuredmedia":[{"embeddable":true,"href":"https:\/\/www.billigtrikotde.com\/it\/wp-json\/wp\/v2\/media\/12537"}],"wp:attachment":[{"href":"https:\/\/www.billigtrikotde.com\/it\/wp-json\/wp\/v2\/media?parent=12494"}],"wp:term":[{"taxonomy":"product_brand","embeddable":true,"href":"https:\/\/www.billigtrikotde.com\/it\/wp-json\/wp\/v2\/product_brand?post=12494"},{"taxonomy":"product_cat","embeddable":true,"href":"https:\/\/www.billigtrikotde.com\/it\/wp-json\/wp\/v2\/product_cat?post=12494"},{"taxonomy":"product_tag","embeddable":true,"href":"https:\/\/www.billigtrikotde.com\/it\/wp-json\/wp\/v2\/product_tag?post=12494"}],"curies":[{"name":"wp","href":"https:\/\/api.w.org\/{rel}","templated":true}]}}