{"id":12480,"date":"2024-10-24T05:13:37","date_gmt":"2024-10-24T03:13:37","guid":{"rendered":"http:\/\/billigtrikots.com\/?post_type=product&#038;p=12480"},"modified":"2024-10-24T05:16:48","modified_gmt":"2024-10-24T03:16:48","slug":"fussballtrikots-fuer-herren-atletico-madrid-2022-23-drittes-trikot-kurzarm-saul-niguez-17","status":"publish","type":"product","link":"https:\/\/www.billigtrikotde.com\/it\/fussballtrikots-fuer-herren-atletico-madrid-2022-23-drittes-trikot-kurzarm-saul-niguez-17\/","title":{"rendered":"Maglie da calcio per uomo Atl\u00e9tico Madrid 2022-23 Terza maglia a manica corta Saul Niguez 17"},"content":{"rendered":"<p>La terza maglia da calcio Nike Atl\u00e9tico Madrid 2022-23 combina diverse tonalit\u00e0 di arancione e rosso con il nero per lo swoosh. Si tratta di una combinazione di colori molto interessante e fresca per il club, ispirata al frutto del corbezzolo che compare nello stemma del club.<br \/>\nIn termini di design, la nuova terza maglia dell'Atl\u00e9tico \u00e8 piuttosto semplice. \u00c8 di colore arancione e solo i polsini presentano un piccolo accento rosso. I loghi sono neri, compreso lo stemma monocolore del club sul petto a sinistra della terza maglia dell'Atl\u00e9tico Madrid 2022-23.<\/p>\n<p>Suggerimenti per la stampa: Se il nome e il numero dell'immagine sono esattamente quelli desiderati, non \u00e8 necessario inserirli nuovamente. In caso contrario, \u00e8 necessario inserire il nome e il numero desiderati.<\/p>\n<p>Consigli per il lavaggio: Si consiglia di lavare le magliette da calcio a mano. Se si desidera utilizzare la lavatrice, ricordarsi di capovolgere le magliette da calcio e poi lavarle. Riempire la macchina con acqua fredda e utilizzare un ciclo delicato per proteggere meglio i colori.<\/p>","protected":false},"excerpt":{"rendered":"<p>Das dritte Fu\u00dfballtrikot von Nike Atl\u00e9tico Madrid 2022-23 kombiniert verschiedene Orange- und Rott\u00f6ne mit Schwarz f\u00fcr den Swoosh. Es ist eine sehr interessante und frische Farbkombination f\u00fcr den Verein, inspiriert von den Fr\u00fcchten des Erdbeerbaums, der im Vereinswappen zu finden ist. Was das Design angeht, ist das neue dritte Atl\u00e9tico-Trikot eher bieder. Es ist einfarbig [\u2026]<\/p>","protected":false},"featured_media":12520,"comment_status":"open","ping_status":"closed","template":"","meta":[],"product_brand":[],"product_cat":[88],"product_tag":[486,487,89,488,90,20,21,22,23,24],"class_list":{"0":"post-12480","1":"product","2":"type-product","3":"status-publish","4":"has-post-thumbnail","6":"product_cat-atletico-madrid","7":"product_tag-atletico-madrid-2022-23","8":"product_tag-atletico-madrid-fussballtrikot","9":"product_tag-atletico-madrid-heimtrikot","10":"product_tag-atletico-madrid-trikot","11":"product_tag-atletico-madrid-trikots","12":"product_tag-coole-fussballtrikots","13":"product_tag-fussballtrikot-fuer-herren","14":"product_tag-fussballtrikot-guenstig-kaufen","15":"product_tag-fussballtrikot-kurzarm","16":"product_tag-guenstiges-fussballtrikot","18":"first","19":"instock","20":"shipping-taxable","21":"purchasable","22":"product-type-variable"},"_links":{"self":[{"href":"https:\/\/www.billigtrikotde.com\/it\/wp-json\/wp\/v2\/product\/12480","targetHints":{"allow":["GET"]}}],"collection":[{"href":"https:\/\/www.billigtrikotde.com\/it\/wp-json\/wp\/v2\/product"}],"about":[{"href":"https:\/\/www.billigtrikotde.com\/it\/wp-json\/wp\/v2\/types\/product"}],"replies":[{"embeddable":true,"href":"https:\/\/www.billigtrikotde.com\/it\/wp-json\/wp\/v2\/comments?post=12480"}],"wp:featuredmedia":[{"embeddable":true,"href":"https:\/\/www.billigtrikotde.com\/it\/wp-json\/wp\/v2\/media\/12520"}],"wp:attachment":[{"href":"https:\/\/www.billigtrikotde.com\/it\/wp-json\/wp\/v2\/media?parent=12480"}],"wp:term":[{"taxonomy":"product_brand","embeddable":true,"href":"https:\/\/www.billigtrikotde.com\/it\/wp-json\/wp\/v2\/product_brand?post=12480"},{"taxonomy":"product_cat","embeddable":true,"href":"https:\/\/www.billigtrikotde.com\/it\/wp-json\/wp\/v2\/product_cat?post=12480"},{"taxonomy":"product_tag","embeddable":true,"href":"https:\/\/www.billigtrikotde.com\/it\/wp-json\/wp\/v2\/product_tag?post=12480"}],"curies":[{"name":"wp","href":"https:\/\/api.w.org\/{rel}","templated":true}]}}