{"id":12171,"date":"2024-10-24T04:56:24","date_gmt":"2024-10-24T02:56:24","guid":{"rendered":"http:\/\/billigtrikots.com\/?post_type=product&#038;p=12171"},"modified":"2024-10-24T04:59:02","modified_gmt":"2024-10-24T02:59:02","slug":"fussballtrikots-guenstig-portugal-wm-2022-auswaertstrikot-kurzarm-kurze-hosen-figo-7","status":"publish","type":"product","link":"https:\/\/www.billigtrikotde.com\/it\/fussballtrikots-guenstig-portugal-wm-2022-auswaertstrikot-kurzarm-kurze-hosen-figo-7\/","title":{"rendered":"Maglie calcio Economici Portogallo Coppa del Mondo 2022 Away Shirt manica corta + pantaloncini FIGO 7"},"content":{"rendered":"<p>Un look fresco ma classico per il Portogallo: la maglia da trasferta Nike Portugal 2022 combina un motivo di base bianco crema con uno Swoosh blu navy. I colori ufficiali sono \"Sail\/Obsidian\", mentre \"Pepper Red\" \u00e8 il terzo colore e, secondo Nike, il colore leggermente pi\u00f9 scuro \u00e8 stato scelto per far s\u00ec che i portoghesi \"si distinguano in un mare di maglie bianche brillanti\".<\/p>\n<p>Suggerimenti per la stampa: Se il nome e il numero dell'immagine sono esattamente quelli desiderati, non \u00e8 necessario inserirli nuovamente. In caso contrario, \u00e8 necessario inserire il nome e il numero desiderati.<\/p>\n<p>Consigli per il lavaggio: Si consiglia di lavare le magliette da calcio a mano. Se si desidera utilizzare la lavatrice, ricordarsi di capovolgere le magliette da calcio e poi lavarle. Riempire la macchina con acqua fredda e utilizzare un ciclo delicato per proteggere meglio i colori.<\/p>","protected":false},"excerpt":{"rendered":"<p>Un look fresco ma classico per il Portogallo: la maglia da trasferta Nike Portugal 2022 combina un motivo di base bianco crema con uno Swoosh blu navy. I colori ufficiali sono \"Sail\/Obsidian\", mentre \"Pepper Red\" \u00e8 il terzo colore e, secondo Nike, il colore leggermente pi\u00f9 scuro \u00e8 stato scelto per far s\u00ec che i portoghesi \"si distinguano in un mare di maglie bianche brillanti\".<\/p>","protected":false},"featured_media":12211,"comment_status":"open","ping_status":"closed","template":"","meta":[],"product_brand":[],"product_cat":[239],"product_tag":[20,222,21,23,24,470,471,347,472],"class_list":{"0":"post-12171","1":"product","2":"type-product","3":"status-publish","4":"has-post-thumbnail","6":"product_cat-portugal-trikots","7":"product_tag-coole-fussballtrikots","8":"product_tag-fussball-wm-2022-trikots","9":"product_tag-fussballtrikot-fuer-herren","10":"product_tag-fussballtrikot-kurzarm","11":"product_tag-guenstiges-fussballtrikot","12":"product_tag-herren-fussball-kurzarm","13":"product_tag-portugal-trikot","14":"product_tag-portugal-trikots","15":"product_tag-portugal-wm-2022-trikot","17":"first","18":"instock","19":"shipping-taxable","20":"purchasable","21":"product-type-variable"},"_links":{"self":[{"href":"https:\/\/www.billigtrikotde.com\/it\/wp-json\/wp\/v2\/product\/12171","targetHints":{"allow":["GET"]}}],"collection":[{"href":"https:\/\/www.billigtrikotde.com\/it\/wp-json\/wp\/v2\/product"}],"about":[{"href":"https:\/\/www.billigtrikotde.com\/it\/wp-json\/wp\/v2\/types\/product"}],"replies":[{"embeddable":true,"href":"https:\/\/www.billigtrikotde.com\/it\/wp-json\/wp\/v2\/comments?post=12171"}],"wp:featuredmedia":[{"embeddable":true,"href":"https:\/\/www.billigtrikotde.com\/it\/wp-json\/wp\/v2\/media\/12211"}],"wp:attachment":[{"href":"https:\/\/www.billigtrikotde.com\/it\/wp-json\/wp\/v2\/media?parent=12171"}],"wp:term":[{"taxonomy":"product_brand","embeddable":true,"href":"https:\/\/www.billigtrikotde.com\/it\/wp-json\/wp\/v2\/product_brand?post=12171"},{"taxonomy":"product_cat","embeddable":true,"href":"https:\/\/www.billigtrikotde.com\/it\/wp-json\/wp\/v2\/product_cat?post=12171"},{"taxonomy":"product_tag","embeddable":true,"href":"https:\/\/www.billigtrikotde.com\/it\/wp-json\/wp\/v2\/product_tag?post=12171"}],"curies":[{"name":"wp","href":"https:\/\/api.w.org\/{rel}","templated":true}]}}