{"id":12153,"date":"2024-10-24T04:55:20","date_gmt":"2024-10-24T02:55:20","guid":{"rendered":"http:\/\/billigtrikots.com\/?post_type=product&#038;p=12153"},"modified":"2024-10-24T04:58:22","modified_gmt":"2024-10-24T02:58:22","slug":"personalisierbar-fussballtrikot-portugal-wm-2022-auswaertstrikot-online-bestellen","status":"publish","type":"product","link":"https:\/\/www.billigtrikotde.com\/it\/personalisierbar-fussballtrikot-portugal-wm-2022-auswaertstrikot-online-bestellen\/","title":{"rendered":"Ordina online il kit da trasferta personalizzabile del Portogallo per i Mondiali 2022"},"content":{"rendered":"<p>Un look fresco e allo stesso tempo classico per l'Italia: la maglia in trasferta Nike Italia 2022 combina un motivo di base crema con il swoosh blu navy. Ufficialmente i colori sono \u201eSail\/Obsidian\u201c, mentre \u201ePepper Red\u201c \u00e8 il terzo colore. Secondo Nike, \u00e8 stato scelto un colore leggermente pi\u00f9 scuro affinch\u00e9 gli italiani \u201esalgano in un mare di maglie bianche vivaci\u201c.<\/p>\n<p>Suggerimenti per la stampa: Se il nome e il numero dell'immagine sono esattamente quelli desiderati, non \u00e8 necessario inserirli nuovamente. In caso contrario, \u00e8 necessario inserire il nome e il numero desiderati.<\/p>\n<p>Consigli per il lavaggio: Si consiglia di lavare le magliette da calcio a mano. Se si desidera utilizzare la lavatrice, ricordarsi di capovolgere le magliette da calcio e poi lavarle. Riempire la macchina con acqua fredda e utilizzare un ciclo delicato per proteggere meglio i colori.<\/p>","protected":false},"excerpt":{"rendered":"<p>Un look fresco e allo stesso tempo classico per l'Italia: la maglia in trasferta Nike Italia 2022 combina un motivo di base crema con il swoosh blu navy. Ufficialmente i colori sono \u201eSail\/Obsidian\u201c, mentre \u201ePepper Red\u201c \u00e8 il terzo colore. Secondo Nike, \u00e8 stato scelto un colore leggermente pi\u00f9 scuro affinch\u00e9 gli italiani \u201esalgano in un mare di maglie bianche vivaci\u201c.<\/p>","protected":false},"featured_media":12192,"comment_status":"open","ping_status":"closed","template":"","meta":[],"product_brand":[],"product_cat":[239],"product_tag":[20,222,21,23,24,470,471,347,472],"class_list":{"0":"post-12153","1":"product","2":"type-product","3":"status-publish","4":"has-post-thumbnail","6":"product_cat-portugal-trikots","7":"product_tag-coole-fussballtrikots","8":"product_tag-fussball-wm-2022-trikots","9":"product_tag-fussballtrikot-fuer-herren","10":"product_tag-fussballtrikot-kurzarm","11":"product_tag-guenstiges-fussballtrikot","12":"product_tag-herren-fussball-kurzarm","13":"product_tag-portugal-trikot","14":"product_tag-portugal-trikots","15":"product_tag-portugal-wm-2022-trikot","17":"first","18":"instock","19":"shipping-taxable","20":"purchasable","21":"product-type-variable"},"_links":{"self":[{"href":"https:\/\/www.billigtrikotde.com\/it\/wp-json\/wp\/v2\/product\/12153","targetHints":{"allow":["GET"]}}],"collection":[{"href":"https:\/\/www.billigtrikotde.com\/it\/wp-json\/wp\/v2\/product"}],"about":[{"href":"https:\/\/www.billigtrikotde.com\/it\/wp-json\/wp\/v2\/types\/product"}],"replies":[{"embeddable":true,"href":"https:\/\/www.billigtrikotde.com\/it\/wp-json\/wp\/v2\/comments?post=12153"}],"wp:featuredmedia":[{"embeddable":true,"href":"https:\/\/www.billigtrikotde.com\/it\/wp-json\/wp\/v2\/media\/12192"}],"wp:attachment":[{"href":"https:\/\/www.billigtrikotde.com\/it\/wp-json\/wp\/v2\/media?parent=12153"}],"wp:term":[{"taxonomy":"product_brand","embeddable":true,"href":"https:\/\/www.billigtrikotde.com\/it\/wp-json\/wp\/v2\/product_brand?post=12153"},{"taxonomy":"product_cat","embeddable":true,"href":"https:\/\/www.billigtrikotde.com\/it\/wp-json\/wp\/v2\/product_cat?post=12153"},{"taxonomy":"product_tag","embeddable":true,"href":"https:\/\/www.billigtrikotde.com\/it\/wp-json\/wp\/v2\/product_tag?post=12153"}],"curies":[{"name":"wp","href":"https:\/\/api.w.org\/{rel}","templated":true}]}}