{"id":11947,"date":"2024-10-24T04:43:03","date_gmt":"2024-10-24T02:43:03","guid":{"rendered":"http:\/\/billigtrikots.com\/?post_type=product&#038;p=11947"},"modified":"2024-10-24T04:45:49","modified_gmt":"2024-10-24T02:45:49","slug":"herren-fc-barcelona-22-23-viertes-trikot-kurzarm-fussballtrikot-selbst-gestalten","status":"publish","type":"product","link":"https:\/\/www.billigtrikotde.com\/it\/herren-fc-barcelona-22-23-viertes-trikot-kurzarm-fussballtrikot-selbst-gestalten\/","title":{"rendered":"Maglia da calcio personalizzata a manica corta da uomo FC Barcelona 22-23 Fourth Shirt"},"content":{"rendered":"<p>La nuova quarta maglia del FC Barcelona per la stagione 22-23 \u00e8 stata presentata con lo slogan \u201c + Catalunya + Bar\u00e7a\u201c. Trasmette lo spirito di Bar\u00e7a e l\u2019orgoglio di provenire da Barcellona e dalla Catalogna. La maglia \u00e8 ispirata alla fascia da capitano e sar\u00e0 indossata per la prima volta in una partita ufficiale contro il FC Girona a Montilivi sabato prossimo.<br \/>\nLa Nike Barcelona 22-23 quarta maglia combina i colori della Senyera, Giallo e Rosso, con il Blu. Lo stemma del Barcelona e il logo Spotify sono posizionati al centro, mentre su ogni manica si trova uno Swoosh. L\u2019elemento pi\u00f9 evidente della quarta maglia del Barcelona \u00e8 la bandiera della Senyera (quarta striscia rossa su sfondo giallo) sulla parte superiore frontale. \u00c8 la stessa che si vede anche sulla fascia da capitano. I polsini delle maniche Blaugrana conferiscono alla Nike Bar\u00e7a 22-23 quarta maglia un tocco in pi\u00f9. La quarta maglia del Barcelona 22-23 ha un motivo simile a quello della maglia degli USA per i Mondiali 2022.<\/p>\n<p>Suggerimenti per la stampa: Se il nome e il numero dell'immagine sono esattamente quelli desiderati, non \u00e8 necessario inserirli nuovamente. In caso contrario, \u00e8 necessario inserire il nome e il numero desiderati.<\/p>\n<p>Consigli per il lavaggio: Si consiglia di lavare le magliette da calcio a mano. Se si desidera utilizzare la lavatrice, ricordarsi di capovolgere le magliette da calcio e poi lavarle. Riempire la macchina con acqua fredda e utilizzare un ciclo delicato per proteggere meglio i colori.<\/p>","protected":false},"excerpt":{"rendered":"<p>Das neue vierte Trikot des FC Barcelona f\u00fcr die Saison 22-23 wurde unter dem Slogan \u201c + Catalunya + Bar\u00e7a\u201c vorgestellt. Es vermittelt den Geist von Bar\u00e7a und den Stolz, aus Barcelona und Katalonien zu stammen. Das Trikot ist von der Kapit\u00e4nsbinde inspiriert und wird zum ersten Mal in einem Pflichtspiel gegen den FC Girona [&hellip;]<\/p>","protected":false},"featured_media":11984,"comment_status":"open","ping_status":"closed","template":"","meta":[],"product_brand":[],"product_cat":[31],"product_tag":[457,20,458,33,21,22,426,24,345],"class_list":{"0":"post-11947","1":"product","2":"type-product","3":"status-publish","4":"has-post-thumbnail","6":"product_cat-fc-barcelona","7":"product_tag-barcelona-22-23-vierte-trikot","8":"product_tag-coole-fussballtrikots","9":"product_tag-fc-barcelona-trikot","10":"product_tag-fc-barcelona-trikots","11":"product_tag-fussballtrikot-fuer-herren","12":"product_tag-fussballtrikot-guenstig-kaufen","13":"product_tag-fussballtrikots-kurzarm","14":"product_tag-guenstiges-fussballtrikot","15":"product_tag-neuen-fc-barcelona-trikots","17":"first","18":"instock","19":"shipping-taxable","20":"purchasable","21":"product-type-variable"},"_links":{"self":[{"href":"https:\/\/www.billigtrikotde.com\/it\/wp-json\/wp\/v2\/product\/11947","targetHints":{"allow":["GET"]}}],"collection":[{"href":"https:\/\/www.billigtrikotde.com\/it\/wp-json\/wp\/v2\/product"}],"about":[{"href":"https:\/\/www.billigtrikotde.com\/it\/wp-json\/wp\/v2\/types\/product"}],"replies":[{"embeddable":true,"href":"https:\/\/www.billigtrikotde.com\/it\/wp-json\/wp\/v2\/comments?post=11947"}],"wp:featuredmedia":[{"embeddable":true,"href":"https:\/\/www.billigtrikotde.com\/it\/wp-json\/wp\/v2\/media\/11984"}],"wp:attachment":[{"href":"https:\/\/www.billigtrikotde.com\/it\/wp-json\/wp\/v2\/media?parent=11947"}],"wp:term":[{"taxonomy":"product_brand","embeddable":true,"href":"https:\/\/www.billigtrikotde.com\/it\/wp-json\/wp\/v2\/product_brand?post=11947"},{"taxonomy":"product_cat","embeddable":true,"href":"https:\/\/www.billigtrikotde.com\/it\/wp-json\/wp\/v2\/product_cat?post=11947"},{"taxonomy":"product_tag","embeddable":true,"href":"https:\/\/www.billigtrikotde.com\/it\/wp-json\/wp\/v2\/product_tag?post=11947"}],"curies":[{"name":"wp","href":"https:\/\/api.w.org\/{rel}","templated":true}]}}