{"id":11759,"date":"2024-10-24T04:32:22","date_gmt":"2024-10-24T02:32:22","guid":{"rendered":"http:\/\/billigtrikots.com\/?post_type=product&#038;p=11759"},"modified":"2024-10-24T04:34:55","modified_gmt":"2024-10-24T02:34:55","slug":"herren-lafc-los-angeles-fc-2022-heimtrikot-schwarz-golden-mit-aufdruck-wright-phillips-66","status":"publish","type":"product","link":"https:\/\/www.billigtrikotde.com\/it\/herren-lafc-los-angeles-fc-2022-heimtrikot-schwarz-golden-mit-aufdruck-wright-phillips-66\/","title":{"rendered":"Maglia LAFC Los Angeles FC 2022 uomo nero oro con stampa WRIGHT-PHILLIPS 66"},"content":{"rendered":"<p>Come previsto, la maglia Adidas LAFC 2022 \u00e8 principalmente nera con loghi dorati e strisce Adidas. Il logo Adidas e lo stemma del club sono entrambi posizionati al centro della zona del petto, con il logo Adidas in alto. La caratteristica principale della maglia home del Los Angeles FC 2022 \u00e8 un motivo art d\u00e9co su misura che attraversa la parte anteriore e le maniche. Possiamo anche vedere che Target, lo sponsor delle maniche del LAFC, ha ancora una volta gentilmente permesso di ricolorare il proprio logo in nero e oro.<\/p>\n<p>Suggerimenti per la stampa: Se il nome e il numero dell'immagine sono esattamente quelli desiderati, non \u00e8 necessario inserirli nuovamente. In caso contrario, \u00e8 necessario inserire il nome e il numero desiderati.<\/p>\n<p>Consigli per il lavaggio: Si consiglia di lavare le magliette da calcio a mano. Se si desidera utilizzare la lavatrice, ricordarsi di capovolgere le magliette da calcio e poi lavarle. Riempire la macchina con acqua fredda e utilizzare un ciclo delicato per proteggere meglio i colori.<\/p>","protected":false},"excerpt":{"rendered":"<p>Wie erwartet ist das Adidas LAFC 2022 Trikot haupts\u00e4chlich schwarz mit goldenen Logos und Adidas-Streifen. Das Adidas-Logo und das Vereinswappen werden beide in der Mitte des Brustbereichs platziert, das Adidas-Logo liegt dar\u00fcber.Das Hauptmerkmal des Los Angeles FC 2022 Heimtrikots ist ein ma\u00dfgeschneidertes Art-D\u00e9co-Muster, das sich \u00fcber die Vorderseite und die \u00c4rmel zieht.Wir k\u00f6nnen auch sehen, [&hellip;]<\/p>","protected":false},"featured_media":11801,"comment_status":"open","ping_status":"closed","template":"","meta":[],"product_brand":[],"product_cat":[196],"product_tag":[20,21,22,23,24,446,447],"class_list":{"0":"post-11759","1":"product","2":"type-product","3":"status-publish","4":"has-post-thumbnail","6":"product_cat-los-angeles-fc","7":"product_tag-coole-fussballtrikots","8":"product_tag-fussballtrikot-fuer-herren","9":"product_tag-fussballtrikot-guenstig-kaufen","10":"product_tag-fussballtrikot-kurzarm","11":"product_tag-guenstiges-fussballtrikot","12":"product_tag-lafc-2022-trikot","13":"product_tag-lafc-away-jersey-2023","15":"first","16":"instock","17":"shipping-taxable","18":"purchasable","19":"product-type-variable"},"_links":{"self":[{"href":"https:\/\/www.billigtrikotde.com\/it\/wp-json\/wp\/v2\/product\/11759","targetHints":{"allow":["GET"]}}],"collection":[{"href":"https:\/\/www.billigtrikotde.com\/it\/wp-json\/wp\/v2\/product"}],"about":[{"href":"https:\/\/www.billigtrikotde.com\/it\/wp-json\/wp\/v2\/types\/product"}],"replies":[{"embeddable":true,"href":"https:\/\/www.billigtrikotde.com\/it\/wp-json\/wp\/v2\/comments?post=11759"}],"wp:featuredmedia":[{"embeddable":true,"href":"https:\/\/www.billigtrikotde.com\/it\/wp-json\/wp\/v2\/media\/11801"}],"wp:attachment":[{"href":"https:\/\/www.billigtrikotde.com\/it\/wp-json\/wp\/v2\/media?parent=11759"}],"wp:term":[{"taxonomy":"product_brand","embeddable":true,"href":"https:\/\/www.billigtrikotde.com\/it\/wp-json\/wp\/v2\/product_brand?post=11759"},{"taxonomy":"product_cat","embeddable":true,"href":"https:\/\/www.billigtrikotde.com\/it\/wp-json\/wp\/v2\/product_cat?post=11759"},{"taxonomy":"product_tag","embeddable":true,"href":"https:\/\/www.billigtrikotde.com\/it\/wp-json\/wp\/v2\/product_tag?post=11759"}],"curies":[{"name":"wp","href":"https:\/\/api.w.org\/{rel}","templated":true}]}}