{"id":11555,"date":"2024-10-24T04:20:55","date_gmt":"2024-10-24T02:20:55","guid":{"rendered":"http:\/\/billigtrikots.com\/?post_type=product&#038;p=11555"},"modified":"2024-10-24T04:23:10","modified_gmt":"2024-10-24T02:23:10","slug":"neues-herren-tottenham-hotspur-drittes-trikot-2023-kurzarm-kurze-hosen-lukaks-27","status":"publish","type":"product","link":"https:\/\/www.billigtrikotde.com\/it\/neues-herren-tottenham-hotspur-drittes-trikot-2023-kurzarm-kurze-hosen-lukaks-27\/","title":{"rendered":"Nuova maglia terza Tottenham Hotspur 2023 maniche corte + pantaloncini LUKAKS 27"},"content":{"rendered":"<p>La terza maglia dei Nike Spurs 2022-23 si presenta in un look abbagliante in turchese scuro con accenti e rifiniture in bianco e nero.<\/p>\n<p>La nuova terza maglia del Tottenham Hotspurs \u00e8 caratterizzata da una stampa grafica astratta che ricopre l'intero fronte e le maniche e probabilmente la maggior parte, se non tutto, il retro. I loghi sono tutti bianchi, compresa una rappresentazione monocromatica dello scudetto degli Spurs.<\/p>\n<p>Nel comunicato ufficiale si legge che la grafica della terza maglia degli Spurs per il 2022-2023 \u00e8 ispirata al \"DNA in continua evoluzione del Tottenham e alla popolare gamma di scarpe da ginnastica Nike TN\".<\/p>\n<p>Il look della maglia Nike Tottenham 22-23 \u00e8 completato da un colletto nero a girocollo e da polsini per met\u00e0 neri e per met\u00e0 turchesi scuri. In termini di modello, la terza maglia del Nike Tottenham Hotspur F.C. 2022-2023 \u00e8 lo stesso modello della maglia 22-23.<\/p>\n<p>Suggerimenti per la stampa: Se il nome e il numero dell'immagine sono esattamente quelli desiderati, non \u00e8 necessario inserirli nuovamente. In caso contrario, \u00e8 necessario inserire il nome e il numero desiderati.<\/p>\n<p>Consigli per il lavaggio: Si consiglia di lavare le magliette da calcio a mano. Se si desidera utilizzare la lavatrice, ricordarsi di capovolgere le magliette da calcio e poi lavarle. Riempire la macchina con acqua fredda e utilizzare un ciclo delicato per proteggere meglio i colori.<\/p>","protected":false},"excerpt":{"rendered":"<p>Il terzo completo Nike Spurs 2022-23 si presenta con un look sfavillante in blu scuro con accenti e dettagli in nero e bianco. Il nuovo terzo completo dei Tottenham Hotspur si distingue per una stampa grafica astratta che copre l'intera parte anteriore e le maniche e probabilmente anche la maggior parte, se non l'intera...<\/p>","protected":false},"featured_media":11593,"comment_status":"open","ping_status":"closed","template":"","meta":[],"product_brand":[],"product_cat":[178],"product_tag":[20,21,22,23,24,335,437,104],"class_list":{"0":"post-11555","1":"product","2":"type-product","3":"status-publish","4":"has-post-thumbnail","6":"product_cat-tottenham-hotspur","7":"product_tag-coole-fussballtrikots","8":"product_tag-fussballtrikot-fuer-herren","9":"product_tag-fussballtrikot-guenstig-kaufen","10":"product_tag-fussballtrikot-kurzarm","11":"product_tag-guenstiges-fussballtrikot","12":"product_tag-shop-tottenham-hotspur-trikot","13":"product_tag-tottenham-hotspur-ausweichtrikot","14":"product_tag-tottenham-hotspur-trikots","16":"first","17":"instock","18":"shipping-taxable","19":"purchasable","20":"product-type-variable"},"_links":{"self":[{"href":"https:\/\/www.billigtrikotde.com\/it\/wp-json\/wp\/v2\/product\/11555","targetHints":{"allow":["GET"]}}],"collection":[{"href":"https:\/\/www.billigtrikotde.com\/it\/wp-json\/wp\/v2\/product"}],"about":[{"href":"https:\/\/www.billigtrikotde.com\/it\/wp-json\/wp\/v2\/types\/product"}],"replies":[{"embeddable":true,"href":"https:\/\/www.billigtrikotde.com\/it\/wp-json\/wp\/v2\/comments?post=11555"}],"wp:featuredmedia":[{"embeddable":true,"href":"https:\/\/www.billigtrikotde.com\/it\/wp-json\/wp\/v2\/media\/11593"}],"wp:attachment":[{"href":"https:\/\/www.billigtrikotde.com\/it\/wp-json\/wp\/v2\/media?parent=11555"}],"wp:term":[{"taxonomy":"product_brand","embeddable":true,"href":"https:\/\/www.billigtrikotde.com\/it\/wp-json\/wp\/v2\/product_brand?post=11555"},{"taxonomy":"product_cat","embeddable":true,"href":"https:\/\/www.billigtrikotde.com\/it\/wp-json\/wp\/v2\/product_cat?post=11555"},{"taxonomy":"product_tag","embeddable":true,"href":"https:\/\/www.billigtrikotde.com\/it\/wp-json\/wp\/v2\/product_tag?post=11555"}],"curies":[{"name":"wp","href":"https:\/\/api.w.org\/{rel}","templated":true}]}}