{"id":1127,"date":"2024-10-23T13:17:26","date_gmt":"2024-10-23T11:17:26","guid":{"rendered":"http:\/\/billigtrikots.com\/?post_type=product&#038;p=1127"},"modified":"2024-10-23T13:19:26","modified_gmt":"2024-10-23T11:19:26","slug":"manchester-united-herren-auswaertstrikot-2022-weiss-online-bestellen","status":"publish","type":"product","link":"https:\/\/www.billigtrikotde.com\/it\/manchester-united-herren-auswaertstrikot-2022-weiss-online-bestellen\/","title":{"rendered":"Maglia da trasferta Manchester United uomo 2022 bianco ordine online"},"content":{"rendered":"<p>La lettera \"M\", che indica la citt\u00e0 natale del club, \u00e8 stata spesso presente nei leggendari kit del Manchester United. Questa maglia da calcio a-didas riprende la lettera e si presenta con un design moderno e astratto che ricorda una maglia classica dei primi anni '90. Il morbido materiale a doppia maglia e la tecnologia AEROREADY che assorbe l'umidit\u00e0 garantiscono una sensazione di piacevole asciutto. Il logo del club intrecciato dimostra inoltre che siete dei veri tifosi del Manchester United.<\/p>\n<p>Suggerimenti per la stampa: Se il nome e il numero dell'immagine sono esattamente quelli desiderati, non \u00e8 necessario inserirli nuovamente. In caso contrario, \u00e8 necessario inserire il nome e il numero desiderati.<\/p>\n<p>Consigli per il lavaggio: Si consiglia di lavare le magliette da calcio a mano. Se si desidera utilizzare la lavatrice, ricordarsi di capovolgere le magliette da calcio e poi lavarle. Riempire la macchina con acqua fredda e utilizzare un ciclo delicato per proteggere meglio i colori.<\/p>","protected":false},"excerpt":{"rendered":"<p>Der Buchstabe \u201eM\u201c f\u00fcr die Heimatstadt des Vereins hat schon oft seinen Weg auf die legend\u00e4ren Ausr\u00fcstungen von Manchester United gefunden. Dieses a-didas Fu\u00dfballtrikot greift den Buchstaben wieder auf und kommt mit einem modernen, abstrakten Design, das an ein klassisches Trikot aus den fr\u00fchen 90ern erinnert. Das weiche Doppelstrickmaterial und die feuchtigkeitsabsorbierende AEROREADY Technologie garantieren [&hellip;]<\/p>","protected":false},"featured_media":1171,"comment_status":"open","ping_status":"closed","template":"","meta":[],"product_brand":[],"product_cat":[50],"product_tag":[20,43,21,22,23,24,51,52],"class_list":{"0":"post-1127","1":"product","2":"type-product","3":"status-publish","4":"has-post-thumbnail","6":"product_cat-manchester-united","7":"product_tag-coole-fussballtrikots","8":"product_tag-fussballkleidung","9":"product_tag-fussballtrikot-fuer-herren","10":"product_tag-fussballtrikot-guenstig-kaufen","11":"product_tag-fussballtrikot-kurzarm","12":"product_tag-guenstiges-fussballtrikot","13":"product_tag-manchester-united-auswaertstrikot","14":"product_tag-manchester-united-trikots","16":"first","17":"instock","18":"shipping-taxable","19":"purchasable","20":"product-type-variable"},"_links":{"self":[{"href":"https:\/\/www.billigtrikotde.com\/it\/wp-json\/wp\/v2\/product\/1127","targetHints":{"allow":["GET"]}}],"collection":[{"href":"https:\/\/www.billigtrikotde.com\/it\/wp-json\/wp\/v2\/product"}],"about":[{"href":"https:\/\/www.billigtrikotde.com\/it\/wp-json\/wp\/v2\/types\/product"}],"replies":[{"embeddable":true,"href":"https:\/\/www.billigtrikotde.com\/it\/wp-json\/wp\/v2\/comments?post=1127"}],"wp:featuredmedia":[{"embeddable":true,"href":"https:\/\/www.billigtrikotde.com\/it\/wp-json\/wp\/v2\/media\/1171"}],"wp:attachment":[{"href":"https:\/\/www.billigtrikotde.com\/it\/wp-json\/wp\/v2\/media?parent=1127"}],"wp:term":[{"taxonomy":"product_brand","embeddable":true,"href":"https:\/\/www.billigtrikotde.com\/it\/wp-json\/wp\/v2\/product_brand?post=1127"},{"taxonomy":"product_cat","embeddable":true,"href":"https:\/\/www.billigtrikotde.com\/it\/wp-json\/wp\/v2\/product_cat?post=1127"},{"taxonomy":"product_tag","embeddable":true,"href":"https:\/\/www.billigtrikotde.com\/it\/wp-json\/wp\/v2\/product_tag?post=1127"}],"curies":[{"name":"wp","href":"https:\/\/api.w.org\/{rel}","templated":true}]}}