{"id":11216,"date":"2024-10-24T04:01:01","date_gmt":"2024-10-24T02:01:01","guid":{"rendered":"http:\/\/billigtrikots.com\/?post_type=product&#038;p=11216"},"modified":"2024-10-24T04:03:13","modified_gmt":"2024-10-24T02:03:13","slug":"kinder-mexiko-2022-wm-auswaertstrikot-kurzarm-kurze-hosen-mit-aufdruck-raul-9","status":"publish","type":"product","link":"https:\/\/www.billigtrikotde.com\/it\/kinder-mexiko-2022-wm-auswaertstrikot-kurzarm-kurze-hosen-mit-aufdruck-raul-9\/","title":{"rendered":"Maglia da trasferta Messico 2022 manica corta + pantaloncini con stampa RAUL 9"},"content":{"rendered":"<p>Evoca il tuo spirito combattivo per arrivare in cima al mondo del calcio. Per farlo, abbiamo dato a questa maglia adidas Mexico away per bambini e ragazzi un look ispirato alle divinit\u00e0 mixteche e azteche. In mezzo a questo accattivante design all-over c'\u00e8 il corpo di serpente di Quetzalcoatl, una rappresentazione della forza fisica dell'umanit\u00e0. Gli inserti in mesh e la tecnologia AEROREADY che assorbe l'umidit\u00e0 garantiscono una calzata confortevole. E il nuovissimo logo del club \u00e8 una dichiarazione d'amore per i tifosi.<\/p>\n<p>La maglia da trasferta dell'Adidas Mexico 2022 World Cup \u00e8 di colore \"Wonder White\", combinato con il rosso per i loghi e le 3 strisce, e la particolarit\u00e0 della nuova maglia da trasferta di Mexico 2022 \u00e8 un motivo all-over ispirato a Quetzalcoatl, il \"Serpente Piumato\".<\/p>\n<p>Suggerimenti per la stampa: Se il nome e il numero dell'immagine sono esattamente quelli desiderati, non \u00e8 necessario inserirli nuovamente. In caso contrario, \u00e8 necessario inserire il nome e il numero desiderati.<\/p>\n<p>Consigli per il lavaggio: Si consiglia di lavare le magliette da calcio a mano. Se si desidera utilizzare la lavatrice, ricordarsi di capovolgere le magliette da calcio e poi lavarle. Riempire la macchina con acqua fredda e utilizzare un ciclo delicato per proteggere meglio i colori.<\/p>","protected":false},"excerpt":{"rendered":"<p>Invoca il tuo spirito combattivo per arrivare fino alla siringa mondiale del calcio. Per questo abbiamo dato a questa maglia da trasferta adidas Messico per bambini e adolescenti un aspetto ispirato a Mixteken e alle divinit\u00e0 azteche. In mezzo a questo design vistoso in tutto il tessuto si pu\u00f2 trovare anche il corpo serpente di Quetzalcoatl \u2013 una rappresentazione delle capacit\u00e0 fisiche dell'umanit\u00e0. Gli inserti in mesh e l'assorbimento dell'umidit\u00e0 [...]<\/p>","protected":false},"featured_media":11253,"comment_status":"open","ping_status":"closed","template":"","meta":[],"product_brand":[],"product_cat":[251],"product_tag":[20,21,22,23,24,252,360],"class_list":{"0":"post-11216","1":"product","2":"type-product","3":"status-publish","4":"has-post-thumbnail","6":"product_cat-mexiko-trikots","7":"product_tag-coole-fussballtrikots","8":"product_tag-fussballtrikot-fuer-herren","9":"product_tag-fussballtrikot-guenstig-kaufen","10":"product_tag-fussballtrikot-kurzarm","11":"product_tag-guenstiges-fussballtrikot","12":"product_tag-mexiko-2022-trikots","13":"product_tag-mexiko-2022-wm-auswaertstrikot","15":"first","16":"instock","17":"shipping-taxable","18":"purchasable","19":"product-type-variable"},"_links":{"self":[{"href":"https:\/\/www.billigtrikotde.com\/it\/wp-json\/wp\/v2\/product\/11216","targetHints":{"allow":["GET"]}}],"collection":[{"href":"https:\/\/www.billigtrikotde.com\/it\/wp-json\/wp\/v2\/product"}],"about":[{"href":"https:\/\/www.billigtrikotde.com\/it\/wp-json\/wp\/v2\/types\/product"}],"replies":[{"embeddable":true,"href":"https:\/\/www.billigtrikotde.com\/it\/wp-json\/wp\/v2\/comments?post=11216"}],"wp:featuredmedia":[{"embeddable":true,"href":"https:\/\/www.billigtrikotde.com\/it\/wp-json\/wp\/v2\/media\/11253"}],"wp:attachment":[{"href":"https:\/\/www.billigtrikotde.com\/it\/wp-json\/wp\/v2\/media?parent=11216"}],"wp:term":[{"taxonomy":"product_brand","embeddable":true,"href":"https:\/\/www.billigtrikotde.com\/it\/wp-json\/wp\/v2\/product_brand?post=11216"},{"taxonomy":"product_cat","embeddable":true,"href":"https:\/\/www.billigtrikotde.com\/it\/wp-json\/wp\/v2\/product_cat?post=11216"},{"taxonomy":"product_tag","embeddable":true,"href":"https:\/\/www.billigtrikotde.com\/it\/wp-json\/wp\/v2\/product_tag?post=11216"}],"curies":[{"name":"wp","href":"https:\/\/api.w.org\/{rel}","templated":true}]}}