{"id":11135,"date":"2024-10-24T03:56:04","date_gmt":"2024-10-24T01:56:04","guid":{"rendered":"http:\/\/billigtrikots.com\/?post_type=product&#038;p=11135"},"modified":"2024-10-24T03:58:43","modified_gmt":"2024-10-24T01:58:43","slug":"herren-paris-saint-germain-psg-2022-23-heimtrikot-kurzarm-kurze-hosen-mit-namen-di-maria-11","status":"publish","type":"product","link":"https:\/\/www.billigtrikotde.com\/it\/herren-paris-saint-germain-psg-2022-23-heimtrikot-kurzarm-kurze-hosen-mit-namen-di-maria-11\/","title":{"rendered":"Maglia Paris Saint Germain PSG 2022-23 Home Uomo Manica Corta + Pantaloncini con nome Di MARIA 11"},"content":{"rendered":"<p>Dopo la maglia a tinta unita 21-22, la maglia Nike PSG 2022-23 \u00e8 blu con una striscia centrale bianca circondata da strisce rosse pi\u00f9 sottili - un Hechter al contrario, per intenderci. Il retro \u00e8 blu pieno e i loghi della maglia Paris Saint-Germain 22-23 sono centrati, con lo swoosh sotto lo stemma del club. Il modello della maglia Nike PSG 2022-23 sembra essere lo stesso della maglia del Tottenham.<\/p>\n<p>Suggerimenti per la stampa: Se il nome e il numero dell'immagine sono esattamente quelli desiderati, non \u00e8 necessario inserirli nuovamente. In caso contrario, \u00e8 necessario inserire il nome e il numero desiderati.<\/p>\n<p>Consigli per il lavaggio: Si consiglia di lavare le magliette da calcio a mano. Se si desidera utilizzare la lavatrice, ricordarsi di capovolgere le magliette da calcio e poi lavarle. Riempire la macchina con acqua fredda e utilizzare un ciclo delicato per proteggere meglio i colori.<\/p>","protected":false},"excerpt":{"rendered":"<p>Nach dem einfarbigen Trikot von 21-22 ist das Nike PSG Trikot 2022-23 blau mit einem wei\u00dfen Mittelstreifen, der von d\u00fcnneren roten Streifen umgeben ist \u2013 ein umgekehrter Hechter, wenn du so willst. Die R\u00fcckseite ist einfarbig blau.Die Logos auf dem Paris Saint-Germain 22-23 Trikot sind mittig platziert, wobei der Swoosh unter dem Vereinswappen zu sehen [&hellip;]<\/p>","protected":false},"featured_media":11176,"comment_status":"open","ping_status":"closed","template":"","meta":[],"product_brand":[],"product_cat":[39],"product_tag":[286,20,395,43,21,22,426,24,41,244,290],"class_list":{"0":"post-11135","1":"product","2":"type-product","3":"status-publish","4":"has-post-thumbnail","6":"product_cat-paris-saint-germain","7":"product_tag-alle-neuen-psg-trikots","8":"product_tag-coole-fussballtrikots","9":"product_tag-fussball-langarmtrikots","10":"product_tag-fussballkleidung","11":"product_tag-fussballtrikot-fuer-herren","12":"product_tag-fussballtrikot-guenstig-kaufen","13":"product_tag-fussballtrikots-kurzarm","14":"product_tag-guenstiges-fussballtrikot","15":"product_tag-paris-saint-germain-trikots","16":"product_tag-psg-trikot-2022-23","17":"product_tag-psg-trikot-2022-23-fussballtrikots","19":"first","20":"instock","21":"shipping-taxable","22":"purchasable","23":"product-type-variable"},"_links":{"self":[{"href":"https:\/\/www.billigtrikotde.com\/it\/wp-json\/wp\/v2\/product\/11135","targetHints":{"allow":["GET"]}}],"collection":[{"href":"https:\/\/www.billigtrikotde.com\/it\/wp-json\/wp\/v2\/product"}],"about":[{"href":"https:\/\/www.billigtrikotde.com\/it\/wp-json\/wp\/v2\/types\/product"}],"replies":[{"embeddable":true,"href":"https:\/\/www.billigtrikotde.com\/it\/wp-json\/wp\/v2\/comments?post=11135"}],"wp:featuredmedia":[{"embeddable":true,"href":"https:\/\/www.billigtrikotde.com\/it\/wp-json\/wp\/v2\/media\/11176"}],"wp:attachment":[{"href":"https:\/\/www.billigtrikotde.com\/it\/wp-json\/wp\/v2\/media?parent=11135"}],"wp:term":[{"taxonomy":"product_brand","embeddable":true,"href":"https:\/\/www.billigtrikotde.com\/it\/wp-json\/wp\/v2\/product_brand?post=11135"},{"taxonomy":"product_cat","embeddable":true,"href":"https:\/\/www.billigtrikotde.com\/it\/wp-json\/wp\/v2\/product_cat?post=11135"},{"taxonomy":"product_tag","embeddable":true,"href":"https:\/\/www.billigtrikotde.com\/it\/wp-json\/wp\/v2\/product_tag?post=11135"}],"curies":[{"name":"wp","href":"https:\/\/api.w.org\/{rel}","templated":true}]}}