{"id":10858,"date":"2024-10-24T03:40:18","date_gmt":"2024-10-24T01:40:18","guid":{"rendered":"http:\/\/billigtrikots.com\/?post_type=product&#038;p=10858"},"modified":"2024-10-24T03:42:58","modified_gmt":"2024-10-24T01:42:58","slug":"herren-argentinien-fussball-wm-2022-world-cup-heimtrikots-mit-aufdruck-dybala-21","status":"publish","type":"product","link":"https:\/\/www.billigtrikotde.com\/it\/herren-argentinien-fussball-wm-2022-world-cup-heimtrikots-mit-aufdruck-dybala-21\/","title":{"rendered":"Maglia Argentina 2022 Home Cup da uomo con stampa DYBALA 21"},"content":{"rendered":"<p>La nuova maglia dell'Argentina per il 2022 \u00e8 prevalentemente bianca con loghi neri, tra cui il nuovissimo logo Adidas, che fa il suo debutto nel calcio con le maglie della Coppa del Mondo 2022. Le strisce della nuova maglia dell'Argentina per i Mondiali 2022 sono classiche, ma solo sul davanti. Le strisce sul retro sono davvero insolite: invece di essere della stessa larghezza, ci sono due strisce celesti pi\u00f9 sottili al centro e due pi\u00f9 larghe sui lati esterni della maglia. Queste strisce pi\u00f9 larghe sono circa tre volte pi\u00f9 larghe di quelle centrali e sono state progettate per assomigliare alla bandiera argentina. Sempre sulla base della bandiera, il Sol de Mayo, l'emblema nazionale argentino, si trova sul retro sotto il colletto.<\/p>\n<p>Suggerimenti per la stampa: Se il nome e il numero dell'immagine sono esattamente quelli desiderati, non \u00e8 necessario inserirli nuovamente. In caso contrario, \u00e8 necessario inserire il nome e il numero desiderati.<\/p>\n<p>Consigli per il lavaggio: Si consiglia di lavare le magliette da calcio a mano. Se si desidera utilizzare la lavatrice, ricordarsi di capovolgere le magliette da calcio e poi lavarle. Riempire la macchina con acqua fredda e utilizzare un ciclo delicato per proteggere meglio i colori.<\/p>","protected":false},"excerpt":{"rendered":"<p>Argentiniens neues Trikot f\u00fcr 2022 ist \u00fcberwiegend wei\u00df mit schwarzen Logos \u2013 darunter das brandneue Adidas-Logo, das mit den WM-Trikots 2022 sein Fu\u00dfballdeb\u00fct feiert.Die Streifen auf dem neuen Argentinien 2022 World Cup Trikot sind klassisch, aber nur auf der Vorderseite. Die Streifen auf der R\u00fcckseite sind wirklich ungew\u00f6hnlich: Anstatt gleich breit zu sein, gibt es [&hellip;]<\/p>","protected":false},"featured_media":10901,"comment_status":"open","ping_status":"closed","template":"","meta":[],"product_brand":[],"product_cat":[325],"product_tag":[356,421,422,20,21,22,23,24,423,424,425],"class_list":{"0":"post-10858","1":"product","2":"type-product","3":"status-publish","4":"has-post-thumbnail","6":"product_cat-argentinien-trikots","7":"product_tag-argentinien-trikots","8":"product_tag-argentinien-wm-2022-heimtrikots","9":"product_tag-argentiniens-neues-trikot-fuer-2022","10":"product_tag-coole-fussballtrikots","11":"product_tag-fussballtrikot-fuer-herren","12":"product_tag-fussballtrikot-guenstig-kaufen","13":"product_tag-fussballtrikot-kurzarm","14":"product_tag-guenstiges-fussballtrikot","15":"product_tag-heimtrikots-fuer-die-wm-2022","16":"product_tag-neue-argentinien-trikot","17":"product_tag-neuen-argentinien-wm-2022-trikot","19":"first","20":"instock","21":"shipping-taxable","22":"purchasable","23":"product-type-variable"},"_links":{"self":[{"href":"https:\/\/www.billigtrikotde.com\/it\/wp-json\/wp\/v2\/product\/10858","targetHints":{"allow":["GET"]}}],"collection":[{"href":"https:\/\/www.billigtrikotde.com\/it\/wp-json\/wp\/v2\/product"}],"about":[{"href":"https:\/\/www.billigtrikotde.com\/it\/wp-json\/wp\/v2\/types\/product"}],"replies":[{"embeddable":true,"href":"https:\/\/www.billigtrikotde.com\/it\/wp-json\/wp\/v2\/comments?post=10858"}],"wp:featuredmedia":[{"embeddable":true,"href":"https:\/\/www.billigtrikotde.com\/it\/wp-json\/wp\/v2\/media\/10901"}],"wp:attachment":[{"href":"https:\/\/www.billigtrikotde.com\/it\/wp-json\/wp\/v2\/media?parent=10858"}],"wp:term":[{"taxonomy":"product_brand","embeddable":true,"href":"https:\/\/www.billigtrikotde.com\/it\/wp-json\/wp\/v2\/product_brand?post=10858"},{"taxonomy":"product_cat","embeddable":true,"href":"https:\/\/www.billigtrikotde.com\/it\/wp-json\/wp\/v2\/product_cat?post=10858"},{"taxonomy":"product_tag","embeddable":true,"href":"https:\/\/www.billigtrikotde.com\/it\/wp-json\/wp\/v2\/product_tag?post=10858"}],"curies":[{"name":"wp","href":"https:\/\/api.w.org\/{rel}","templated":true}]}}