{"id":10615,"date":"2024-10-24T03:27:30","date_gmt":"2024-10-24T01:27:30","guid":{"rendered":"http:\/\/billigtrikots.com\/?post_type=product&#038;p=10615"},"modified":"2024-10-24T03:30:13","modified_gmt":"2024-10-24T01:30:13","slug":"kaufe-herren-fussballtrikots-kroatien-wm-2022-trikot-online-trikotsatz-modric-10","status":"publish","type":"product","link":"https:\/\/www.billigtrikotde.com\/it\/kaufe-herren-fussballtrikots-kroatien-wm-2022-trikot-online-trikotsatz-modric-10\/","title":{"rendered":"Acquista Maglie Calcio Uomo Croazia Coppa del Mondo 2022 Shirt Online Kit MODRIC 10"},"content":{"rendered":"<p>La maglia Nike Croazia 2022 propone un'interpretazione insolita delle iconiche scacchi rosse e bianche. Nike combina i due colori principali con \u00abBattle Blue\u00bb per applicazioni. Mentre le maniche della maglia Croazia 2022 per la Mondiale in casa presentano normali scacchi, la parte anteriore (e probabilmente anche la parte posteriore) \u00e8 prevalentemente bianca, con molti degli scacchi rossi eliminati. Per quanto riguarda il modello, la maglia Nike Croazia 2022 per la Mondiale utilizza la stessa base di altre maglie Nike 2022 per la Mondiale. Il campo sotto il retro del collo \u00e8 monocromatico bianco.<\/p>\n<p>Suggerimenti per la stampa: Se il nome e il numero dell'immagine sono esattamente quelli desiderati, non \u00e8 necessario inserirli nuovamente. In caso contrario, \u00e8 necessario inserire il nome e il numero desiderati.<\/p>\n<p>Consigli per il lavaggio: Si consiglia di lavare le magliette da calcio a mano. Se si desidera utilizzare la lavatrice, ricordarsi di capovolgere le magliette da calcio e poi lavarle. Riempire la macchina con acqua fredda e utilizzare un ciclo delicato per proteggere meglio i colori.<\/p>","protected":false},"excerpt":{"rendered":"<p>Das Nike Kroatien 2022 Trikot bringt eine ungew\u00f6hnliche Interpretation der kultigen roten und wei\u00dfen Karos. Nike kombiniert die beiden Hauptfarben mit &#8222;Battle Blue&#8220; f\u00fcr Applikationen.W\u00e4hrend die \u00c4rmel des Kroatien 2022 WM-Heimtrikots regul\u00e4re Karos aufweisen, ist die Vorderseite (und wahrscheinlich auch die R\u00fcckseite) \u00fcberwiegend wei\u00df, wobei viele der roten Karos weggelassen wurden.Von der Template her verwendet [&hellip;]<\/p>","protected":false},"featured_media":10651,"comment_status":"open","ping_status":"closed","template":"","meta":[],"product_brand":[],"product_cat":[261],"product_tag":[20,35,21,22,23,24,381,263,264],"class_list":{"0":"post-10615","1":"product","2":"type-product","3":"status-publish","4":"has-post-thumbnail","6":"product_cat-kroatien-trikots","7":"product_tag-coole-fussballtrikots","8":"product_tag-fussball-torwarttrikots","9":"product_tag-fussballtrikot-fuer-herren","10":"product_tag-fussballtrikot-guenstig-kaufen","11":"product_tag-fussballtrikot-kurzarm","12":"product_tag-guenstiges-fussballtrikot","13":"product_tag-kroatien-2022-world-cup-heimtrikot","14":"product_tag-kroatien-trikot-herren","15":"product_tag-kroatien-trikots","17":"first","18":"instock","19":"shipping-taxable","20":"purchasable","21":"product-type-variable"},"_links":{"self":[{"href":"https:\/\/www.billigtrikotde.com\/it\/wp-json\/wp\/v2\/product\/10615","targetHints":{"allow":["GET"]}}],"collection":[{"href":"https:\/\/www.billigtrikotde.com\/it\/wp-json\/wp\/v2\/product"}],"about":[{"href":"https:\/\/www.billigtrikotde.com\/it\/wp-json\/wp\/v2\/types\/product"}],"replies":[{"embeddable":true,"href":"https:\/\/www.billigtrikotde.com\/it\/wp-json\/wp\/v2\/comments?post=10615"}],"wp:featuredmedia":[{"embeddable":true,"href":"https:\/\/www.billigtrikotde.com\/it\/wp-json\/wp\/v2\/media\/10651"}],"wp:attachment":[{"href":"https:\/\/www.billigtrikotde.com\/it\/wp-json\/wp\/v2\/media?parent=10615"}],"wp:term":[{"taxonomy":"product_brand","embeddable":true,"href":"https:\/\/www.billigtrikotde.com\/it\/wp-json\/wp\/v2\/product_brand?post=10615"},{"taxonomy":"product_cat","embeddable":true,"href":"https:\/\/www.billigtrikotde.com\/it\/wp-json\/wp\/v2\/product_cat?post=10615"},{"taxonomy":"product_tag","embeddable":true,"href":"https:\/\/www.billigtrikotde.com\/it\/wp-json\/wp\/v2\/product_tag?post=10615"}],"curies":[{"name":"wp","href":"https:\/\/api.w.org\/{rel}","templated":true}]}}