{"id":10076,"date":"2024-10-24T02:59:58","date_gmt":"2024-10-24T00:59:58","guid":{"rendered":"http:\/\/billigtrikots.com\/?post_type=product&#038;p=10076"},"modified":"2024-10-24T03:02:14","modified_gmt":"2024-10-24T01:02:14","slug":"herren-argentinien-fifa-wm-katar-2022-auswaertstrikot-lila-kurzarm-trainingsanzug-dybala-21","status":"publish","type":"product","link":"https:\/\/www.billigtrikotde.com\/it\/herren-argentinien-fifa-wm-katar-2022-auswaertstrikot-lila-kurzarm-trainingsanzug-dybala-21\/","title":{"rendered":"Maglia Argentina FIFA World Cup Qatar 2022 Away Uomo Viola Tuta a maniche corte DYBALA 21"},"content":{"rendered":"<p>La maglia da trasferta dei Mondiali di Argentina 2022 combina due diverse tonalit\u00e0 di viola con dettagli in argento, come i loghi Adidas e dell'associazione. I colori ufficiali sono \"Legacy Indigo\/Purple Rush\" e il Sol de Argentina in argento chiaro si trova sul retro sotto il colletto, come la maglia, mentre le 3 strisce sulle spalle della nuova maglia da trasferta Argentina World Cup 2022 sono in un sottile viola chiaro. Per completare il look, la maglia da trasferta dell'Argentina World Cup 2022 presenta una leggera grafica sul davanti, anch'essa ispirata al Sol de Mayo.<\/p>\n<p>Suggerimenti per la stampa: Se il nome e il numero dell'immagine sono esattamente quelli desiderati, non \u00e8 necessario inserirli nuovamente. In caso contrario, \u00e8 necessario inserire il nome e il numero desiderati.<\/p>\n<p>Consigli per il lavaggio: Si consiglia di lavare le magliette da calcio a mano. Se si desidera utilizzare la lavatrice, ricordarsi di capovolgere le magliette da calcio e poi lavarle. Riempire la macchina con acqua fredda e utilizzare un ciclo delicato per proteggere meglio i colori.<\/p>","protected":false},"excerpt":{"rendered":"<p>Das Argentinien WM 2022 Ausw\u00e4rtstrikot kombiniert zwei verschiedene Lila-T\u00f6ne mit silbernen Details, wie dem Adidas- und dem Verbandslogo. Offiziell lauten die Farben \u201eLegacy Indigo\/Purple Rush\u201c.Das Sol de Argentina in hellem Silber befindet sich auf der R\u00fcckseite unter dem Kragen, \u00e4hnlich wie beim Trikot.Die 3 Streifen auf den Schultern des neuen Argentinien WM 2022 Ausw\u00e4rtstrikots sind [&hellip;]<\/p>","protected":false},"featured_media":10117,"comment_status":"open","ping_status":"closed","template":"","meta":[],"product_brand":[],"product_cat":[325],"product_tag":[356,357,358,20,407,21,22,23,24],"class_list":{"0":"post-10076","1":"product","2":"type-product","3":"status-publish","4":"has-post-thumbnail","6":"product_cat-argentinien-trikots","7":"product_tag-argentinien-trikots","8":"product_tag-argentinien-wm-2022-auswaertstrikot","9":"product_tag-auswaertstrikot-fuer-die-wm-2022","10":"product_tag-coole-fussballtrikots","11":"product_tag-fifa-wm-katar-2022-trikot","12":"product_tag-fussballtrikot-fuer-herren","13":"product_tag-fussballtrikot-guenstig-kaufen","14":"product_tag-fussballtrikot-kurzarm","15":"product_tag-guenstiges-fussballtrikot","17":"first","18":"instock","19":"shipping-taxable","20":"purchasable","21":"product-type-variable"},"_links":{"self":[{"href":"https:\/\/www.billigtrikotde.com\/it\/wp-json\/wp\/v2\/product\/10076","targetHints":{"allow":["GET"]}}],"collection":[{"href":"https:\/\/www.billigtrikotde.com\/it\/wp-json\/wp\/v2\/product"}],"about":[{"href":"https:\/\/www.billigtrikotde.com\/it\/wp-json\/wp\/v2\/types\/product"}],"replies":[{"embeddable":true,"href":"https:\/\/www.billigtrikotde.com\/it\/wp-json\/wp\/v2\/comments?post=10076"}],"wp:featuredmedia":[{"embeddable":true,"href":"https:\/\/www.billigtrikotde.com\/it\/wp-json\/wp\/v2\/media\/10117"}],"wp:attachment":[{"href":"https:\/\/www.billigtrikotde.com\/it\/wp-json\/wp\/v2\/media?parent=10076"}],"wp:term":[{"taxonomy":"product_brand","embeddable":true,"href":"https:\/\/www.billigtrikotde.com\/it\/wp-json\/wp\/v2\/product_brand?post=10076"},{"taxonomy":"product_cat","embeddable":true,"href":"https:\/\/www.billigtrikotde.com\/it\/wp-json\/wp\/v2\/product_cat?post=10076"},{"taxonomy":"product_tag","embeddable":true,"href":"https:\/\/www.billigtrikotde.com\/it\/wp-json\/wp\/v2\/product_tag?post=10076"}],"curies":[{"name":"wp","href":"https:\/\/api.w.org\/{rel}","templated":true}]}}