{"id":1000,"date":"2024-10-23T13:12:13","date_gmt":"2024-10-23T11:12:13","guid":{"rendered":"http:\/\/billigtrikots.com\/?post_type=product&#038;p=1000"},"modified":"2024-10-23T13:13:38","modified_gmt":"2024-10-23T11:13:38","slug":"real-madrid-heimtrikot-2022-weiss-langarm-trikotsatz-mit-aufdruck-benzema-9","status":"publish","type":"product","link":"https:\/\/www.billigtrikotde.com\/it\/real-madrid-heimtrikot-2022-weiss-langarm-trikotsatz-mit-aufdruck-benzema-9\/","title":{"rendered":"Maglia Real Madrid home 2022 bianca a maniche lunghe con stampa Benzema 9"},"content":{"rendered":"<p>Sostenete la vostra squadra del cuore fino in fondo con la nuova maglia da uomo dei \"Royals\". Di colore bianco brillante, \u00e8 impreziosita dai dettagli del marchio a-didas e dalle scritte degli sponsor e presenta l'orgoglioso stemma del club nei colori autentici della squadra sul lato del cuore.<\/p>\n<p>Realizzata in materiale AEROREADY altamente funzionale, la maglia ufficiale offre anche un'eccellente gestione del calore e dell'umidit\u00e0. \u00c8 morbida e leggera sulla pelle e si asciuga particolarmente rapidamente per garantire sempre un comfort ottimale. Le zone traspiranti assicurano inoltre una ventilazione ottimale. La vestibilit\u00e0 replica \u00e8 inoltre leggermente pi\u00f9 ampia rispetto alla maglia da giocatore originale, la versione streetwear, per cos\u00ec dire, e offre quindi la massima libert\u00e0 di movimento sia durante il tifo che durante gli allenamenti. Il poliestere riciclato 100% non \u00e8 solo resistente e durevole, ma anche altamente sostenibile!<\/p>\n<p>Quindi non aspettare e prendila subito! Mettete subito le mani sulla popolare maglia a-didas Real Madrid 2021\/22 in bianco brillante! Con questa maglia non avrai dubbi sulla tua fedelt\u00e0 e sosterrai la tua squadra con tutto il cuore!<\/p>\n<p>Suggerimenti per la stampa: Se il nome e il numero dell'immagine sono esattamente quelli desiderati, non \u00e8 necessario inserirli nuovamente. In caso contrario, \u00e8 necessario inserire il nome e il numero desiderati.<\/p>\n<p>Consigli per il lavaggio: Si consiglia di lavare le magliette da calcio a mano. Se si desidera utilizzare la lavatrice, ricordarsi di capovolgere le magliette da calcio e poi lavarle. Riempire la macchina con acqua fredda e utilizzare un ciclo delicato per proteggere meglio i colori.<\/p>","protected":false},"excerpt":{"rendered":"<p>Nella nuova maglia casalinga da uomo dei \u201eReali\u201c supporti la tua squadra del cuore in ogni aspetto. Si presenta in un bianco brillante ed \u00e8 impreziosita dai dettagli del marchio a-didas, come anche dalla scritta dello sponsor, e sulla parte del cuore porta lo stemma del club orgoglioso nei colori autentici della squadra. Realizzata con il materiale altamente funzionale AEROREADY, questa maglia ufficiale ti offre anche un'eccellente [\u2026]<\/p>","protected":false},"featured_media":1031,"comment_status":"open","ping_status":"closed","template":"","meta":[],"product_brand":[],"product_cat":[45],"product_tag":[20,38,21,24,47],"class_list":{"0":"post-1000","1":"product","2":"type-product","3":"status-publish","4":"has-post-thumbnail","6":"product_cat-real-madrid","7":"product_tag-coole-fussballtrikots","8":"product_tag-fussball-trikot-langarm","9":"product_tag-fussballtrikot-fuer-herren","10":"product_tag-guenstiges-fussballtrikot","11":"product_tag-real-madrid-trikots","13":"first","14":"instock","15":"shipping-taxable","16":"purchasable","17":"product-type-variable"},"_links":{"self":[{"href":"https:\/\/www.billigtrikotde.com\/it\/wp-json\/wp\/v2\/product\/1000","targetHints":{"allow":["GET"]}}],"collection":[{"href":"https:\/\/www.billigtrikotde.com\/it\/wp-json\/wp\/v2\/product"}],"about":[{"href":"https:\/\/www.billigtrikotde.com\/it\/wp-json\/wp\/v2\/types\/product"}],"replies":[{"embeddable":true,"href":"https:\/\/www.billigtrikotde.com\/it\/wp-json\/wp\/v2\/comments?post=1000"}],"wp:featuredmedia":[{"embeddable":true,"href":"https:\/\/www.billigtrikotde.com\/it\/wp-json\/wp\/v2\/media\/1031"}],"wp:attachment":[{"href":"https:\/\/www.billigtrikotde.com\/it\/wp-json\/wp\/v2\/media?parent=1000"}],"wp:term":[{"taxonomy":"product_brand","embeddable":true,"href":"https:\/\/www.billigtrikotde.com\/it\/wp-json\/wp\/v2\/product_brand?post=1000"},{"taxonomy":"product_cat","embeddable":true,"href":"https:\/\/www.billigtrikotde.com\/it\/wp-json\/wp\/v2\/product_cat?post=1000"},{"taxonomy":"product_tag","embeddable":true,"href":"https:\/\/www.billigtrikotde.com\/it\/wp-json\/wp\/v2\/product_tag?post=1000"}],"curies":[{"name":"wp","href":"https:\/\/api.w.org\/{rel}","templated":true}]}}