{"id":9905,"date":"2024-10-24T02:51:02","date_gmt":"2024-10-24T00:51:02","guid":{"rendered":"http:\/\/billigtrikots.com\/?post_type=product&#038;p=9905"},"modified":"2024-10-24T02:53:17","modified_gmt":"2024-10-24T00:53:17","slug":"herren-brasilien-fifa-wm-katar-2022-auswaertstrikot-blau-kurzarm-mit-aufdruck-danilo-2","status":"publish","type":"product","link":"https:\/\/www.billigtrikotde.com\/hr\/herren-brasilien-fifa-wm-katar-2022-auswaertstrikot-blau-kurzarm-mit-aufdruck-danilo-2\/","title":{"rendered":"Mu\u0161ki Brazil FIFA Svjetsko prvenstvo Katar 2022 gostuju\u0107i dres plavi kratki rukav s natpisom DANILO 2"},"content":{"rendered":"<p>Nike Brazil 2022 Svjetsko prvenstvo gostuju\u0107i dres kombinira plavu osnovnu boju s svijetlozelenim swooshom.<\/p>\n<p>Savjeti za ispis: Ako ime i broj na slici to\u010dno odgovaraju va\u0161im \u017eeljama, ne morate ih ponovno unositi. Ako ne, unesite \u017eeljeno ime i broj.<\/p>\n<p>Savjeti za pranje: Preporu\u010duje se ru\u010dno pranje nogometnih dresova. Ako \u017eelite koristiti perilicu, sjetite se okrenuti dresove naopako prije pranja. Napunite perilicu hladnom vodom i koristite program za osjetljive tkanine kako biste bolje za\u0161titili boje.<\/p>","protected":false},"excerpt":{"rendered":"<p>Das Nike Brasilien 2022 World Cup Ausw\u00e4rtstrikot kombiniert eine blaue Grundfarbe mit hellgr\u00fcnem Swoosh. Tipps zum Drucken: Wenn der Name und die Nummer auf dem Bild genau Ihren W\u00fcnschen entsprechen, m\u00fcssen Sie sie nicht erneut eingeben. Wenn nicht, sollten Sie Ihren gew\u00fcnschten Namen und Ihre Nummer eingeben. Tipps zum Waschen: Es wird empfohlen, Fu\u00dfballtrikots von [&hellip;]<\/p>","protected":false},"featured_media":9945,"comment_status":"open","ping_status":"closed","template":"","meta":[],"product_brand":[],"product_cat":[112],"product_tag":[20,113,114,405,407,222,21,22,23,24],"class_list":{"0":"post-9905","1":"product","2":"type-product","3":"status-publish","4":"has-post-thumbnail","6":"product_cat-brasilien-trikots","7":"product_tag-coole-fussballtrikots","8":"product_tag-brasilien-heimtrikot","9":"product_tag-brasilien-trikots","10":"product_tag-fifa-wm-katar-2022","11":"product_tag-fifa-wm-katar-2022-trikot","12":"product_tag-fussball-wm-2022-trikots","13":"product_tag-fussballtrikot-fuer-herren","14":"product_tag-fussballtrikot-guenstig-kaufen","15":"product_tag-fussballtrikot-kurzarm","16":"product_tag-guenstiges-fussballtrikot","18":"first","19":"instock","20":"shipping-taxable","21":"purchasable","22":"product-type-variable"},"_links":{"self":[{"href":"https:\/\/www.billigtrikotde.com\/hr\/wp-json\/wp\/v2\/product\/9905","targetHints":{"allow":["GET"]}}],"collection":[{"href":"https:\/\/www.billigtrikotde.com\/hr\/wp-json\/wp\/v2\/product"}],"about":[{"href":"https:\/\/www.billigtrikotde.com\/hr\/wp-json\/wp\/v2\/types\/product"}],"replies":[{"embeddable":true,"href":"https:\/\/www.billigtrikotde.com\/hr\/wp-json\/wp\/v2\/comments?post=9905"}],"wp:featuredmedia":[{"embeddable":true,"href":"https:\/\/www.billigtrikotde.com\/hr\/wp-json\/wp\/v2\/media\/9945"}],"wp:attachment":[{"href":"https:\/\/www.billigtrikotde.com\/hr\/wp-json\/wp\/v2\/media?parent=9905"}],"wp:term":[{"taxonomy":"product_brand","embeddable":true,"href":"https:\/\/www.billigtrikotde.com\/hr\/wp-json\/wp\/v2\/product_brand?post=9905"},{"taxonomy":"product_cat","embeddable":true,"href":"https:\/\/www.billigtrikotde.com\/hr\/wp-json\/wp\/v2\/product_cat?post=9905"},{"taxonomy":"product_tag","embeddable":true,"href":"https:\/\/www.billigtrikotde.com\/hr\/wp-json\/wp\/v2\/product_tag?post=9905"}],"curies":[{"name":"wp","href":"https:\/\/api.w.org\/{rel}","templated":true}]}}