{"id":9792,"date":"2024-10-24T02:45:09","date_gmt":"2024-10-24T00:45:09","guid":{"rendered":"http:\/\/billigtrikots.com\/?post_type=product&#038;p=9792"},"modified":"2024-10-24T02:47:25","modified_gmt":"2024-10-24T00:47:25","slug":"england-fifa-wm-katar-2022-weiss-blau-herren-heimtrikot-mit-namen-sterling-10","status":"publish","type":"product","link":"https:\/\/www.billigtrikotde.com\/hr\/england-fifa-wm-katar-2022-weiss-blau-herren-heimtrikot-mit-namen-sterling-10\/","title":{"rendered":"England FIFA Svjetsko prvenstvo Katar 2022 bijeli plavi mu\u0161ki doma\u0107i dres s imenom STERLING 10"},"content":{"rendered":"<p>Svjetsko prvenstvo 2022 Nike doma\u0107e stadion Engleske, koji ima \u010distu bijelu podlogu, ve\u0107inu svoje prodaje ostvaruje putem prijelaza boja na raglan rukavima. Po\u010dev\u0161i iza ramena, bijela podloga polako prelazi u plavu boju, po\u010dev\u0161i od svijetle nijanse, prije nego \u0161to se spusti u vrlo tamnu nijansu oko okruglog izreza. Svijetle i tamne plave nijanse nanesene su na man\u017eete rukava u jasnom pola-pola dizajnu, nalik bojama gostuju\u0107eg dresa Hrvatske za navedenu godinu. Povijesno gledano, kori\u0161tena tamnoplava na neki na\u010din vra\u0107a atmosferu dresova iz 90-ih.<\/p>\n<p>Savjeti za ispis: Ako ime i broj na slici to\u010dno odgovaraju va\u0161im \u017eeljama, ne morate ih ponovno unositi. Ako ne, unesite \u017eeljeno ime i broj.<\/p>\n<p>Savjeti za pranje: Preporu\u010duje se ru\u010dno pranje nogometnih dresova. Ako \u017eelite koristiti perilicu, sjetite se okrenuti dresove naopako prije pranja. Napunite perilicu hladnom vodom i koristite program za osjetljive tkanine kako biste bolje za\u0161titili boje.<\/p>","protected":false},"excerpt":{"rendered":"<p>Nike ku\u0107ni stadion za Svjetsko prvenstvo 2022 Engleska, koji ima \u010distu bijelu osnovu, ve\u0107inu svoje prodaje ostvaruje putem prijelaza boja na raglan rukavima. Po\u010dev\u0161i iza ramena, bijela baza postupno prelazi u plavu boju, po\u010dev\u0161i s svijetlim tonom, prije nego \u0161to se pretvori u vrlo tamni ton.<\/p>","protected":false},"featured_media":9831,"comment_status":"open","ping_status":"closed","template":"","meta":[],"product_brand":[],"product_cat":[115],"product_tag":[20,363,116,407,21,22,23,24],"class_list":{"0":"post-9792","1":"product","2":"type-product","3":"status-publish","4":"has-post-thumbnail","6":"product_cat-england-trikots","7":"product_tag-coole-fussballtrikots","8":"product_tag-england-2022-world-cup-trikot","9":"product_tag-england-heimtrikot","10":"product_tag-fifa-wm-katar-2022-trikot","11":"product_tag-fussballtrikot-fuer-herren","12":"product_tag-fussballtrikot-guenstig-kaufen","13":"product_tag-fussballtrikot-kurzarm","14":"product_tag-guenstiges-fussballtrikot","16":"first","17":"instock","18":"shipping-taxable","19":"purchasable","20":"product-type-variable"},"_links":{"self":[{"href":"https:\/\/www.billigtrikotde.com\/hr\/wp-json\/wp\/v2\/product\/9792","targetHints":{"allow":["GET"]}}],"collection":[{"href":"https:\/\/www.billigtrikotde.com\/hr\/wp-json\/wp\/v2\/product"}],"about":[{"href":"https:\/\/www.billigtrikotde.com\/hr\/wp-json\/wp\/v2\/types\/product"}],"replies":[{"embeddable":true,"href":"https:\/\/www.billigtrikotde.com\/hr\/wp-json\/wp\/v2\/comments?post=9792"}],"wp:featuredmedia":[{"embeddable":true,"href":"https:\/\/www.billigtrikotde.com\/hr\/wp-json\/wp\/v2\/media\/9831"}],"wp:attachment":[{"href":"https:\/\/www.billigtrikotde.com\/hr\/wp-json\/wp\/v2\/media?parent=9792"}],"wp:term":[{"taxonomy":"product_brand","embeddable":true,"href":"https:\/\/www.billigtrikotde.com\/hr\/wp-json\/wp\/v2\/product_brand?post=9792"},{"taxonomy":"product_cat","embeddable":true,"href":"https:\/\/www.billigtrikotde.com\/hr\/wp-json\/wp\/v2\/product_cat?post=9792"},{"taxonomy":"product_tag","embeddable":true,"href":"https:\/\/www.billigtrikotde.com\/hr\/wp-json\/wp\/v2\/product_tag?post=9792"}],"curies":[{"name":"wp","href":"https:\/\/api.w.org\/{rel}","templated":true}]}}