{"id":9752,"date":"2024-10-24T02:43:16","date_gmt":"2024-10-24T00:43:16","guid":{"rendered":"http:\/\/billigtrikots.com\/?post_type=product&#038;p=9752"},"modified":"2024-10-24T02:45:35","modified_gmt":"2024-10-24T00:45:35","slug":"mexiko-fifa-wm-katar-2022-heimtrikot-gruen-kurzarm-mit-namen-jesus-c-17","status":"publish","type":"product","link":"https:\/\/www.billigtrikotde.com\/hr\/mexiko-fifa-wm-katar-2022-heimtrikot-gruen-kurzarm-mit-namen-jesus-c-17\/","title":{"rendered":"Meksiko FIFA Svjetsko prvenstvo Katar 2022 doma\u0107i dres zeleno kratkih rukava s imenom JESUS C.17"},"content":{"rendered":"<p>Prvi put nakon mnogo godina, Hrvatska \u0107e imati zeleno dres. Hrvatski dres za Svjetsko prvenstvo 2018. bio je zelen, a prijateljska utakmica protiv Argentine iste godine bila je posljednji put da je hrvatska A-reprezentacija nosila zeleno odijelo. Olimpijski dres, koji je nosila U24 reprezentacija ovog ljeta, a koji nije proizveden od strane Adidas...<br \/>\nAdidas Meksiko 2022 Svjetsko prvenstvo dres je zelen s bijelim hla\u010dama i crvenim \u010darapama, \u010dime vra\u0107a ikoni\u010dke boje Meksika.<\/p>\n<p>Najva\u017eniji dizajnerski element doma\u0107eg dresa Meksiko 2022 je suptilan grafi\u010dki uzorak na gornjem dijelu i rukavima, inspiriran od Quetzalcoatl-a.<br \/>\nU meksi\u010dkoj kulturi, Quetzalcoatl je bog vjetra, za\u0161titnik sve\u0107enika i izumitelj kalendara i knjiga. Povremeno se prikazuje i kao simbol smrti i uskrsnu\u0107a. Grafika Quetzalcoatl-a nalazi se i na stra\u017enjoj strani ispod ovratnika.<\/p>\n<p>Savjeti za ispis: Ako ime i broj na slici to\u010dno odgovaraju va\u0161im \u017eeljama, ne morate ih ponovno unositi. Ako ne, unesite \u017eeljeno ime i broj.<\/p>\n<p>Savjeti za pranje: Preporu\u010duje se ru\u010dno pranje nogometnih dresova. Ako \u017eelite koristiti perilicu, sjetite se okrenuti dresove naopako prije pranja. Napunite perilicu hladnom vodom i koristite program za osjetljive tkanine kako biste bolje za\u0161titili boje.<\/p>","protected":false},"excerpt":{"rendered":"<p>Prvi put nakon mnogo godina, Hrvatska \u0107e imati zeleno dres. Hrvatski dres za Svjetsko prvenstvo 2018. bio je zelen, a prijateljska utakmica protiv Argentine iste godine bila je posljednji put da je hrvatska A-reprezentacija nosila zeleno odijelo. Olimpijski dres, koji je nosila U24 reprezentacija ovog ljeta, a koji nije proizveden od strane Adidas...<\/p>","protected":false},"featured_media":9793,"comment_status":"open","ping_status":"closed","template":"","meta":[],"product_brand":[],"product_cat":[251],"product_tag":[20,405,21,22,23,24,252,406,253],"class_list":{"0":"post-9752","1":"product","2":"type-product","3":"status-publish","4":"has-post-thumbnail","6":"product_cat-mexiko-trikots","7":"product_tag-coole-fussballtrikots","8":"product_tag-fifa-wm-katar-2022","9":"product_tag-fussballtrikot-fuer-herren","10":"product_tag-fussballtrikot-guenstig-kaufen","11":"product_tag-fussballtrikot-kurzarm","12":"product_tag-guenstiges-fussballtrikot","13":"product_tag-mexiko-2022-trikots","14":"product_tag-mexiko-2022-wm-heimtrikot","15":"product_tag-mexiko-heimtrikot","17":"first","18":"instock","19":"shipping-taxable","20":"purchasable","21":"product-type-variable"},"_links":{"self":[{"href":"https:\/\/www.billigtrikotde.com\/hr\/wp-json\/wp\/v2\/product\/9752","targetHints":{"allow":["GET"]}}],"collection":[{"href":"https:\/\/www.billigtrikotde.com\/hr\/wp-json\/wp\/v2\/product"}],"about":[{"href":"https:\/\/www.billigtrikotde.com\/hr\/wp-json\/wp\/v2\/types\/product"}],"replies":[{"embeddable":true,"href":"https:\/\/www.billigtrikotde.com\/hr\/wp-json\/wp\/v2\/comments?post=9752"}],"wp:featuredmedia":[{"embeddable":true,"href":"https:\/\/www.billigtrikotde.com\/hr\/wp-json\/wp\/v2\/media\/9793"}],"wp:attachment":[{"href":"https:\/\/www.billigtrikotde.com\/hr\/wp-json\/wp\/v2\/media?parent=9752"}],"wp:term":[{"taxonomy":"product_brand","embeddable":true,"href":"https:\/\/www.billigtrikotde.com\/hr\/wp-json\/wp\/v2\/product_brand?post=9752"},{"taxonomy":"product_cat","embeddable":true,"href":"https:\/\/www.billigtrikotde.com\/hr\/wp-json\/wp\/v2\/product_cat?post=9752"},{"taxonomy":"product_tag","embeddable":true,"href":"https:\/\/www.billigtrikotde.com\/hr\/wp-json\/wp\/v2\/product_tag?post=9752"}],"curies":[{"name":"wp","href":"https:\/\/api.w.org\/{rel}","templated":true}]}}