{"id":9675,"date":"2024-10-24T02:39:11","date_gmt":"2024-10-24T00:39:11","guid":{"rendered":"http:\/\/billigtrikots.com\/?post_type=product&#038;p=9675"},"modified":"2024-10-24T02:41:55","modified_gmt":"2024-10-24T00:41:55","slug":"herren-italien-trikots-2022-23-heimtrikot-blau-kurzarm-mit-aufdruck-chiesa-14","status":"publish","type":"product","link":"https:\/\/www.billigtrikotde.com\/hr\/herren-italien-trikots-2022-23-heimtrikot-blau-kurzarm-mit-aufdruck-chiesa-14\/","title":{"rendered":"Mu\u0161ki dres Italije 2022-23 doma\u0107i dres plavi kratkih rukava s natpisom CHIESA 14"},"content":{"rendered":"<p>Doma\u0107i dres mom\u010dadi Azzurra 2022 prikazuje se u klasi\u010dnoj plavoj boji. \u010cetiri kvadrata na prednjoj strani dresa trebaju odati po\u010dast svakoj generaciji svjetskih prvaka Italije. Svaki kvadrat upu\u0107uje na svjetsko prvenstvo u godinama 1934., 1938., 1982. i 2006. Zlati detalji, kao i ovratnik koji je napravljen od boja talijanske trobojnice, dovr\u0161avaju dres.<\/p>\n<p>PUMA dres u plavoj boji omogu\u0107ava ti da nosi\u0161 boje svoje omiljene mom\u010dadi i svima poka\u017ee\u0161 za \u0161to se bori\u0161. Nije mogu\u0107e zamisliti kolekciju navija\u010dkih dresova bez ovog talijanskog dresa. Prozra\u010dni, lagani, upijaju\u0107i znoj i izuzetno udobni, ovi dresovi ostavljaju dobar dojam. Kod ovog sportskog topa mo\u017ee\u0161 se osloniti na vizualni izgled na grbu na prsima. S ovim dresom mo\u017ee\u0161 se savr\u0161eno pripremiti za svog sljede\u0107eg protivnika.<\/p>\n<p>Savjeti za ispis: Ako ime i broj na slici to\u010dno odgovaraju va\u0161im \u017eeljama, ne morate ih ponovno unositi. Ako ne, unesite \u017eeljeno ime i broj.<\/p>\n<p>Savjeti za pranje: Preporu\u010duje se ru\u010dno pranje nogometnih dresova. Ako \u017eelite koristiti perilicu, sjetite se okrenuti dresove naopako prije pranja. Napunite perilicu hladnom vodom i koristite program za osjetljive tkanine kako biste bolje za\u0161titili boje.<\/p>","protected":false},"excerpt":{"rendered":"<p>Doma\u0107i dres mom\u010dadi Azzurra 2022 prikazuje se u klasi\u010dnoj plavoj boji. \u010cetiri kvadrata na prednjoj strani dresa trebaju odati po\u010dast svakoj generaciji svjetskih prvaka Italije. Svaki kvadrat upu\u0107uje na svjetsko prvenstvo u godinama 1934., 1938., 1982. i 2006. Zlati detalji, kao i ovratnik koji je napravljen od boja talijanske trobojnice, dovr\u0161avaju dres.<\/p>","protected":false},"featured_media":9713,"comment_status":"open","ping_status":"closed","template":"","meta":[],"product_brand":[],"product_cat":[316],"product_tag":[20,21,22,23,24,404,317,318],"class_list":{"0":"post-9675","1":"product","2":"type-product","3":"status-publish","4":"has-post-thumbnail","6":"product_cat-italien-trikots","7":"product_tag-coole-fussballtrikots","8":"product_tag-fussballtrikot-fuer-herren","9":"product_tag-fussballtrikot-guenstig-kaufen","10":"product_tag-fussballtrikot-kurzarm","11":"product_tag-guenstiges-fussballtrikot","12":"product_tag-herren-italien-trikots","13":"product_tag-italien-heimtrikot","14":"product_tag-italien-trikots","16":"first","17":"instock","18":"shipping-taxable","19":"purchasable","20":"product-type-variable"},"_links":{"self":[{"href":"https:\/\/www.billigtrikotde.com\/hr\/wp-json\/wp\/v2\/product\/9675","targetHints":{"allow":["GET"]}}],"collection":[{"href":"https:\/\/www.billigtrikotde.com\/hr\/wp-json\/wp\/v2\/product"}],"about":[{"href":"https:\/\/www.billigtrikotde.com\/hr\/wp-json\/wp\/v2\/types\/product"}],"replies":[{"embeddable":true,"href":"https:\/\/www.billigtrikotde.com\/hr\/wp-json\/wp\/v2\/comments?post=9675"}],"wp:featuredmedia":[{"embeddable":true,"href":"https:\/\/www.billigtrikotde.com\/hr\/wp-json\/wp\/v2\/media\/9713"}],"wp:attachment":[{"href":"https:\/\/www.billigtrikotde.com\/hr\/wp-json\/wp\/v2\/media?parent=9675"}],"wp:term":[{"taxonomy":"product_brand","embeddable":true,"href":"https:\/\/www.billigtrikotde.com\/hr\/wp-json\/wp\/v2\/product_brand?post=9675"},{"taxonomy":"product_cat","embeddable":true,"href":"https:\/\/www.billigtrikotde.com\/hr\/wp-json\/wp\/v2\/product_cat?post=9675"},{"taxonomy":"product_tag","embeddable":true,"href":"https:\/\/www.billigtrikotde.com\/hr\/wp-json\/wp\/v2\/product_tag?post=9675"}],"curies":[{"name":"wp","href":"https:\/\/api.w.org\/{rel}","templated":true}]}}