{"id":9647,"date":"2024-10-24T02:37:55","date_gmt":"2024-10-24T00:37:55","guid":{"rendered":"http:\/\/billigtrikots.com\/?post_type=product&#038;p=9647"},"modified":"2024-10-24T02:40:12","modified_gmt":"2024-10-24T00:40:12","slug":"2022-uefa-european-england-womens-euro-heimtrikot-kurzarm-anpassbare-name-und-nummer","status":"publish","type":"product","link":"https:\/\/www.billigtrikotde.com\/hr\/2022-uefa-european-england-womens-euro-heimtrikot-kurzarm-anpassbare-name-und-nummer\/","title":{"rendered":"2022 UEFA Euro za \u017eene Engleska doma\u0107i dres kratkih rukava s prilagodljivim imenom i brojem"},"content":{"rendered":"<p>Nike England Women\u2019s Euro 2022 dres kombinira bijelu osnovnu boju s upe\u010datljivim, promjenjivim logotipima \u2013 prvi put da dres Engleske ima iridescentne logotipe. Osim promjenjivih logotipa, dizajn Nike England Women 2022 doma\u0107eg dresa je diskretan. Prekriven je vrlo suptilnim, blago sjaje\u0107im geometrijskim uzorkom. Savjeti za [\u2026]<\/p>\n<p>Savjeti za ispis: Ako ime i broj na slici to\u010dno odgovaraju va\u0161im \u017eeljama, ne morate ih ponovno unositi. Ako ne, unesite \u017eeljeno ime i broj.<\/p>\n<p>Savjeti za pranje: Preporu\u010duje se ru\u010dno pranje nogometnih dresova. Ako \u017eelite koristiti perilicu, sjetite se okrenuti dresove naopako prije pranja. Napunite perilicu hladnom vodom i koristite program za osjetljive tkanine kako biste bolje za\u0161titili boje.<\/p>","protected":false},"excerpt":{"rendered":"<p>Nike England Women\u2019s Euro 2022 dres kombinira bijelu osnovnu boju s upe\u010datljivim, promjenjivim logotipima \u2013 prvi put da dres Engleske ima iridescentne logotipe. Osim promjenjivih logotipa, dizajn Nike England Women 2022 doma\u0107eg dresa je diskretan. Prekriven je vrlo suptilnim, blago sjaje\u0107im geometrijskim uzorkom. Savjeti za [\u2026]<\/p>","protected":false},"featured_media":9688,"comment_status":"open","ping_status":"closed","template":"","meta":[],"product_brand":[],"product_cat":[115],"product_tag":[20,402,116,218,403,21,22,23,24],"class_list":{"0":"post-9647","1":"product","2":"type-product","3":"status-publish","4":"has-post-thumbnail","6":"product_cat-england-trikots","7":"product_tag-coole-fussballtrikots","8":"product_tag-england-frauen-2022-trikot","9":"product_tag-england-heimtrikot","10":"product_tag-england-heimtrikot-euro-2022-damen","11":"product_tag-england-womens-euro-2022-trikot","12":"product_tag-fussballtrikot-fuer-herren","13":"product_tag-fussballtrikot-guenstig-kaufen","14":"product_tag-fussballtrikot-kurzarm","15":"product_tag-guenstiges-fussballtrikot","17":"first","18":"instock","19":"shipping-taxable","20":"purchasable","21":"product-type-variable"},"_links":{"self":[{"href":"https:\/\/www.billigtrikotde.com\/hr\/wp-json\/wp\/v2\/product\/9647","targetHints":{"allow":["GET"]}}],"collection":[{"href":"https:\/\/www.billigtrikotde.com\/hr\/wp-json\/wp\/v2\/product"}],"about":[{"href":"https:\/\/www.billigtrikotde.com\/hr\/wp-json\/wp\/v2\/types\/product"}],"replies":[{"embeddable":true,"href":"https:\/\/www.billigtrikotde.com\/hr\/wp-json\/wp\/v2\/comments?post=9647"}],"wp:featuredmedia":[{"embeddable":true,"href":"https:\/\/www.billigtrikotde.com\/hr\/wp-json\/wp\/v2\/media\/9688"}],"wp:attachment":[{"href":"https:\/\/www.billigtrikotde.com\/hr\/wp-json\/wp\/v2\/media?parent=9647"}],"wp:term":[{"taxonomy":"product_brand","embeddable":true,"href":"https:\/\/www.billigtrikotde.com\/hr\/wp-json\/wp\/v2\/product_brand?post=9647"},{"taxonomy":"product_cat","embeddable":true,"href":"https:\/\/www.billigtrikotde.com\/hr\/wp-json\/wp\/v2\/product_cat?post=9647"},{"taxonomy":"product_tag","embeddable":true,"href":"https:\/\/www.billigtrikotde.com\/hr\/wp-json\/wp\/v2\/product_tag?post=9647"}],"curies":[{"name":"wp","href":"https:\/\/api.w.org\/{rel}","templated":true}]}}