{"id":9587,"date":"2024-10-24T02:34:58","date_gmt":"2024-10-24T00:34:58","guid":{"rendered":"http:\/\/billigtrikots.com\/?post_type=product&#038;p=9587"},"modified":"2024-10-24T02:37:12","modified_gmt":"2024-10-24T00:37:12","slug":"2022-uefa-european-womens-football-championship-england-heimtrikot-euro-damen-rice-4","status":"publish","type":"product","link":"https:\/\/www.billigtrikotde.com\/hr\/2022-uefa-european-womens-football-championship-england-heimtrikot-euro-damen-rice-4\/","title":{"rendered":"2022 UEFA Euro \u017eenskog nogometa Engleska doma\u0107i dres EURO za \u017eene RICE 4"},"content":{"rendered":"<p>Exclusively designed for the Lionesses, the Nike England 2022 UEFA European Women\u2019s Football Championship kits have iridescent logos. The colors of each kit are rather bold for an England national team.<\/p>\n<p>The Nike England Women\u2019s Euro 2022 home football shirt combines a white base with eye-catching iridescent logos \u2013 if we\u2019re not wrong this will be the first time that an England kit features iridescent logos.<\/p>","protected":false},"excerpt":{"rendered":"<p>Ekskluzivno dizajnirani za Lionesses, kompleti Nike Engleske za UEFA Europsko prvenstvo u nogometu za \u017eene 2022. imaju iridescentne logotipe. Boje svakog kompleta su prili\u010dno odva\u017ene za reprezentaciju Engleske. Doma\u0107i dres za nogomet Nike Engleska Euro 2022 kombinira bijelu osnovu s upadljivim iridescentnim logotipima \u2013 ako nismo u krivu, ovo \u0107e biti [...]<\/p>","protected":false},"featured_media":9628,"comment_status":"open","ping_status":"closed","template":"","meta":[],"product_brand":[],"product_cat":[115],"product_tag":[20,116,218,21,22,23,24],"class_list":{"0":"post-9587","1":"product","2":"type-product","3":"status-publish","4":"has-post-thumbnail","6":"product_cat-england-trikots","7":"product_tag-coole-fussballtrikots","8":"product_tag-england-heimtrikot","9":"product_tag-england-heimtrikot-euro-2022-damen","10":"product_tag-fussballtrikot-fuer-herren","11":"product_tag-fussballtrikot-guenstig-kaufen","12":"product_tag-fussballtrikot-kurzarm","13":"product_tag-guenstiges-fussballtrikot","15":"first","16":"instock","17":"shipping-taxable","18":"purchasable","19":"product-type-variable"},"_links":{"self":[{"href":"https:\/\/www.billigtrikotde.com\/hr\/wp-json\/wp\/v2\/product\/9587","targetHints":{"allow":["GET"]}}],"collection":[{"href":"https:\/\/www.billigtrikotde.com\/hr\/wp-json\/wp\/v2\/product"}],"about":[{"href":"https:\/\/www.billigtrikotde.com\/hr\/wp-json\/wp\/v2\/types\/product"}],"replies":[{"embeddable":true,"href":"https:\/\/www.billigtrikotde.com\/hr\/wp-json\/wp\/v2\/comments?post=9587"}],"wp:featuredmedia":[{"embeddable":true,"href":"https:\/\/www.billigtrikotde.com\/hr\/wp-json\/wp\/v2\/media\/9628"}],"wp:attachment":[{"href":"https:\/\/www.billigtrikotde.com\/hr\/wp-json\/wp\/v2\/media?parent=9587"}],"wp:term":[{"taxonomy":"product_brand","embeddable":true,"href":"https:\/\/www.billigtrikotde.com\/hr\/wp-json\/wp\/v2\/product_brand?post=9587"},{"taxonomy":"product_cat","embeddable":true,"href":"https:\/\/www.billigtrikotde.com\/hr\/wp-json\/wp\/v2\/product_cat?post=9587"},{"taxonomy":"product_tag","embeddable":true,"href":"https:\/\/www.billigtrikotde.com\/hr\/wp-json\/wp\/v2\/product_tag?post=9587"}],"curies":[{"name":"wp","href":"https:\/\/api.w.org\/{rel}","templated":true}]}}