{"id":9190,"date":"2024-10-24T02:14:51","date_gmt":"2024-10-24T00:14:51","guid":{"rendered":"http:\/\/billigtrikots.com\/?post_type=product&#038;p=9190"},"modified":"2024-10-24T02:17:07","modified_gmt":"2024-10-24T00:17:07","slug":"herren-niederlande-heimtrikot-wm-2022-fussballtrikot-orange-kurzarm-online-bestellen","status":"publish","type":"product","link":"https:\/\/www.billigtrikotde.com\/hr\/herren-niederlande-heimtrikot-wm-2022-fussballtrikot-orange-kurzarm-online-bestellen\/","title":{"rendered":"Mu\u0161ki Nizozemska doma\u0107i dres Svjetsko prvenstvo 2022 nogometni dres Naran\u010dasti kratkih rukava Online narud\u017eba"},"content":{"rendered":"<p>Pogledajte Nike dres za Svjetsko prvenstvo u nogometu 2022 u Hrvatskoj.<\/p>\n<p>Nike Hrvatska 2022 dres ima druga\u010diji nijansu naran\u010daste boje od ranijih Nike doma\u0107ih dresova \u2013 Nike Hrvatska 2022 dres je \u201eLaser Orange\u201c, \u0161to je vrlo \u017euto-naran\u010dasta boja. Druga, tamnija i \u201etradicionalnija\u201c nijansa naran\u010daste koristi se za grafiku.<\/p>\n<p>Istaknuta zna\u010dajka je sveobuhvatni grafi\u010dki dizajn inspiriran lavljom dlakom. Prema Nikeu, \u201eplesni vrtlog\u201c dizajn ne podsje\u0107a samo na lavlju grivu, ve\u0107 i simbolizira fluidnost takti\u010dkog sustava Totalnog nogometa.<\/p>\n<p>Savjeti za ispis: Ako ime i broj na slici to\u010dno odgovaraju va\u0161im \u017eeljama, ne morate ih ponovno unositi. Ako ne, unesite \u017eeljeno ime i broj.<\/p>\n<p>Savjeti za pranje: Preporu\u010duje se ru\u010dno pranje nogometnih dresova. Ako \u017eelite koristiti perilicu, sjetite se okrenuti dresove naopako prije pranja. Napunite perilicu hladnom vodom i koristite program za osjetljive tkanine kako biste bolje za\u0161titili boje.<\/p>","protected":false},"excerpt":{"rendered":"<p>Pogledajte Nike dres za Svjetsko prvenstvo u nogometu 2022 u Hrvatskoj. Nike Hrvatska 2022 dres ima druga\u010diji nijansu naran\u010daste boje od ranijih Nike doma\u0107ih dresova \u2013 Nike Hrvatska 2022 dres je \u201eLaser Orange\u201c, \u0161to je vrlo \u017euto-naran\u010dasta boja. Druga, tamnija i \u201etradicionalnija\u201c nijansa naran\u010daste koristi se za grafiku. Istaknuta zna\u010dajka je [\u2026]<\/p>","protected":false},"featured_media":9230,"comment_status":"open","ping_status":"closed","template":"","meta":[],"product_brand":[],"product_cat":[219],"product_tag":[20,222,21,22,23,24,392,221],"class_list":{"0":"post-9190","1":"product","2":"type-product","3":"status-publish","4":"has-post-thumbnail","6":"product_cat-niederlande-trikots","7":"product_tag-coole-fussballtrikots","8":"product_tag-fussball-wm-2022-trikots","9":"product_tag-fussballtrikot-fuer-herren","10":"product_tag-fussballtrikot-guenstig-kaufen","11":"product_tag-fussballtrikot-kurzarm","12":"product_tag-guenstiges-fussballtrikot","13":"product_tag-niederlande-heimtrikot","14":"product_tag-niederlande-trikots","16":"first","17":"instock","18":"shipping-taxable","19":"purchasable","20":"product-type-variable"},"_links":{"self":[{"href":"https:\/\/www.billigtrikotde.com\/hr\/wp-json\/wp\/v2\/product\/9190","targetHints":{"allow":["GET"]}}],"collection":[{"href":"https:\/\/www.billigtrikotde.com\/hr\/wp-json\/wp\/v2\/product"}],"about":[{"href":"https:\/\/www.billigtrikotde.com\/hr\/wp-json\/wp\/v2\/types\/product"}],"replies":[{"embeddable":true,"href":"https:\/\/www.billigtrikotde.com\/hr\/wp-json\/wp\/v2\/comments?post=9190"}],"wp:featuredmedia":[{"embeddable":true,"href":"https:\/\/www.billigtrikotde.com\/hr\/wp-json\/wp\/v2\/media\/9230"}],"wp:attachment":[{"href":"https:\/\/www.billigtrikotde.com\/hr\/wp-json\/wp\/v2\/media?parent=9190"}],"wp:term":[{"taxonomy":"product_brand","embeddable":true,"href":"https:\/\/www.billigtrikotde.com\/hr\/wp-json\/wp\/v2\/product_brand?post=9190"},{"taxonomy":"product_cat","embeddable":true,"href":"https:\/\/www.billigtrikotde.com\/hr\/wp-json\/wp\/v2\/product_cat?post=9190"},{"taxonomy":"product_tag","embeddable":true,"href":"https:\/\/www.billigtrikotde.com\/hr\/wp-json\/wp\/v2\/product_tag?post=9190"}],"curies":[{"name":"wp","href":"https:\/\/api.w.org\/{rel}","templated":true}]}}