{"id":9156,"date":"2024-10-24T02:13:04","date_gmt":"2024-10-24T00:13:04","guid":{"rendered":"http:\/\/billigtrikots.com\/?post_type=product&#038;p=9156"},"modified":"2024-10-24T02:15:20","modified_gmt":"2024-10-24T00:15:20","slug":"herren-niederlande-auswaertstrikot-blau-fussball-wm-2022-kurzarm-kurze-hosen-cruyff-14","status":"publish","type":"product","link":"https:\/\/www.billigtrikotde.com\/hr\/herren-niederlande-auswaertstrikot-blau-fussball-wm-2022-kurzarm-kurze-hosen-cruyff-14\/","title":{"rendered":"Gosp. Nizozemska gostuju\u0107i dres plava nogomet Svjetsko prvenstvo 2022 kratkih rukava + kratke hla\u010de Cruyff 14"},"content":{"rendered":"<p>Nike je razvio prilago\u0111ene fontove za mnoge dresove Svjetskog prvenstva 2022. Danas \u0107emo detaljnije pogledati fontove doma\u0107ih i gostuju\u0107ih dresova Hrvatske za Svjetsko prvenstvo 2022.<br \/>\nNovi FIFA svjetski kup 2022 Hrvatske ima jedinstveni dizajn, posebno kod brojeva. Ovaj je mo\u017eda inspiriran rezbarenim metalnim tipovima Zlatnog doba Hrvatske.<\/p>\n<p>Font novog doma\u0107eg dresa Hrvatske za Svjetsko prvenstvo 2022. je crne boje, dok je font gostuju\u0107eg dresa upadljivo crvene boje.<\/p>\n<p>Savjeti za ispis: Ako ime i broj na slici to\u010dno odgovaraju va\u0161im \u017eeljama, ne morate ih ponovno unositi. Ako ne, unesite \u017eeljeno ime i broj.<\/p>\n<p>Savjeti za pranje: Preporu\u010duje se ru\u010dno pranje nogometnih dresova. Ako \u017eelite koristiti perilicu, sjetite se okrenuti dresove naopako prije pranja. Napunite perilicu hladnom vodom i koristite program za osjetljive tkanine kako biste bolje za\u0161titili boje.<\/p>","protected":false},"excerpt":{"rendered":"<p>Nike je razvio prilago\u0111ene fontove za mnoge dresove Svjetskog prvenstva u nogometu 2022. Danas \u0107emo detaljnije pogledati fontove doma\u0107ih i gostuju\u0107ih dresova Nizozemske za Svjetsko prvenstvo 2022. Novi FIFA svjetski kup 2022. Nizozemske ima jedinstveni dizajn, posebno kod brojeva. Ovaj je mo\u017eda inspiriran rezbarenim metalnim tipovima zlatnog...<\/p>","protected":false},"featured_media":9195,"comment_status":"open","ping_status":"closed","template":"","meta":[],"product_brand":[],"product_cat":[219],"product_tag":[20,393,21,22,23,24,394,355,221],"class_list":{"0":"post-9156","1":"product","2":"type-product","3":"status-publish","4":"has-post-thumbnail","6":"product_cat-niederlande-trikots","7":"product_tag-coole-fussballtrikots","8":"product_tag-fussball-weltmeisterschaft-2022","9":"product_tag-fussballtrikot-fuer-herren","10":"product_tag-fussballtrikot-guenstig-kaufen","11":"product_tag-fussballtrikot-kurzarm","12":"product_tag-guenstiges-fussballtrikot","13":"product_tag-niederlande-2022-world-cup-trikotschrift","14":"product_tag-niederlande-auswaertstrikot","15":"product_tag-niederlande-trikots","17":"first","18":"instock","19":"shipping-taxable","20":"purchasable","21":"product-type-variable"},"_links":{"self":[{"href":"https:\/\/www.billigtrikotde.com\/hr\/wp-json\/wp\/v2\/product\/9156","targetHints":{"allow":["GET"]}}],"collection":[{"href":"https:\/\/www.billigtrikotde.com\/hr\/wp-json\/wp\/v2\/product"}],"about":[{"href":"https:\/\/www.billigtrikotde.com\/hr\/wp-json\/wp\/v2\/types\/product"}],"replies":[{"embeddable":true,"href":"https:\/\/www.billigtrikotde.com\/hr\/wp-json\/wp\/v2\/comments?post=9156"}],"wp:featuredmedia":[{"embeddable":true,"href":"https:\/\/www.billigtrikotde.com\/hr\/wp-json\/wp\/v2\/media\/9195"}],"wp:attachment":[{"href":"https:\/\/www.billigtrikotde.com\/hr\/wp-json\/wp\/v2\/media?parent=9156"}],"wp:term":[{"taxonomy":"product_brand","embeddable":true,"href":"https:\/\/www.billigtrikotde.com\/hr\/wp-json\/wp\/v2\/product_brand?post=9156"},{"taxonomy":"product_cat","embeddable":true,"href":"https:\/\/www.billigtrikotde.com\/hr\/wp-json\/wp\/v2\/product_cat?post=9156"},{"taxonomy":"product_tag","embeddable":true,"href":"https:\/\/www.billigtrikotde.com\/hr\/wp-json\/wp\/v2\/product_tag?post=9156"}],"curies":[{"name":"wp","href":"https:\/\/api.w.org\/{rel}","templated":true}]}}