{"id":914,"date":"2024-10-23T13:08:50","date_gmt":"2024-10-23T11:08:50","guid":{"rendered":"http:\/\/billigtrikots.com\/?post_type=product&#038;p=914"},"modified":"2024-10-23T13:11:12","modified_gmt":"2024-10-23T11:11:12","slug":"real-madrid-herren-auswaertstrikot-2022-blau-weiss-mit-aufdruck-marcelo-12","status":"publish","type":"product","link":"https:\/\/www.billigtrikotde.com\/hr\/real-madrid-herren-auswaertstrikot-2022-blau-weiss-mit-aufdruck-marcelo-12\/","title":{"rendered":"Real Madrid mu\u0161ki gostuju\u0107i dres 2022 plavo\/bijeli s tiskom Marcelo 12"},"content":{"rendered":"<p>Ne samo profesionalci iz Real Madrid \u010dine \u017eivot u glavnom gradu \u0160panjolske \u017eivopisnijim. Ova fudbalska majica adidas inspirirana je grafitima ulice scene u Madridu. To dokazuju i diskretni detalji \u2013 jedan od njih nalazi se u podru\u010dju vrata. Za udobno i suho osje\u0107anje pri no\u0161enju, mekani materijal opremljen je tehnologijom AEROREADY koja upija vlagu. Savjeti [\u2026]<\/p>\n<p>Savjeti za ispis: Ako ime i broj na slici to\u010dno odgovaraju va\u0161im \u017eeljama, ne morate ih ponovno unositi. Ako ne, unesite \u017eeljeno ime i broj.<\/p>\n<p>Savjeti za pranje: Preporu\u010duje se ru\u010dno pranje nogometnih dresova. Ako \u017eelite koristiti perilicu, sjetite se okrenuti dresove naopako prije pranja. Napunite perilicu hladnom vodom i koristite program za osjetljive tkanine kako biste bolje za\u0161titili boje.<\/p>","protected":false},"excerpt":{"rendered":"<p>Ne samo profesionalci iz Real Madrid \u010dine \u017eivot u glavnom gradu \u0160panjolske \u017eivopisnijim. Ova fudbalska majica adidas inspirirana je grafitima ulice scene u Madridu. To dokazuju i diskretni detalji \u2013 jedan od njih nalazi se u podru\u010dju vrata. Za udobno i suho osje\u0107anje pri no\u0161enju, mekani materijal opremljen je tehnologijom AEROREADY koja upija vlagu. Savjeti [\u2026]<\/p>","protected":false},"featured_media":958,"comment_status":"open","ping_status":"closed","template":"","meta":[],"product_brand":[],"product_cat":[45],"product_tag":[20,21,22,23,24,49,47],"class_list":{"0":"post-914","1":"product","2":"type-product","3":"status-publish","4":"has-post-thumbnail","6":"product_cat-real-madrid","7":"product_tag-coole-fussballtrikots","8":"product_tag-fussballtrikot-fuer-herren","9":"product_tag-fussballtrikot-guenstig-kaufen","10":"product_tag-fussballtrikot-kurzarm","11":"product_tag-guenstiges-fussballtrikot","12":"product_tag-real-madrid-auswaertstrikot","13":"product_tag-real-madrid-trikots","15":"first","16":"instock","17":"shipping-taxable","18":"purchasable","19":"product-type-variable"},"_links":{"self":[{"href":"https:\/\/www.billigtrikotde.com\/hr\/wp-json\/wp\/v2\/product\/914","targetHints":{"allow":["GET"]}}],"collection":[{"href":"https:\/\/www.billigtrikotde.com\/hr\/wp-json\/wp\/v2\/product"}],"about":[{"href":"https:\/\/www.billigtrikotde.com\/hr\/wp-json\/wp\/v2\/types\/product"}],"replies":[{"embeddable":true,"href":"https:\/\/www.billigtrikotde.com\/hr\/wp-json\/wp\/v2\/comments?post=914"}],"wp:featuredmedia":[{"embeddable":true,"href":"https:\/\/www.billigtrikotde.com\/hr\/wp-json\/wp\/v2\/media\/958"}],"wp:attachment":[{"href":"https:\/\/www.billigtrikotde.com\/hr\/wp-json\/wp\/v2\/media?parent=914"}],"wp:term":[{"taxonomy":"product_brand","embeddable":true,"href":"https:\/\/www.billigtrikotde.com\/hr\/wp-json\/wp\/v2\/product_brand?post=914"},{"taxonomy":"product_cat","embeddable":true,"href":"https:\/\/www.billigtrikotde.com\/hr\/wp-json\/wp\/v2\/product_cat?post=914"},{"taxonomy":"product_tag","embeddable":true,"href":"https:\/\/www.billigtrikotde.com\/hr\/wp-json\/wp\/v2\/product_tag?post=914"}],"curies":[{"name":"wp","href":"https:\/\/api.w.org\/{rel}","templated":true}]}}