{"id":9025,"date":"2024-10-24T02:06:32","date_gmt":"2024-10-24T00:06:32","guid":{"rendered":"http:\/\/billigtrikots.com\/?post_type=product&#038;p=9025"},"modified":"2024-10-24T02:08:46","modified_gmt":"2024-10-24T00:08:46","slug":"personalisierbar-manchester-united-auswaertstrikot-2022-23-trikotsatz-fuer-herren","status":"publish","type":"product","link":"https:\/\/www.billigtrikotde.com\/hr\/personalisierbar-manchester-united-auswaertstrikot-2022-23-trikotsatz-fuer-herren\/","title":{"rendered":"Personalizabilni Manchester United gostuju\u0107i dres 2022-23 komplet dresa za mu\u0161karce"},"content":{"rendered":"<p>Adidas Manchester United FC 2022-2023 gostuju\u0107i dres kombinira glavnu boju bijelu s crvenim i crnim detaljima. Za tri pruge Adidas je odabrao tre\u0161njasto crvenu nijansu, dok su logotipi Adidas i TeamViewer crni.<\/p>\n<p>Ba\u0161 kao i dres Manchester Uniteda 22-23, i gostuju\u0107i dres Man Utd 22-23 ima grb s \u0161titom.<\/p>\n<p>Prepoznatljiv element gostuju\u0107eg dresa Manchester Uniteda 22-23 je bijelo-crni trokutasti uzorak na crnom okovratniku i man\u0161etama. Osim toga, na prednjoj strani nalazi se vrlo diskretan heliks uzorak.<\/p>\n<p>Savjeti za ispis: Ako ime i broj na slici to\u010dno odgovaraju va\u0161im \u017eeljama, ne morate ih ponovno unositi. Ako ne, unesite \u017eeljeno ime i broj.<\/p>\n<p>Savjeti za pranje: Preporu\u010duje se ru\u010dno pranje nogometnih dresova. Ako \u017eelite koristiti perilicu, sjetite se okrenuti dresove naopako prije pranja. Napunite perilicu hladnom vodom i koristite program za osjetljive tkanine kako biste bolje za\u0161titili boje.<\/p>","protected":false},"excerpt":{"rendered":"<p>Adidas Manchester United FC 2022-2023 gostuju\u0107i dres kombinira glavnu boju bijelu s crvenim i crnim detaljima. Za tri pruge Adidas je odabrao tre\u0161njasto crvenu nijansu, dok su logotipi Adidas i TeamViewer crni. Ba\u0161 kao i dres Manchester Uniteda 22-23, i gostuju\u0107i dres Man Utd 22-23 ima grb s \u0161titom. [...]<\/p>","protected":false},"featured_media":9063,"comment_status":"open","ping_status":"closed","template":"","meta":[],"product_brand":[],"product_cat":[50],"product_tag":[20,21,22,23,24,217,223,52],"class_list":{"0":"post-9025","1":"product","2":"type-product","3":"status-publish","4":"has-post-thumbnail","6":"product_cat-manchester-united","7":"product_tag-coole-fussballtrikots","8":"product_tag-fussballtrikot-fuer-herren","9":"product_tag-fussballtrikot-guenstig-kaufen","10":"product_tag-fussballtrikot-kurzarm","11":"product_tag-guenstiges-fussballtrikot","12":"product_tag-manchester-united-trikot-bestellen","13":"product_tag-manchester-united-trikot-shop","14":"product_tag-manchester-united-trikots","16":"first","17":"instock","18":"shipping-taxable","19":"purchasable","20":"product-type-variable"},"_links":{"self":[{"href":"https:\/\/www.billigtrikotde.com\/hr\/wp-json\/wp\/v2\/product\/9025","targetHints":{"allow":["GET"]}}],"collection":[{"href":"https:\/\/www.billigtrikotde.com\/hr\/wp-json\/wp\/v2\/product"}],"about":[{"href":"https:\/\/www.billigtrikotde.com\/hr\/wp-json\/wp\/v2\/types\/product"}],"replies":[{"embeddable":true,"href":"https:\/\/www.billigtrikotde.com\/hr\/wp-json\/wp\/v2\/comments?post=9025"}],"wp:featuredmedia":[{"embeddable":true,"href":"https:\/\/www.billigtrikotde.com\/hr\/wp-json\/wp\/v2\/media\/9063"}],"wp:attachment":[{"href":"https:\/\/www.billigtrikotde.com\/hr\/wp-json\/wp\/v2\/media?parent=9025"}],"wp:term":[{"taxonomy":"product_brand","embeddable":true,"href":"https:\/\/www.billigtrikotde.com\/hr\/wp-json\/wp\/v2\/product_brand?post=9025"},{"taxonomy":"product_cat","embeddable":true,"href":"https:\/\/www.billigtrikotde.com\/hr\/wp-json\/wp\/v2\/product_cat?post=9025"},{"taxonomy":"product_tag","embeddable":true,"href":"https:\/\/www.billigtrikotde.com\/hr\/wp-json\/wp\/v2\/product_tag?post=9025"}],"curies":[{"name":"wp","href":"https:\/\/api.w.org\/{rel}","templated":true}]}}