{"id":8958,"date":"2024-10-24T02:02:44","date_gmt":"2024-10-24T00:02:44","guid":{"rendered":"http:\/\/billigtrikots.com\/?post_type=product&#038;p=8958"},"modified":"2024-10-24T02:05:16","modified_gmt":"2024-10-24T00:05:16","slug":"italien-trikots-fuer-kinder-zum-fussballspielen-2022-23-in-blaue-chiellini-3","status":"publish","type":"product","link":"https:\/\/www.billigtrikotde.com\/hr\/italien-trikots-fuer-kinder-zum-fussballspielen-2022-23-in-blaue-chiellini-3\/","title":{"rendered":"Italija dresovi za djecu za igranje nogometa 2022-23 u plavoj CHIELLINI 3"},"content":{"rendered":"<p>Klasiche Azzurri. Doma\u0107i dres Italije 2022 slavi tradiciju plavih dresova i briljantnog nogometa. S zlatnim naglascima, retro fontovima i referencama na pobjede iz 1934., 1938., 1982. i 2006. prednja strana dresa podijeljena je tonalnim kvadratima kako bi se odale po\u010dasti \u010detiri generacije svjetskih prvaka.<\/p>\n<p>Savjeti za ispis: Ako ime i broj na slici to\u010dno odgovaraju va\u0161im \u017eeljama, ne morate ih ponovno unositi. Ako ne, unesite \u017eeljeno ime i broj.<\/p>\n<p>Savjeti za pranje: Preporu\u010duje se ru\u010dno pranje nogometnih dresova. Ako \u017eelite koristiti perilicu, sjetite se okrenuti dresove naopako prije pranja. Napunite perilicu hladnom vodom i koristite program za osjetljive tkanine kako biste bolje za\u0161titili boje.<\/p>","protected":false},"excerpt":{"rendered":"<p>Klasi\u010dne Azzurri. Doma\u0107i dres Italije 2022 slavi tradiciju plavih dresova i sjajne nogometne igre. S zlatnim nagla\u0161avanjima, retro fontovima i referencama na pobjede iz 1934., 1938., 1982. i 2006. prednja strana dresa podijeljena je toniranim kvadratima kako bi se odala \u010dast \u010detiri generacije svjetskih prvaka. Upute za tiskanje: Ako je ime i \u2026<\/p>","protected":false},"featured_media":8998,"comment_status":"open","ping_status":"closed","template":"","meta":[],"product_brand":[],"product_cat":[316],"product_tag":[20,21,22,23,24,317,318,390],"class_list":{"0":"post-8958","1":"product","2":"type-product","3":"status-publish","4":"has-post-thumbnail","6":"product_cat-italien-trikots","7":"product_tag-coole-fussballtrikots","8":"product_tag-fussballtrikot-fuer-herren","9":"product_tag-fussballtrikot-guenstig-kaufen","10":"product_tag-fussballtrikot-kurzarm","11":"product_tag-guenstiges-fussballtrikot","12":"product_tag-italien-heimtrikot","13":"product_tag-italien-trikots","14":"product_tag-kinder-italien-trikots","16":"first","17":"instock","18":"shipping-taxable","19":"purchasable","20":"product-type-variable"},"_links":{"self":[{"href":"https:\/\/www.billigtrikotde.com\/hr\/wp-json\/wp\/v2\/product\/8958","targetHints":{"allow":["GET"]}}],"collection":[{"href":"https:\/\/www.billigtrikotde.com\/hr\/wp-json\/wp\/v2\/product"}],"about":[{"href":"https:\/\/www.billigtrikotde.com\/hr\/wp-json\/wp\/v2\/types\/product"}],"replies":[{"embeddable":true,"href":"https:\/\/www.billigtrikotde.com\/hr\/wp-json\/wp\/v2\/comments?post=8958"}],"wp:featuredmedia":[{"embeddable":true,"href":"https:\/\/www.billigtrikotde.com\/hr\/wp-json\/wp\/v2\/media\/8998"}],"wp:attachment":[{"href":"https:\/\/www.billigtrikotde.com\/hr\/wp-json\/wp\/v2\/media?parent=8958"}],"wp:term":[{"taxonomy":"product_brand","embeddable":true,"href":"https:\/\/www.billigtrikotde.com\/hr\/wp-json\/wp\/v2\/product_brand?post=8958"},{"taxonomy":"product_cat","embeddable":true,"href":"https:\/\/www.billigtrikotde.com\/hr\/wp-json\/wp\/v2\/product_cat?post=8958"},{"taxonomy":"product_tag","embeddable":true,"href":"https:\/\/www.billigtrikotde.com\/hr\/wp-json\/wp\/v2\/product_tag?post=8958"}],"curies":[{"name":"wp","href":"https:\/\/api.w.org\/{rel}","templated":true}]}}