{"id":8942,"date":"2024-10-24T02:02:03","date_gmt":"2024-10-24T00:02:03","guid":{"rendered":"http:\/\/billigtrikots.com\/?post_type=product&#038;p=8942"},"modified":"2025-10-16T16:03:42","modified_gmt":"2025-10-16T14:03:42","slug":"rodrygo-21-real-madrid-auswaertstrikot-2022-23-trikot-away-lila-fuer-kinder","status":"publish","type":"product","link":"https:\/\/www.billigtrikotde.com\/hr\/rodrygo-21-real-madrid-auswaertstrikot-2022-23-trikot-away-lila-fuer-kinder\/","title":{"rendered":"RODRYGO 21 Real Madrid gostuju\u0107i dres svijeta 2022\/23 dres Away Lila za djecu"},"content":{"rendered":"<p>Lagan model u ljubi\u010dastoj boji poma\u017ee ti da najbolje podr\u017ei\u0161 svoj tim na sljede\u0107oj utakmici. adidas s ovim dresom nudi vrlo izvrsan proizvod u svojoj ponudi. Te\u017ee od toga ne mo\u017ee biti podr\u0161ka! Ovim gostuju\u0107im dresom Real Madrid pro\u0161irit \u0107e\u0161 svoju kolekciju navija\u010dkih artikala za komad kakav nose igra\u010di u Primera Division. Ovaj lagani, udoban, prozra\u010dni i odvodni znoj model uvjerljivo \u0107e te odu\u0161eviti. Ovaj dres je savr\u0161en pratitelj za tvoje sportske aktivnosti. Vizualno se isti\u010de s grbom kluba na prsima.<\/p>\n<p>Savjeti za ispis: Ako ime i broj na slici to\u010dno odgovaraju va\u0161im \u017eeljama, ne morate ih ponovno unositi. Ako ne, unesite \u017eeljeno ime i broj.<\/p>\n<p>Savjeti za pranje: Preporu\u010duje se ru\u010dno pranje nogometnih dresova. Ako \u017eelite koristiti perilicu, sjetite se okrenuti dresove naopako prije pranja. Napunite perilicu hladnom vodom i koristite program za osjetljive tkanine kako biste bolje za\u0161titili boje.<\/p>","protected":false},"excerpt":{"rendered":"<p>Lagan model u ljubi\u010dastoj boji poma\u017ee ti da najbolje podr\u017ei\u0161 svoj tim na sljede\u0107oj utakmici. adidas s ovim dresom nudi vrlo izvrstan proizvod u svojoj ponudi. Te\u017ee podr\u0161ke te\u0161ko da mo\u017ee biti! Ovim gostuju\u0107im dresom Real Madrid pro\u0161iruje svoju kolekciju navija\u010dkih artikala za onaj komad koji nose igra\u010di u Primera Division.<\/p>","protected":false},"featured_media":8979,"comment_status":"open","ping_status":"closed","template":"","meta":[],"product_brand":[],"product_cat":[165],"product_tag":[20,35,21,22,23,24,94,49,47,166],"class_list":{"0":"post-8942","1":"product","2":"type-product","3":"status-publish","4":"has-post-thumbnail","6":"product_cat-real-madrid-kindertrikot","7":"product_tag-coole-fussballtrikots","8":"product_tag-fussball-torwarttrikots","9":"product_tag-fussballtrikot-fuer-herren","10":"product_tag-fussballtrikot-guenstig-kaufen","11":"product_tag-fussballtrikot-kurzarm","12":"product_tag-guenstiges-fussballtrikot","13":"product_tag-kinder-fussball-trikotsatz","14":"product_tag-real-madrid-auswaertstrikot","15":"product_tag-real-madrid-trikots","16":"product_tag-real-madrid-trikotsatz-fuer-kinder","18":"first","19":"instock","20":"shipping-taxable","21":"purchasable","22":"product-type-variable"},"_links":{"self":[{"href":"https:\/\/www.billigtrikotde.com\/hr\/wp-json\/wp\/v2\/product\/8942","targetHints":{"allow":["GET"]}}],"collection":[{"href":"https:\/\/www.billigtrikotde.com\/hr\/wp-json\/wp\/v2\/product"}],"about":[{"href":"https:\/\/www.billigtrikotde.com\/hr\/wp-json\/wp\/v2\/types\/product"}],"replies":[{"embeddable":true,"href":"https:\/\/www.billigtrikotde.com\/hr\/wp-json\/wp\/v2\/comments?post=8942"}],"wp:featuredmedia":[{"embeddable":true,"href":"https:\/\/www.billigtrikotde.com\/hr\/wp-json\/wp\/v2\/media\/8979"}],"wp:attachment":[{"href":"https:\/\/www.billigtrikotde.com\/hr\/wp-json\/wp\/v2\/media?parent=8942"}],"wp:term":[{"taxonomy":"product_brand","embeddable":true,"href":"https:\/\/www.billigtrikotde.com\/hr\/wp-json\/wp\/v2\/product_brand?post=8942"},{"taxonomy":"product_cat","embeddable":true,"href":"https:\/\/www.billigtrikotde.com\/hr\/wp-json\/wp\/v2\/product_cat?post=8942"},{"taxonomy":"product_tag","embeddable":true,"href":"https:\/\/www.billigtrikotde.com\/hr\/wp-json\/wp\/v2\/product_tag?post=8942"}],"curies":[{"name":"wp","href":"https:\/\/api.w.org\/{rel}","templated":true}]}}