{"id":8900,"date":"2024-10-24T01:59:48","date_gmt":"2024-10-23T23:59:48","guid":{"rendered":"http:\/\/billigtrikots.com\/?post_type=product&#038;p=8900"},"modified":"2024-10-24T02:01:58","modified_gmt":"2024-10-24T00:01:58","slug":"belgien-wm-2022-heimtrikot-rot-schwarz-kurzarm-kurze-hosen-castagne-21","status":"publish","type":"product","link":"https:\/\/www.billigtrikotde.com\/hr\/belgien-wm-2022-heimtrikot-rot-schwarz-kurzarm-kurze-hosen-castagne-21\/","title":{"rendered":"Belgija Svjetsko prvenstvo 2022 ku\u0107ni dres crveno-crni kratki rukav + kratke hla\u010de CASTAGNE 21"},"content":{"rendered":"<p>Ovaj tim obe\u0107ava da \u0107e na najve\u0107em turniru na svijetu izazvati pravi nogometni vatromet. Doma\u0107i dres Belgije inspiriran je nadimkom reprezentacije i dolazi s crveno-\u017eutim plamenovima na crnim rukavima. Verzija za navija\u010de osigurava ugodno suho osje\u0107anje s AEROREADY materijalom koji upija vlagu i mre\u017eastim umetcima. Osim toga, logo s 3 pruge i tkaninski logo belgijske reprezentacije emitiraju energiju i ponos.<\/p>\n<p>Savjeti za ispis: Ako ime i broj na slici to\u010dno odgovaraju va\u0161im \u017eeljama, ne morate ih ponovno unositi. Ako ne, unesite \u017eeljeno ime i broj.<\/p>\n<p>Savjeti za pranje: Preporu\u010duje se ru\u010dno pranje nogometnih dresova. Ako \u017eelite koristiti perilicu, sjetite se okrenuti dresove naopako prije pranja. Napunite perilicu hladnom vodom i koristite program za osjetljive tkanine kako biste bolje za\u0161titili boje.<\/p>","protected":false},"excerpt":{"rendered":"<p>Ovaj tim obe\u0107ava da \u0107e na najve\u0107em turniru na svijetu izazvati pravi nogometni vatromet. Doma\u0107i dres Belgije inspiriran je nadimkom reprezentacije i dolazi s crveno-\u017eutim plamenovima na crnim rukavima. Verzija za navija\u010de osigurava ugodno suho osje\u0107anje s AEROREADY materijalom koji upija vlagu i mre\u017eastim umetcima. Osim toga, logo s 3 pruge i tkaninski logo belgijske reprezentacije emitiraju energiju i ponos.<\/p>","protected":false},"featured_media":8938,"comment_status":"open","ping_status":"closed","template":"","meta":[],"product_brand":[],"product_cat":[173],"product_tag":[382,120,20,21,22,23,24],"class_list":{"0":"post-8900","1":"product","2":"type-product","3":"status-publish","4":"has-post-thumbnail","6":"product_cat-belgien-trikots","7":"product_tag-belgien-heimtrikot","8":"product_tag-belgien-trikots","9":"product_tag-coole-fussballtrikots","10":"product_tag-fussballtrikot-fuer-herren","11":"product_tag-fussballtrikot-guenstig-kaufen","12":"product_tag-fussballtrikot-kurzarm","13":"product_tag-guenstiges-fussballtrikot","15":"first","16":"instock","17":"shipping-taxable","18":"purchasable","19":"product-type-variable"},"_links":{"self":[{"href":"https:\/\/www.billigtrikotde.com\/hr\/wp-json\/wp\/v2\/product\/8900","targetHints":{"allow":["GET"]}}],"collection":[{"href":"https:\/\/www.billigtrikotde.com\/hr\/wp-json\/wp\/v2\/product"}],"about":[{"href":"https:\/\/www.billigtrikotde.com\/hr\/wp-json\/wp\/v2\/types\/product"}],"replies":[{"embeddable":true,"href":"https:\/\/www.billigtrikotde.com\/hr\/wp-json\/wp\/v2\/comments?post=8900"}],"wp:featuredmedia":[{"embeddable":true,"href":"https:\/\/www.billigtrikotde.com\/hr\/wp-json\/wp\/v2\/media\/8938"}],"wp:attachment":[{"href":"https:\/\/www.billigtrikotde.com\/hr\/wp-json\/wp\/v2\/media?parent=8900"}],"wp:term":[{"taxonomy":"product_brand","embeddable":true,"href":"https:\/\/www.billigtrikotde.com\/hr\/wp-json\/wp\/v2\/product_brand?post=8900"},{"taxonomy":"product_cat","embeddable":true,"href":"https:\/\/www.billigtrikotde.com\/hr\/wp-json\/wp\/v2\/product_cat?post=8900"},{"taxonomy":"product_tag","embeddable":true,"href":"https:\/\/www.billigtrikotde.com\/hr\/wp-json\/wp\/v2\/product_tag?post=8900"}],"curies":[{"name":"wp","href":"https:\/\/api.w.org\/{rel}","templated":true}]}}