{"id":8760,"date":"2024-10-24T01:52:48","date_gmt":"2024-10-23T23:52:48","guid":{"rendered":"http:\/\/billigtrikots.com\/?post_type=product&#038;p=8760"},"modified":"2024-10-24T01:54:56","modified_gmt":"2024-10-23T23:54:56","slug":"kinder-fussball-trikot-spanien-wm-2022-auswaertstrikot-hellblaue-trikotsatz-pedro-10","status":"publish","type":"product","link":"https:\/\/www.billigtrikotde.com\/hr\/kinder-fussball-trikot-spanien-wm-2022-auswaertstrikot-hellblaue-trikotsatz-pedro-10\/","title":{"rendered":"Dje\u010dji nogometni dres \u0160panjolska Svjetsko prvenstvo 2022 gostuju\u0107i dres svijetloplavi komplet PEDRO 10"},"content":{"rendered":"<p>Pobolj\u0161anje gostuju\u0107eg dresa \u0161panjolske reprezentacije za Svjetsko prvenstvo 2022 uz kori\u0161tenje postoje\u0107ih elemenata. Dres je svijetloplave boje i ima valovitu i linijsku uzorku koji koriste prijelaze boja kako bi stvorili dojam pokreta, pri \u010demu je osnovna boja zna\u010dajno tamnija, valovi su potpuno uklonjeni, a prijelaz prugastog uzorka produ\u017een. \u0160panjolska zastava nalazi se u obrubima predvijeka i na man\u017eetnama.<\/p>\n<p>Savjeti za ispis: Ako ime i broj na slici to\u010dno odgovaraju va\u0161im \u017eeljama, ne morate ih ponovno unositi. Ako ne, unesite \u017eeljeno ime i broj.<\/p>\n<p>Savjeti za pranje: Preporu\u010duje se ru\u010dno pranje nogometnih dresova. Ako \u017eelite koristiti perilicu, sjetite se okrenuti dresove naopako prije pranja. Napunite perilicu hladnom vodom i koristite program za osjetljive tkanine kako biste bolje za\u0161titili boje.<\/p>","protected":false},"excerpt":{"rendered":"<p>Vanjski dres nogometne reprezentacije \u0160panjolske za Svjetsko prvenstvo 2022 pobolj\u0161ati koriste\u0107i postoje\u0107e elemente. Dres je svijetlo plav i ima valovitu i linijsku \u0161ablonu koje koriste prelaze boja kako bi stvorile dojam pokreta. pri \u010demu je osnovna boja znatno tamnija, valovi su potpuno uklonjeni i preljev na pin-stripes produ\u017een [...]<\/p>","protected":false},"featured_media":8799,"comment_status":"open","ping_status":"closed","template":"","meta":[],"product_brand":[],"product_cat":[131],"product_tag":[20,21,22,23,24,359],"class_list":{"0":"post-8760","1":"product","2":"type-product","3":"status-publish","4":"has-post-thumbnail","6":"product_cat-spanien-trikots","7":"product_tag-coole-fussballtrikots","8":"product_tag-fussballtrikot-fuer-herren","9":"product_tag-fussballtrikot-guenstig-kaufen","10":"product_tag-fussballtrikot-kurzarm","11":"product_tag-guenstiges-fussballtrikot","12":"product_tag-spanien-wm-2022-auswaertstrikot","14":"first","15":"instock","16":"shipping-taxable","17":"purchasable","18":"product-type-variable"},"_links":{"self":[{"href":"https:\/\/www.billigtrikotde.com\/hr\/wp-json\/wp\/v2\/product\/8760","targetHints":{"allow":["GET"]}}],"collection":[{"href":"https:\/\/www.billigtrikotde.com\/hr\/wp-json\/wp\/v2\/product"}],"about":[{"href":"https:\/\/www.billigtrikotde.com\/hr\/wp-json\/wp\/v2\/types\/product"}],"replies":[{"embeddable":true,"href":"https:\/\/www.billigtrikotde.com\/hr\/wp-json\/wp\/v2\/comments?post=8760"}],"wp:featuredmedia":[{"embeddable":true,"href":"https:\/\/www.billigtrikotde.com\/hr\/wp-json\/wp\/v2\/media\/8799"}],"wp:attachment":[{"href":"https:\/\/www.billigtrikotde.com\/hr\/wp-json\/wp\/v2\/media?parent=8760"}],"wp:term":[{"taxonomy":"product_brand","embeddable":true,"href":"https:\/\/www.billigtrikotde.com\/hr\/wp-json\/wp\/v2\/product_brand?post=8760"},{"taxonomy":"product_cat","embeddable":true,"href":"https:\/\/www.billigtrikotde.com\/hr\/wp-json\/wp\/v2\/product_cat?post=8760"},{"taxonomy":"product_tag","embeddable":true,"href":"https:\/\/www.billigtrikotde.com\/hr\/wp-json\/wp\/v2\/product_tag?post=8760"}],"curies":[{"name":"wp","href":"https:\/\/api.w.org\/{rel}","templated":true}]}}