{"id":8756,"date":"2024-10-24T01:52:45","date_gmt":"2024-10-23T23:52:45","guid":{"rendered":"http:\/\/billigtrikots.com\/?post_type=product&#038;p=8756"},"modified":"2024-10-24T01:54:54","modified_gmt":"2024-10-23T23:54:54","slug":"kaufe-neue-spanien-wm-2022-heimtrikot-teampower-rot-herren-fussballtrikots","status":"publish","type":"product","link":"https:\/\/www.billigtrikotde.com\/hr\/kaufe-neue-spanien-wm-2022-heimtrikot-teampower-rot-herren-fussballtrikots\/","title":{"rendered":"Kupi Novi \u0160panjolska Svjetsko prvenstvo 2022 doma\u0107i dres Teampower Crvena mu\u0161karci nogometni dresovi"},"content":{"rendered":"<p>Jedna zemlja, jedna mom\u010dad, jedan zajedni\u010dki cilj: sljede\u0107i naslov. Ovaj bezvremenski doma\u0107i dres odi\u0161e neponovljivom nogometnom DNA-om \u0160panjolske i dolazi u tipi\u010dnim crvenim bojama tima. Tiskan logo \u0161panjolskog nogometnog saveza i logo s tri pruge na prsima \u010dine dizajn savr\u0161enim. Osim toga, tehnologija AEROREADY koja upija vlagu pru\u017ea ugodan osje\u0107aj pri no\u0161enju dok navija\u010di prate najve\u0107i nogometni doga\u0111aj na svijetu.<br \/>\nPro\u0161iri svoju kolekciju \u0160panjolske s doma\u0107im dresom koji nose i igra\u010di na Svjetskom prvenstvu. Preporu\u010dujemo ovaj model koji odvodi znoj, izuzetno je udoban i prozra\u010dan s ugodnim osje\u0107ajem pri no\u0161enju. S ovim dresom mo\u017eete se savr\u0161eno pripremiti za svog sljede\u0107eg protivnika. Vizualno se isti\u010de s logom saveza na prsima.<\/p>\n<p>Savjeti za ispis: Ako ime i broj na slici to\u010dno odgovaraju va\u0161im \u017eeljama, ne morate ih ponovno unositi. Ako ne, unesite \u017eeljeno ime i broj.<\/p>\n<p>Savjeti za pranje: Preporu\u010duje se ru\u010dno pranje nogometnih dresova. Ako \u017eelite koristiti perilicu, sjetite se okrenuti dresove naopako prije pranja. Napunite perilicu hladnom vodom i koristite program za osjetljive tkanine kako biste bolje za\u0161titili boje.<\/p>","protected":false},"excerpt":{"rendered":"<p>Jedna zemlja, jedna mom\u010dad, jedan zajedni\u010dki cilj: sljede\u0107i naslov. Ovaj bezvremenski doma\u0107i dres odi\u0161e prepoznatljivom nogometnom DNK-om Hrvatske i dolazi u tipi\u010dnim crvenim bojama mom\u010dadi. Tiskan logo Hrvatskog nogometnog saveza i logo s tri pruge na prsima \u010dine dizajn savr\u0161enim. Osim toga, tehnologija AEROREADY koja upija vlagu pru\u017ea ugodan osje\u0107aj pri no\u0161enju, kada [...]<\/p>","protected":false},"featured_media":8797,"comment_status":"open","ping_status":"closed","template":"","meta":[],"product_brand":[],"product_cat":[131],"product_tag":[20,21,22,23,24,385,386],"class_list":{"0":"post-8756","1":"product","2":"type-product","3":"status-publish","4":"has-post-thumbnail","6":"product_cat-spanien-trikots","7":"product_tag-coole-fussballtrikots","8":"product_tag-fussballtrikot-fuer-herren","9":"product_tag-fussballtrikot-guenstig-kaufen","10":"product_tag-fussballtrikot-kurzarm","11":"product_tag-guenstiges-fussballtrikot","12":"product_tag-herren-spanien-trikot","13":"product_tag-spanien-wm-2022-heimtrikot","15":"first","16":"instock","17":"shipping-taxable","18":"purchasable","19":"product-type-variable"},"_links":{"self":[{"href":"https:\/\/www.billigtrikotde.com\/hr\/wp-json\/wp\/v2\/product\/8756","targetHints":{"allow":["GET"]}}],"collection":[{"href":"https:\/\/www.billigtrikotde.com\/hr\/wp-json\/wp\/v2\/product"}],"about":[{"href":"https:\/\/www.billigtrikotde.com\/hr\/wp-json\/wp\/v2\/types\/product"}],"replies":[{"embeddable":true,"href":"https:\/\/www.billigtrikotde.com\/hr\/wp-json\/wp\/v2\/comments?post=8756"}],"wp:featuredmedia":[{"embeddable":true,"href":"https:\/\/www.billigtrikotde.com\/hr\/wp-json\/wp\/v2\/media\/8797"}],"wp:attachment":[{"href":"https:\/\/www.billigtrikotde.com\/hr\/wp-json\/wp\/v2\/media?parent=8756"}],"wp:term":[{"taxonomy":"product_brand","embeddable":true,"href":"https:\/\/www.billigtrikotde.com\/hr\/wp-json\/wp\/v2\/product_brand?post=8756"},{"taxonomy":"product_cat","embeddable":true,"href":"https:\/\/www.billigtrikotde.com\/hr\/wp-json\/wp\/v2\/product_cat?post=8756"},{"taxonomy":"product_tag","embeddable":true,"href":"https:\/\/www.billigtrikotde.com\/hr\/wp-json\/wp\/v2\/product_tag?post=8756"}],"curies":[{"name":"wp","href":"https:\/\/api.w.org\/{rel}","templated":true}]}}