{"id":8568,"date":"2024-10-24T01:43:17","date_gmt":"2024-10-23T23:43:17","guid":{"rendered":"http:\/\/billigtrikots.com\/?post_type=product&#038;p=8568"},"modified":"2024-10-24T01:45:31","modified_gmt":"2024-10-23T23:45:31","slug":"sterling-7-manchester-city-auswaertstrikot-2022-2023-schwarz-rot-kurzarm-kurze-hosen","status":"publish","type":"product","link":"https:\/\/www.billigtrikotde.com\/hr\/sterling-7-manchester-city-auswaertstrikot-2022-2023-schwarz-rot-kurzarm-kurze-hosen\/","title":{"rendered":"STERLING 7 Manchester City gostuju\u0107i dres 2022\/2023 crno crveni kratkih rukava + kratke hla\u010de"},"content":{"rendered":"<p>Grad je izvedao show. Kada je generacija iz 1969. iza\u0161la na ulicu, svojim hrabrim, tehni\u010dki potkovanim nogometom privukla je pozornost \u2013 i svoj novi gostuju\u0107i dres hrabro i sjajno. Vertikalni pruga u crvenoj i crnoj boji, koje je dizajnirao legendarni Malcolm Allison, pokazale su se pobjedni\u010dkim na zavr\u0161nicama FA Cup 1969. i finalima Liga kupa i Kupa prvaka Europskih kupova 1970. te su zaslu\u017eile svoje mjesto me\u0111u apsolutnim favoritima navija\u010da. Sezona 2022\/23 Manchester City F.C. Gostuju\u0107i dres daje klasi\u010dnom dizajnu novu energiju. Po prvi puta crvene i crne pruge teku vodoravno preko dresa, inspirirano klubskim grbom i prikazom tri rijeke Manchestera.<\/p>\n<p>Savjeti za ispis: Ako ime i broj na slici to\u010dno odgovaraju va\u0161im \u017eeljama, ne morate ih ponovno unositi. Ako ne, unesite \u017eeljeno ime i broj.<\/p>\n<p>Savjeti za pranje: Preporu\u010duje se ru\u010dno pranje nogometnih dresova. Ako \u017eelite koristiti perilicu, sjetite se okrenuti dresove naopako prije pranja. Napunite perilicu hladnom vodom i koristite program za osjetljive tkanine kako biste bolje za\u0161titili boje.<\/p>","protected":false},"excerpt":{"rendered":"<p>Grad je odr\u017eao predstavu. Kada je generacija 1969. iza\u0161la na ulicu, izazvala je pa\u017enju svojom hrabrom, tehni\u010dki vje\u0161tom nogometnom igrom \u2013 i svojom hrabrom i briljantnom novom gostuju\u0107om majicom. Vertikalne pruge u crvenoj i crnoj boji, dizajnirane od legendarne osobe Malcolma Allisona, pokazale su se tijekom finala FA kupa 1969. i zavr\u0161nica<\/p>","protected":false},"featured_media":8607,"comment_status":"open","ping_status":"closed","template":"","meta":[],"product_brand":[],"product_cat":[82],"product_tag":[20,21,22,333,24,334,273,337,84],"class_list":{"0":"post-8568","1":"product","2":"type-product","3":"status-publish","4":"has-post-thumbnail","6":"product_cat-manchester-city","7":"product_tag-coole-fussballtrikots","8":"product_tag-fussballtrikot-fuer-herren","9":"product_tag-fussballtrikot-guenstig-kaufen","10":"product_tag-fussballtrikot-langaermeliges","11":"product_tag-guenstiges-fussballtrikot","12":"product_tag-manchester-city-torwarttrikot","13":"product_tag-manchester-city-trikot-22-23","14":"product_tag-manchester-city-trikot-away","15":"product_tag-manchester-city-trikots","17":"first","18":"instock","19":"shipping-taxable","20":"purchasable","21":"product-type-variable"},"_links":{"self":[{"href":"https:\/\/www.billigtrikotde.com\/hr\/wp-json\/wp\/v2\/product\/8568","targetHints":{"allow":["GET"]}}],"collection":[{"href":"https:\/\/www.billigtrikotde.com\/hr\/wp-json\/wp\/v2\/product"}],"about":[{"href":"https:\/\/www.billigtrikotde.com\/hr\/wp-json\/wp\/v2\/types\/product"}],"replies":[{"embeddable":true,"href":"https:\/\/www.billigtrikotde.com\/hr\/wp-json\/wp\/v2\/comments?post=8568"}],"wp:featuredmedia":[{"embeddable":true,"href":"https:\/\/www.billigtrikotde.com\/hr\/wp-json\/wp\/v2\/media\/8607"}],"wp:attachment":[{"href":"https:\/\/www.billigtrikotde.com\/hr\/wp-json\/wp\/v2\/media?parent=8568"}],"wp:term":[{"taxonomy":"product_brand","embeddable":true,"href":"https:\/\/www.billigtrikotde.com\/hr\/wp-json\/wp\/v2\/product_brand?post=8568"},{"taxonomy":"product_cat","embeddable":true,"href":"https:\/\/www.billigtrikotde.com\/hr\/wp-json\/wp\/v2\/product_cat?post=8568"},{"taxonomy":"product_tag","embeddable":true,"href":"https:\/\/www.billigtrikotde.com\/hr\/wp-json\/wp\/v2\/product_tag?post=8568"}],"curies":[{"name":"wp","href":"https:\/\/api.w.org\/{rel}","templated":true}]}}