{"id":8538,"date":"2024-10-24T01:42:01","date_gmt":"2024-10-23T23:42:01","guid":{"rendered":"http:\/\/billigtrikots.com\/?post_type=product&#038;p=8538"},"modified":"2024-10-24T01:44:17","modified_gmt":"2024-10-23T23:44:17","slug":"herren-kroatien-2022-world-cup-heimtrikot-rot-weiss-blaue-trikotsatz-kit","status":"publish","type":"product","link":"https:\/\/www.billigtrikotde.com\/hr\/herren-kroatien-2022-world-cup-heimtrikot-rot-weiss-blaue-trikotsatz-kit\/","title":{"rendered":"Mu\u0161karci Hrvatska 2022 Svjetsko prvenstvo doma\u0107a majica crvena bijela plava kompletn majica kit"},"content":{"rendered":"<p>Ima crvene kvadrate od desne gore do sredine, ali nema ih u donjem dijelu, \u010dime se stvara iluzija vijorave zastave. Swoosh i hrvatski logo nisu u sredini, ve\u0107 desno\/lijevo. MTN je tako\u0111er dodao neke crveno-bijelo-plave detalje na ovratniku i na rubovima rukava, koji su tako\u0111er inspirirani dresom iz 1998. godine.<\/p>\n<p>Savjeti za ispis: Ako ime i broj na slici to\u010dno odgovaraju va\u0161im \u017eeljama, ne morate ih ponovno unositi. Ako ne, unesite \u017eeljeno ime i broj.<\/p>\n<p>Savjeti za pranje: Preporu\u010duje se ru\u010dno pranje nogometnih dresova. Ako \u017eelite koristiti perilicu, sjetite se okrenuti dresove naopako prije pranja. Napunite perilicu hladnom vodom i koristite program za osjetljive tkanine kako biste bolje za\u0161titili boje.<\/p>","protected":false},"excerpt":{"rendered":"<p>Ima crvene kvadrate od desne gore do sredine, ali nema ih u donjem dijelu, \u010dime se stvara iluzija vijorave zastave. Swoosh i hrvatski logo nisu u sredini, ve\u0107 desno\/lijevo. MTN je tako\u0111er dodao neke crveno-bijelo-plave detalje na ovratniku i na rubovima rukava, koji su tako\u0111er inspirirani dresom iz 1998. godine.<\/p>","protected":false},"featured_media":8572,"comment_status":"open","ping_status":"closed","template":"","meta":[],"product_brand":[],"product_cat":[261],"product_tag":[20,35,21,22,23,24,381,263,264],"class_list":{"0":"post-8538","1":"product","2":"type-product","3":"status-publish","4":"has-post-thumbnail","6":"product_cat-kroatien-trikots","7":"product_tag-coole-fussballtrikots","8":"product_tag-fussball-torwarttrikots","9":"product_tag-fussballtrikot-fuer-herren","10":"product_tag-fussballtrikot-guenstig-kaufen","11":"product_tag-fussballtrikot-kurzarm","12":"product_tag-guenstiges-fussballtrikot","13":"product_tag-kroatien-2022-world-cup-heimtrikot","14":"product_tag-kroatien-trikot-herren","15":"product_tag-kroatien-trikots","17":"first","18":"instock","19":"shipping-taxable","20":"purchasable","21":"product-type-variable"},"_links":{"self":[{"href":"https:\/\/www.billigtrikotde.com\/hr\/wp-json\/wp\/v2\/product\/8538","targetHints":{"allow":["GET"]}}],"collection":[{"href":"https:\/\/www.billigtrikotde.com\/hr\/wp-json\/wp\/v2\/product"}],"about":[{"href":"https:\/\/www.billigtrikotde.com\/hr\/wp-json\/wp\/v2\/types\/product"}],"replies":[{"embeddable":true,"href":"https:\/\/www.billigtrikotde.com\/hr\/wp-json\/wp\/v2\/comments?post=8538"}],"wp:featuredmedia":[{"embeddable":true,"href":"https:\/\/www.billigtrikotde.com\/hr\/wp-json\/wp\/v2\/media\/8572"}],"wp:attachment":[{"href":"https:\/\/www.billigtrikotde.com\/hr\/wp-json\/wp\/v2\/media?parent=8538"}],"wp:term":[{"taxonomy":"product_brand","embeddable":true,"href":"https:\/\/www.billigtrikotde.com\/hr\/wp-json\/wp\/v2\/product_brand?post=8538"},{"taxonomy":"product_cat","embeddable":true,"href":"https:\/\/www.billigtrikotde.com\/hr\/wp-json\/wp\/v2\/product_cat?post=8538"},{"taxonomy":"product_tag","embeddable":true,"href":"https:\/\/www.billigtrikotde.com\/hr\/wp-json\/wp\/v2\/product_tag?post=8538"}],"curies":[{"name":"wp","href":"https:\/\/api.w.org\/{rel}","templated":true}]}}