{"id":8530,"date":"2024-10-24T01:41:29","date_gmt":"2024-10-23T23:41:29","guid":{"rendered":"http:\/\/billigtrikots.com\/?post_type=product&#038;p=8530"},"modified":"2024-10-24T01:43:42","modified_gmt":"2024-10-23T23:43:42","slug":"england-auswaertstrikots-fuer-die-fussball-weltmeisterschaft-2022-rot-online-kaufen","status":"publish","type":"product","link":"https:\/\/www.billigtrikotde.com\/hr\/england-auswaertstrikots-fuer-die-fussball-weltmeisterschaft-2022-rot-online-kaufen\/","title":{"rendered":"Engleske gostuju\u0107e dresove za Svjetsko prvenstvo u nogometu 2022 crvene online kupiti"},"content":{"rendered":"<p>Ovo je gostuju\u0107i dres Engleske za Svjetsko prvenstvo 2022. Nike Engleska nacionalna nogometna mom\u010dad gostuju\u0107i dres 2022. crvene je boje, kombiniran s mornarsko plavim i svijetloplavim logotipima i elementima dizajna. To je prvi prvenstveno crveni engleski gostuju\u0107i dres od Svjetskog prvenstva 2018. Crne hla\u010de i \u010darape upotpunjavaju Engleski dres za Svjetsko prvenstvo 2022. od Nike.<\/p>\n<p>Savjeti za ispis: Ako ime i broj na slici to\u010dno odgovaraju va\u0161im \u017eeljama, ne morate ih ponovno unositi. Ako ne, unesite \u017eeljeno ime i broj.<\/p>\n<p>Savjeti za pranje: Preporu\u010duje se ru\u010dno pranje nogometnih dresova. Ako \u017eelite koristiti perilicu, sjetite se okrenuti dresove naopako prije pranja. Napunite perilicu hladnom vodom i koristite program za osjetljive tkanine kako biste bolje za\u0161titili boje.<\/p>","protected":false},"excerpt":{"rendered":"<p>Ovo je Nike Engleska 2022 gostuju\u0107i dres za Svjetsko prvenstvo. Nike Engleska nacionalna nogometna mom\u010dad 2022 gostuju\u0107i dres je crven, kombiniran s tamnoplavim i svijetloplavim logotipima i dizajnerskim elementima. To je prvi uglavnom crveni engleski gostuju\u0107i dres od Svjetskog prvenstva 2018. Crvene hla\u010de i \u010darape upotpunjuju England 2022 World Cup gostuju\u0107i dres Nikea. Savjeti za tiskanje: Ako ime [\u2026]<\/p>","protected":false},"featured_media":8570,"comment_status":"open","ping_status":"closed","template":"","meta":[],"product_brand":[],"product_cat":[115],"product_tag":[20,379,21,22,23,24],"class_list":{"0":"post-8530","1":"product","2":"type-product","3":"status-publish","4":"has-post-thumbnail","6":"product_cat-england-trikots","7":"product_tag-coole-fussballtrikots","8":"product_tag-england-wm-2022-auswaertstrikot","9":"product_tag-fussballtrikot-fuer-herren","10":"product_tag-fussballtrikot-guenstig-kaufen","11":"product_tag-fussballtrikot-kurzarm","12":"product_tag-guenstiges-fussballtrikot","14":"first","15":"instock","16":"shipping-taxable","17":"purchasable","18":"product-type-variable"},"_links":{"self":[{"href":"https:\/\/www.billigtrikotde.com\/hr\/wp-json\/wp\/v2\/product\/8530","targetHints":{"allow":["GET"]}}],"collection":[{"href":"https:\/\/www.billigtrikotde.com\/hr\/wp-json\/wp\/v2\/product"}],"about":[{"href":"https:\/\/www.billigtrikotde.com\/hr\/wp-json\/wp\/v2\/types\/product"}],"replies":[{"embeddable":true,"href":"https:\/\/www.billigtrikotde.com\/hr\/wp-json\/wp\/v2\/comments?post=8530"}],"wp:featuredmedia":[{"embeddable":true,"href":"https:\/\/www.billigtrikotde.com\/hr\/wp-json\/wp\/v2\/media\/8570"}],"wp:attachment":[{"href":"https:\/\/www.billigtrikotde.com\/hr\/wp-json\/wp\/v2\/media?parent=8530"}],"wp:term":[{"taxonomy":"product_brand","embeddable":true,"href":"https:\/\/www.billigtrikotde.com\/hr\/wp-json\/wp\/v2\/product_brand?post=8530"},{"taxonomy":"product_cat","embeddable":true,"href":"https:\/\/www.billigtrikotde.com\/hr\/wp-json\/wp\/v2\/product_cat?post=8530"},{"taxonomy":"product_tag","embeddable":true,"href":"https:\/\/www.billigtrikotde.com\/hr\/wp-json\/wp\/v2\/product_tag?post=8530"}],"curies":[{"name":"wp","href":"https:\/\/api.w.org\/{rel}","templated":true}]}}