{"id":8506,"date":"2024-10-24T01:40:18","date_gmt":"2024-10-23T23:40:18","guid":{"rendered":"http:\/\/billigtrikots.com\/?post_type=product&#038;p=8506"},"modified":"2024-10-24T01:42:31","modified_gmt":"2024-10-23T23:42:31","slug":"shop-herren-heimtrikot-belgien-wm-2022-trikot-rot-schwarz-trikotsatz","status":"publish","type":"product","link":"https:\/\/www.billigtrikotde.com\/hr\/shop-herren-heimtrikot-belgien-wm-2022-trikot-rot-schwarz-trikotsatz\/","title":{"rendered":"Shop mu\u0161karci doma\u0107i dres Belgija SP 2022 dres crveno crno komplet dresova"},"content":{"rendered":"<p>Adidas Belgium 2022 World Cup dres ima crveni trup s crnim Raglan rukavima. Ono \u0161to odmah upada u o\u010di je plamen grafika koja se di\u017ee na kraju rukava. Grafika ima blagi digitalizirani efekt. Adidas pruge na ramenima su crvene, kao i novi logotip, dok je obilje\u017eje zlatno sjajno. Hla\u010de i \u010darape doma\u0107eg dresa za Svjetsko prvenstvo 2022 u Belgiji su crne, pri \u010demu potonje imaju otisak plamena koji podsje\u0107a na onaj na rukavima doma\u0107eg dresa za Svjetsko prvenstvo 2022 u Belgiji.<\/p>\n<p>Savjeti za ispis: Ako ime i broj na slici to\u010dno odgovaraju va\u0161im \u017eeljama, ne morate ih ponovno unositi. Ako ne, unesite \u017eeljeno ime i broj.<\/p>\n<p>Savjeti za pranje: Preporu\u010duje se ru\u010dno pranje nogometnih dresova. Ako \u017eelite koristiti perilicu, sjetite se okrenuti dresove naopako prije pranja. Napunite perilicu hladnom vodom i koristite program za osjetljive tkanine kako biste bolje za\u0161titili boje.<\/p>","protected":false},"excerpt":{"rendered":"<p>Adidas Belgium 2022 World Cup dres ima crveni trup s crnim Raglan rukavima. Ono \u0161to odmah zapne za oko je grafika plamena koja se uzdi\u017ee na kraju rukava. Grafika ima malo digitalizirani efekt. Adidas trake na ramenima su crvene, kao i novi logo, dok je zna\u010dka zlatno sjajna. Hla\u010de i \u0161tucne [\u2026]<\/p>","protected":false},"featured_media":8546,"comment_status":"open","ping_status":"closed","template":"","meta":[],"product_brand":[],"product_cat":[173],"product_tag":[382,120,20,21,22,23,24],"class_list":{"0":"post-8506","1":"product","2":"type-product","3":"status-publish","4":"has-post-thumbnail","6":"product_cat-belgien-trikots","7":"product_tag-belgien-heimtrikot","8":"product_tag-belgien-trikots","9":"product_tag-coole-fussballtrikots","10":"product_tag-fussballtrikot-fuer-herren","11":"product_tag-fussballtrikot-guenstig-kaufen","12":"product_tag-fussballtrikot-kurzarm","13":"product_tag-guenstiges-fussballtrikot","15":"first","16":"instock","17":"shipping-taxable","18":"purchasable","19":"product-type-variable"},"_links":{"self":[{"href":"https:\/\/www.billigtrikotde.com\/hr\/wp-json\/wp\/v2\/product\/8506","targetHints":{"allow":["GET"]}}],"collection":[{"href":"https:\/\/www.billigtrikotde.com\/hr\/wp-json\/wp\/v2\/product"}],"about":[{"href":"https:\/\/www.billigtrikotde.com\/hr\/wp-json\/wp\/v2\/types\/product"}],"replies":[{"embeddable":true,"href":"https:\/\/www.billigtrikotde.com\/hr\/wp-json\/wp\/v2\/comments?post=8506"}],"wp:featuredmedia":[{"embeddable":true,"href":"https:\/\/www.billigtrikotde.com\/hr\/wp-json\/wp\/v2\/media\/8546"}],"wp:attachment":[{"href":"https:\/\/www.billigtrikotde.com\/hr\/wp-json\/wp\/v2\/media?parent=8506"}],"wp:term":[{"taxonomy":"product_brand","embeddable":true,"href":"https:\/\/www.billigtrikotde.com\/hr\/wp-json\/wp\/v2\/product_brand?post=8506"},{"taxonomy":"product_cat","embeddable":true,"href":"https:\/\/www.billigtrikotde.com\/hr\/wp-json\/wp\/v2\/product_cat?post=8506"},{"taxonomy":"product_tag","embeddable":true,"href":"https:\/\/www.billigtrikotde.com\/hr\/wp-json\/wp\/v2\/product_tag?post=8506"}],"curies":[{"name":"wp","href":"https:\/\/api.w.org\/{rel}","templated":true}]}}