{"id":8502,"date":"2024-10-24T01:40:15","date_gmt":"2024-10-23T23:40:15","guid":{"rendered":"http:\/\/billigtrikots.com\/?post_type=product&#038;p=8502"},"modified":"2024-10-24T01:42:29","modified_gmt":"2024-10-23T23:42:29","slug":"herren-croatia-2022-world-cup-auswaertstrikot-blackened-blue-neuen-fussballtrikots","status":"publish","type":"product","link":"https:\/\/www.billigtrikotde.com\/hr\/herren-croatia-2022-world-cup-auswaertstrikot-blackened-blue-neuen-fussballtrikots\/","title":{"rendered":"Mu\u0161karci Hrvatska 2022 Svjetsko prvenstvo gostuju\u0107a majica crna plava nova nogometne majice"},"content":{"rendered":"<p>Ovo je Nike hrvatska gostuju\u0107a dres za Svjetsko prvenstvo 2022. u Kataru. Nike Croatia 2022 World Cup gostuju\u0107i dres ima tipi\u010dnu kombinaciju boja za hrvatske gostuju\u0107e dresove \u2013 kombinira tamno mornarsko plavu podlogu s svijetloplavim grafi\u010dkim elementima i crvenim logotipima. Slu\u017ebeno su boje \u201eBlackened Blue \/ University Red\u201c.<\/p>\n<p>Savjeti za ispis: Ako ime i broj na slici to\u010dno odgovaraju va\u0161im \u017eeljama, ne morate ih ponovno unositi. Ako ne, unesite \u017eeljeno ime i broj.<\/p>\n<p>Savjeti za pranje: Preporu\u010duje se ru\u010dno pranje nogometnih dresova. Ako \u017eelite koristiti perilicu, sjetite se okrenuti dresove naopako prije pranja. Napunite perilicu hladnom vodom i koristite program za osjetljive tkanine kako biste bolje za\u0161titili boje.<\/p>","protected":false},"excerpt":{"rendered":"<p>Dies ist das Nike Kroatien Ausw\u00e4rtstrikot f\u00fcr die Weltmeisterschaft 2022 in Katar.Das Nike Croatia 2022 World Cup Ausw\u00e4rtstrikot hat eine typische Farbkombination f\u00fcr Kroatiens Ausw\u00e4rtstrikots \u2013 es kombiniert eine dunkle marineblaue Grundfarbe mit hellblauen Grafikelementen und roten Logos. Offiziell sind die Farben \u201eBlackened Blue \/ University Red\u201c. Tipps zum Drucken: Wenn der Name und die [\u2026]<\/p>","protected":false},"featured_media":8536,"comment_status":"open","ping_status":"closed","template":"","meta":[],"product_brand":[],"product_cat":[261],"product_tag":[20,35,21,22,23,24,380,263,264],"class_list":{"0":"post-8502","1":"product","2":"type-product","3":"status-publish","4":"has-post-thumbnail","6":"product_cat-kroatien-trikots","7":"product_tag-coole-fussballtrikots","8":"product_tag-fussball-torwarttrikots","9":"product_tag-fussballtrikot-fuer-herren","10":"product_tag-fussballtrikot-guenstig-kaufen","11":"product_tag-fussballtrikot-kurzarm","12":"product_tag-guenstiges-fussballtrikot","13":"product_tag-kroatien-2022-wm-auswaertstrikot","14":"product_tag-kroatien-trikot-herren","15":"product_tag-kroatien-trikots","17":"first","18":"instock","19":"shipping-taxable","20":"purchasable","21":"product-type-variable"},"_links":{"self":[{"href":"https:\/\/www.billigtrikotde.com\/hr\/wp-json\/wp\/v2\/product\/8502","targetHints":{"allow":["GET"]}}],"collection":[{"href":"https:\/\/www.billigtrikotde.com\/hr\/wp-json\/wp\/v2\/product"}],"about":[{"href":"https:\/\/www.billigtrikotde.com\/hr\/wp-json\/wp\/v2\/types\/product"}],"replies":[{"embeddable":true,"href":"https:\/\/www.billigtrikotde.com\/hr\/wp-json\/wp\/v2\/comments?post=8502"}],"wp:featuredmedia":[{"embeddable":true,"href":"https:\/\/www.billigtrikotde.com\/hr\/wp-json\/wp\/v2\/media\/8536"}],"wp:attachment":[{"href":"https:\/\/www.billigtrikotde.com\/hr\/wp-json\/wp\/v2\/media?parent=8502"}],"wp:term":[{"taxonomy":"product_brand","embeddable":true,"href":"https:\/\/www.billigtrikotde.com\/hr\/wp-json\/wp\/v2\/product_brand?post=8502"},{"taxonomy":"product_cat","embeddable":true,"href":"https:\/\/www.billigtrikotde.com\/hr\/wp-json\/wp\/v2\/product_cat?post=8502"},{"taxonomy":"product_tag","embeddable":true,"href":"https:\/\/www.billigtrikotde.com\/hr\/wp-json\/wp\/v2\/product_tag?post=8502"}],"curies":[{"name":"wp","href":"https:\/\/api.w.org\/{rel}","templated":true}]}}