{"id":8469,"date":"2024-10-24T01:38:36","date_gmt":"2024-10-23T23:38:36","guid":{"rendered":"http:\/\/billigtrikots.com\/?post_type=product&#038;p=8469"},"modified":"2024-10-24T01:40:44","modified_gmt":"2024-10-23T23:40:44","slug":"herren-fussballtrikot-der-saison-2022-23-chelsea-fc-ausweichtrikot-orange","status":"publish","type":"product","link":"https:\/\/www.billigtrikotde.com\/hr\/herren-fussballtrikot-der-saison-2022-23-chelsea-fc-ausweichtrikot-orange\/","title":{"rendered":"Mu\u0161ki nogometni dres sezone 2022\/23 Chelsea FC gostuju\u0107i dres naran\u010dasti"},"content":{"rendered":"<p>Tre\u0107i dres Chelseaja 2022-2023 kombinira osnovu u \u201eSesam\u201c (zlatna) s crnom i naran\u010dastom. To je vrlo jednostavan dizajn bez ekstravagantnih grafika ili uzoraka. Jedini detalji pojavljuju se u obliku stra\u017enjeg panela ovratnika te man\u017eeta na rukavima, koje su crne s naran\u010dastom. Zlatne hla\u010de i bijeli \u010darape s crno-naran\u010dasto-crnim vodoravnim prugama upotpunjuju Nike Chelsea 22-23 [\u2026]<\/p>\n<p>Savjeti za ispis: Ako ime i broj na slici to\u010dno odgovaraju va\u0161im \u017eeljama, ne morate ih ponovno unositi. Ako ne, unesite \u017eeljeno ime i broj.<\/p>\n<p>Savjeti za pranje: Preporu\u010duje se ru\u010dno pranje nogometnih dresova. Ako \u017eelite koristiti perilicu, sjetite se okrenuti dresove naopako prije pranja. Napunite perilicu hladnom vodom i koristite program za osjetljive tkanine kako biste bolje za\u0161titili boje.<\/p>","protected":false},"excerpt":{"rendered":"<p>Tre\u0107i dres Chelseaja 2022-2023 kombinira osnovu u \u201eSesam\u201c (zlatna) s crnom i naran\u010dastom. To je vrlo jednostavan dizajn bez ekstravagantnih grafika ili uzoraka. Jedini detalji pojavljuju se u obliku stra\u017enjeg panela ovratnika te man\u017eeta na rukavima, koje su crne s naran\u010dastom. Zlatne hla\u010de i bijeli \u010darape s crno-naran\u010dasto-crnim vodoravnim prugama upotpunjuju Nike Chelsea 22-23 [\u2026]<\/p>","protected":false},"featured_media":8509,"comment_status":"open","ping_status":"closed","template":"","meta":[],"product_brand":[],"product_cat":[72],"product_tag":[20,375,308,309,310,73,21,24],"class_list":{"0":"post-8469","1":"product","2":"type-product","3":"status-publish","4":"has-post-thumbnail","6":"product_cat-chelsea","7":"product_tag-coole-fussballtrikots","8":"product_tag-chelsea-2022-2023-third-jersey","9":"product_tag-chelsea-fc-22-23-trikot-deutschland","10":"product_tag-chelsea-fc-22-23-trikot-guenstig","11":"product_tag-chelsea-fc-22-23-trikot-kaufen","12":"product_tag-chelsea-trikots","13":"product_tag-fussballtrikot-fuer-herren","14":"product_tag-guenstiges-fussballtrikot","16":"first","17":"instock","18":"shipping-taxable","19":"purchasable","20":"product-type-variable"},"_links":{"self":[{"href":"https:\/\/www.billigtrikotde.com\/hr\/wp-json\/wp\/v2\/product\/8469","targetHints":{"allow":["GET"]}}],"collection":[{"href":"https:\/\/www.billigtrikotde.com\/hr\/wp-json\/wp\/v2\/product"}],"about":[{"href":"https:\/\/www.billigtrikotde.com\/hr\/wp-json\/wp\/v2\/types\/product"}],"replies":[{"embeddable":true,"href":"https:\/\/www.billigtrikotde.com\/hr\/wp-json\/wp\/v2\/comments?post=8469"}],"wp:featuredmedia":[{"embeddable":true,"href":"https:\/\/www.billigtrikotde.com\/hr\/wp-json\/wp\/v2\/media\/8509"}],"wp:attachment":[{"href":"https:\/\/www.billigtrikotde.com\/hr\/wp-json\/wp\/v2\/media?parent=8469"}],"wp:term":[{"taxonomy":"product_brand","embeddable":true,"href":"https:\/\/www.billigtrikotde.com\/hr\/wp-json\/wp\/v2\/product_brand?post=8469"},{"taxonomy":"product_cat","embeddable":true,"href":"https:\/\/www.billigtrikotde.com\/hr\/wp-json\/wp\/v2\/product_cat?post=8469"},{"taxonomy":"product_tag","embeddable":true,"href":"https:\/\/www.billigtrikotde.com\/hr\/wp-json\/wp\/v2\/product_tag?post=8469"}],"curies":[{"name":"wp","href":"https:\/\/api.w.org\/{rel}","templated":true}]}}