{"id":8459,"date":"2024-10-24T01:38:02","date_gmt":"2024-10-23T23:38:02","guid":{"rendered":"http:\/\/billigtrikots.com\/?post_type=product&#038;p=8459"},"modified":"2024-10-24T01:40:11","modified_gmt":"2024-10-23T23:40:11","slug":"kaufe-neue-fussballtrikots-mexiko-2022-wm-auswaertstrikot-herren-trikotsatz","status":"publish","type":"product","link":"https:\/\/www.billigtrikotde.com\/hr\/kaufe-neue-fussballtrikots-mexiko-2022-wm-auswaertstrikot-herren-trikotsatz\/","title":{"rendered":"Kupi Nove nogometne trikote Meksiko 2022 SP gostuju\u0107i dres mu\u0161karci komplet trikota"},"content":{"rendered":"<p>Pozovi svoj borbeni duh kako bi stigao do svjetske injekcije nogometa. Za to smo ovom adidas Mexiko gostuju\u0107om majicom za djecu i tinejd\u017eere dali izgled inspiriran mije\u0161anim simbolima i aztekim bo\u017eanstvima. Usred ovog upe\u010datljivog uzorka nalazi se i zmijin trup Quetzalcoatl-a \u2013 prikaz fizi\u010dkih sposobnosti \u010dovje\u010danstva. Mesh umetci i tehnologija AEROREADY za upijanje vlage garantiraju ti ugodan osje\u0107aj pri no\u0161enju. A potpuno novi klubni logo isti\u010de tvoju ljubav prema navija\u010dima.<\/p>\n<p>Savjeti za ispis: Ako ime i broj na slici to\u010dno odgovaraju va\u0161im \u017eeljama, ne morate ih ponovno unositi. Ako ne, unesite \u017eeljeno ime i broj.<\/p>\n<p>Savjeti za pranje: Preporu\u010duje se ru\u010dno pranje nogometnih dresova. Ako \u017eelite koristiti perilicu, sjetite se okrenuti dresove naopako prije pranja. Napunite perilicu hladnom vodom i koristite program za osjetljive tkanine kako biste bolje za\u0161titili boje.<\/p>","protected":false},"excerpt":{"rendered":"<p>Pozovi svoj borbeni duh da stigne do svjetske injekcije nogometa. Za to smo ovom adidas Mexiko gostuju\u0107om majicom za djecu i tinejd\u017eere dali izgled inspiriran mije\u0161anim znakovima i aztekim bo\u017eanstvima. Usred ovog upe\u010datljivog uzorka cijelog dizajna nalazi se i tijelo zmije Quetzalcoatl \u2013 prikaz fizi\u010dkih sposobnosti \u010dovje\u010danstva. Mesh umetci i upijaju\u0107i vlagu [\u2026]<\/p>","protected":false},"featured_media":8499,"comment_status":"open","ping_status":"closed","template":"","meta":[],"product_brand":[],"product_cat":[251],"product_tag":[20,21,22,23,24,252,360,364],"class_list":{"0":"post-8459","1":"product","2":"type-product","3":"status-publish","4":"has-post-thumbnail","6":"product_cat-mexiko-trikots","7":"product_tag-coole-fussballtrikots","8":"product_tag-fussballtrikot-fuer-herren","9":"product_tag-fussballtrikot-guenstig-kaufen","10":"product_tag-fussballtrikot-kurzarm","11":"product_tag-guenstiges-fussballtrikot","12":"product_tag-mexiko-2022-trikots","13":"product_tag-mexiko-2022-wm-auswaertstrikot","14":"product_tag-mexiko-auswaertstrikot","16":"first","17":"instock","18":"shipping-taxable","19":"purchasable","20":"product-type-variable"},"_links":{"self":[{"href":"https:\/\/www.billigtrikotde.com\/hr\/wp-json\/wp\/v2\/product\/8459","targetHints":{"allow":["GET"]}}],"collection":[{"href":"https:\/\/www.billigtrikotde.com\/hr\/wp-json\/wp\/v2\/product"}],"about":[{"href":"https:\/\/www.billigtrikotde.com\/hr\/wp-json\/wp\/v2\/types\/product"}],"replies":[{"embeddable":true,"href":"https:\/\/www.billigtrikotde.com\/hr\/wp-json\/wp\/v2\/comments?post=8459"}],"wp:featuredmedia":[{"embeddable":true,"href":"https:\/\/www.billigtrikotde.com\/hr\/wp-json\/wp\/v2\/media\/8499"}],"wp:attachment":[{"href":"https:\/\/www.billigtrikotde.com\/hr\/wp-json\/wp\/v2\/media?parent=8459"}],"wp:term":[{"taxonomy":"product_brand","embeddable":true,"href":"https:\/\/www.billigtrikotde.com\/hr\/wp-json\/wp\/v2\/product_brand?post=8459"},{"taxonomy":"product_cat","embeddable":true,"href":"https:\/\/www.billigtrikotde.com\/hr\/wp-json\/wp\/v2\/product_cat?post=8459"},{"taxonomy":"product_tag","embeddable":true,"href":"https:\/\/www.billigtrikotde.com\/hr\/wp-json\/wp\/v2\/product_tag?post=8459"}],"curies":[{"name":"wp","href":"https:\/\/api.w.org\/{rel}","templated":true}]}}