{"id":8399,"date":"2024-10-24T01:35:05","date_gmt":"2024-10-23T23:35:05","guid":{"rendered":"http:\/\/billigtrikots.com\/?post_type=product&#038;p=8399"},"modified":"2024-10-24T01:37:19","modified_gmt":"2024-10-23T23:37:19","slug":"fussballtrikots-guenstig-fc-liverpool-2022-23-auswaertstrikot-trikotsatz-fuer-herren-diogo-j-20","status":"publish","type":"product","link":"https:\/\/www.billigtrikotde.com\/hr\/fussballtrikots-guenstig-fc-liverpool-2022-23-auswaertstrikot-trikotsatz-fuer-herren-diogo-j-20\/","title":{"rendered":"Nogometni dresovi povoljno FC Liverpool 2022-23 gostuju\u0107i dres komplet za mu\u0161karce DIOGO J. 20"},"content":{"rendered":"<p>Liverpoolov gostuju\u0107i dres 2022-23 je uglavnom bijel, kombiniran s crnom za logo i elemente.<\/p>\n<p>\u0160to gostuju\u0107i dres Liverpoola 22-23 isti\u010de, to je zavrtnj dizajn pri-plavi i svijetlo ljubi\u010dastoj boji u mramornom uzorku.<\/p>\n<p>Savjeti za ispis: Ako ime i broj na slici to\u010dno odgovaraju va\u0161im \u017eeljama, ne morate ih ponovno unositi. Ako ne, unesite \u017eeljeno ime i broj.<\/p>\n<p>Savjeti za pranje: Preporu\u010duje se ru\u010dno pranje nogometnih dresova. Ako \u017eelite koristiti perilicu, sjetite se okrenuti dresove naopako prije pranja. Napunite perilicu hladnom vodom i koristite program za osjetljive tkanine kako biste bolje za\u0161titili boje.<\/p>","protected":false},"excerpt":{"rendered":"<p>Nike Liverpool 2022-23 gostuju\u0107i dres je uglavnom bijel, kombiniran s crnom za logotipe i aplikacije. Ono \u0161to isti\u010de Liverpool 22-23 gostuju\u0107i dres je vrtlo\u017eni marmornasti dizajn u svijetloplavoj i svijetloru\u017ei\u010dastoj boji. Savjeti za ispis: Ako ime i broj na slici to\u010dno odgovaraju va\u0161im \u017eeljama, ne morate ih ponovno unositi. Ako ne, trebali biste [...]<\/p>","protected":false},"featured_media":8440,"comment_status":"open","ping_status":"closed","template":"","meta":[],"product_brand":[],"product_cat":[176],"product_tag":[20,21,22,23,24,156,153,370],"class_list":{"0":"post-8399","1":"product","2":"type-product","3":"status-publish","4":"has-post-thumbnail","6":"product_cat-liverpool-fc","7":"product_tag-coole-fussballtrikots","8":"product_tag-fussballtrikot-fuer-herren","9":"product_tag-fussballtrikot-guenstig-kaufen","10":"product_tag-fussballtrikot-kurzarm","11":"product_tag-guenstiges-fussballtrikot","12":"product_tag-liverpool-auswaertstrikot","13":"product_tag-liverpool-trikots","14":"product_tag-liverpool-trikots-22-23","16":"first","17":"instock","18":"shipping-taxable","19":"purchasable","20":"product-type-variable"},"_links":{"self":[{"href":"https:\/\/www.billigtrikotde.com\/hr\/wp-json\/wp\/v2\/product\/8399","targetHints":{"allow":["GET"]}}],"collection":[{"href":"https:\/\/www.billigtrikotde.com\/hr\/wp-json\/wp\/v2\/product"}],"about":[{"href":"https:\/\/www.billigtrikotde.com\/hr\/wp-json\/wp\/v2\/types\/product"}],"replies":[{"embeddable":true,"href":"https:\/\/www.billigtrikotde.com\/hr\/wp-json\/wp\/v2\/comments?post=8399"}],"wp:featuredmedia":[{"embeddable":true,"href":"https:\/\/www.billigtrikotde.com\/hr\/wp-json\/wp\/v2\/media\/8440"}],"wp:attachment":[{"href":"https:\/\/www.billigtrikotde.com\/hr\/wp-json\/wp\/v2\/media?parent=8399"}],"wp:term":[{"taxonomy":"product_brand","embeddable":true,"href":"https:\/\/www.billigtrikotde.com\/hr\/wp-json\/wp\/v2\/product_brand?post=8399"},{"taxonomy":"product_cat","embeddable":true,"href":"https:\/\/www.billigtrikotde.com\/hr\/wp-json\/wp\/v2\/product_cat?post=8399"},{"taxonomy":"product_tag","embeddable":true,"href":"https:\/\/www.billigtrikotde.com\/hr\/wp-json\/wp\/v2\/product_tag?post=8399"}],"curies":[{"name":"wp","href":"https:\/\/api.w.org\/{rel}","templated":true}]}}