{"id":8385,"date":"2024-10-24T01:34:28","date_gmt":"2024-10-23T23:34:28","guid":{"rendered":"http:\/\/billigtrikots.com\/?post_type=product&#038;p=8385"},"modified":"2024-10-24T01:36:43","modified_gmt":"2024-10-23T23:36:43","slug":"valencia-cf-2022-23-herren-heimtrikot-weiss-kurzarm-schwarz-kurze-hosen","status":"publish","type":"product","link":"https:\/\/www.billigtrikotde.com\/hr\/valencia-cf-2022-23-herren-heimtrikot-weiss-kurzarm-schwarz-kurze-hosen\/","title":{"rendered":"Valencia CF 2022-23 mu\u0161ki doma\u0107i dres bijeli kratkih rukava + crne kratke hla\u010de"},"content":{"rendered":"<p>Potpuno bijeli dres slavi stotu obljetnicu legendarnog Mestalla Stadiona kluba uz minimalisti\u010dki retro izgled. Stoto godi\u0161nje postojanje Mestalle proslavljeno je kori\u0161tenjem posebno dizajniranog grba koji se temelji na vintage plakatnom prikazu Valencie s njihovog prvog doma\u0107eg nastupa 1923. godine. Sadr\u017ei inicijale \u201eV.F.C.\u201c (ime mom\u010dadi izvorno je Valencia Football Club) i tekst \u201e1923 CAMP DE MESTALLA 2023\u201c. Otisaka sje\u0107anja s stadionom nalazi se u odjeljku za odjavu dresa. Valencia CF 2022\/23 PUMA ku\u0107ni dres nosi se uz crne hla\u010de i bijele \u010darape. Bijele hla\u010de su dostupne kao alternativa za potpuno bijeli izgled.<\/p>\n<p>Savjeti za ispis: Ako ime i broj na slici to\u010dno odgovaraju va\u0161im \u017eeljama, ne morate ih ponovno unositi. Ako ne, unesite \u017eeljeno ime i broj.<\/p>\n<p>Savjeti za pranje: Preporu\u010duje se ru\u010dno pranje nogometnih dresova. Ako \u017eelite koristiti perilicu, sjetite se okrenuti dresove naopako prije pranja. Napunite perilicu hladnom vodom i koristite program za osjetljive tkanine kako biste bolje za\u0161titili boje.<\/p>","protected":false},"excerpt":{"rendered":"<p>Das komplett wei\u00dfe Trikot feiert das hundertj\u00e4hrige Jubil\u00e4um des legend\u00e4ren Mestalla-Stadions des Clubs mit einem minimalistischen Retro-Look.Das hundertj\u00e4hrige Bestehen des Mestalla wird durch die Verwendung eines speziell entworfenen Wappens gew\u00fcrdigt, das auf einem Vintage-Poster von Valencias erstem Spiel vor Ort im Jahr 1923 basiert. Es enth\u00e4lt die Initialen \u201eV.F.C.\u201c (der Name des Teams war urspr\u00fcnglich [&hellip;]<\/p>","protected":false},"featured_media":8419,"comment_status":"open","ping_status":"closed","template":"","meta":[],"product_brand":[],"product_cat":[15],"product_tag":[20,21,22,23,24,368,369],"class_list":{"0":"post-8385","1":"product","2":"type-product","3":"status-publish","4":"has-post-thumbnail","6":"product_cat-unkategorisiert","7":"product_tag-coole-fussballtrikots","8":"product_tag-fussballtrikot-fuer-herren","9":"product_tag-fussballtrikot-guenstig-kaufen","10":"product_tag-fussballtrikot-kurzarm","11":"product_tag-guenstiges-fussballtrikot","12":"product_tag-top-best-football-jersey","13":"product_tag-valencia-cf-2022-23-heimtrikot","15":"first","16":"instock","17":"shipping-taxable","18":"purchasable","19":"product-type-variable"},"_links":{"self":[{"href":"https:\/\/www.billigtrikotde.com\/hr\/wp-json\/wp\/v2\/product\/8385","targetHints":{"allow":["GET"]}}],"collection":[{"href":"https:\/\/www.billigtrikotde.com\/hr\/wp-json\/wp\/v2\/product"}],"about":[{"href":"https:\/\/www.billigtrikotde.com\/hr\/wp-json\/wp\/v2\/types\/product"}],"replies":[{"embeddable":true,"href":"https:\/\/www.billigtrikotde.com\/hr\/wp-json\/wp\/v2\/comments?post=8385"}],"wp:featuredmedia":[{"embeddable":true,"href":"https:\/\/www.billigtrikotde.com\/hr\/wp-json\/wp\/v2\/media\/8419"}],"wp:attachment":[{"href":"https:\/\/www.billigtrikotde.com\/hr\/wp-json\/wp\/v2\/media?parent=8385"}],"wp:term":[{"taxonomy":"product_brand","embeddable":true,"href":"https:\/\/www.billigtrikotde.com\/hr\/wp-json\/wp\/v2\/product_brand?post=8385"},{"taxonomy":"product_cat","embeddable":true,"href":"https:\/\/www.billigtrikotde.com\/hr\/wp-json\/wp\/v2\/product_cat?post=8385"},{"taxonomy":"product_tag","embeddable":true,"href":"https:\/\/www.billigtrikotde.com\/hr\/wp-json\/wp\/v2\/product_tag?post=8385"}],"curies":[{"name":"wp","href":"https:\/\/api.w.org\/{rel}","templated":true}]}}