{"id":8379,"date":"2024-10-24T01:33:57","date_gmt":"2024-10-23T23:33:57","guid":{"rendered":"http:\/\/billigtrikots.com\/?post_type=product&#038;p=8379"},"modified":"2024-10-24T01:36:09","modified_gmt":"2024-10-23T23:36:09","slug":"kanada-wm-2022-world-cup-trikots-schwarz-auswaertstrikot-kurzarm-fuer-herren","status":"publish","type":"product","link":"https:\/\/www.billigtrikotde.com\/hr\/kanada-wm-2022-world-cup-trikots-schwarz-auswaertstrikot-kurzarm-fuer-herren\/","title":{"rendered":"Kanada Svjetsko prvenstvo 2022 Svjetski kup dresovi crni gostuju\u0107i dres kratkih rukava za mu\u0161karce"},"content":{"rendered":"<p>Na temelju iste predlo\u0161ke, Croatia 2022 Svjetsko prvenstvo gostuju\u0107i dres je bijel s crnim swooshom.<br \/>\nSavjeti za ispis: Ako ime i broj na slici to\u010dno odgovaraju va\u0161im \u017eeljama, ne morate ih ponovno unositi. Ako ne, unesite \u017eeljeno ime i broj.<\/p>\n<p>Savjeti za pranje: Preporu\u010duje se ru\u010dno pranje nogometnih dresova. Ako \u017eelite koristiti perilicu, sjetite se okrenuti dresove naopako prije pranja. Napunite perilicu hladnom vodom i koristite program za osjetljive tkanine kako biste bolje za\u0161titili boje.<\/p>","protected":false},"excerpt":{"rendered":"<p>Na temelju iste predlo\u0161ke, Kanadsko 2022. Svjetskog kupa gostuju\u0107i dres bjelkasto je boje s crnim swooshom. Savjeti za tiskanje: Ako je ime i broj na slici to\u010dno onako kako vi \u017eelite, ne morate ih ponovno unositi. Ako nije, unesite \u017eeljeno ime i broj. Savjeti za pranje: To \u0107e biti [\u2026]<\/p>","protected":false},"featured_media":8418,"comment_status":"open","ping_status":"closed","template":"","meta":[],"product_brand":[],"product_cat":[111],"product_tag":[20,366,21,22,23,24,367,368],"class_list":{"0":"post-8379","1":"product","2":"type-product","3":"status-publish","4":"has-post-thumbnail","6":"product_cat-nationaltrikot","7":"product_tag-coole-fussballtrikots","8":"product_tag-canada-jersey-2022","9":"product_tag-fussballtrikot-fuer-herren","10":"product_tag-fussballtrikot-guenstig-kaufen","11":"product_tag-fussballtrikot-kurzarm","12":"product_tag-guenstiges-fussballtrikot","13":"product_tag-kanada-wm-2022-world-cup-trikots","14":"product_tag-top-best-football-jersey","16":"first","17":"instock","18":"shipping-taxable","19":"purchasable","20":"product-type-variable"},"_links":{"self":[{"href":"https:\/\/www.billigtrikotde.com\/hr\/wp-json\/wp\/v2\/product\/8379","targetHints":{"allow":["GET"]}}],"collection":[{"href":"https:\/\/www.billigtrikotde.com\/hr\/wp-json\/wp\/v2\/product"}],"about":[{"href":"https:\/\/www.billigtrikotde.com\/hr\/wp-json\/wp\/v2\/types\/product"}],"replies":[{"embeddable":true,"href":"https:\/\/www.billigtrikotde.com\/hr\/wp-json\/wp\/v2\/comments?post=8379"}],"wp:featuredmedia":[{"embeddable":true,"href":"https:\/\/www.billigtrikotde.com\/hr\/wp-json\/wp\/v2\/media\/8418"}],"wp:attachment":[{"href":"https:\/\/www.billigtrikotde.com\/hr\/wp-json\/wp\/v2\/media?parent=8379"}],"wp:term":[{"taxonomy":"product_brand","embeddable":true,"href":"https:\/\/www.billigtrikotde.com\/hr\/wp-json\/wp\/v2\/product_brand?post=8379"},{"taxonomy":"product_cat","embeddable":true,"href":"https:\/\/www.billigtrikotde.com\/hr\/wp-json\/wp\/v2\/product_cat?post=8379"},{"taxonomy":"product_tag","embeddable":true,"href":"https:\/\/www.billigtrikotde.com\/hr\/wp-json\/wp\/v2\/product_tag?post=8379"}],"curies":[{"name":"wp","href":"https:\/\/api.w.org\/{rel}","templated":true}]}}