{"id":8373,"date":"2024-10-24T01:33:53","date_gmt":"2024-10-23T23:33:53","guid":{"rendered":"http:\/\/billigtrikots.com\/?post_type=product&#038;p=8373"},"modified":"2024-10-24T01:36:07","modified_gmt":"2024-10-23T23:36:07","slug":"manchester-united-22-23-drittes-trikot-gruen-fussballtrikot-fuer-herren","status":"publish","type":"product","link":"https:\/\/www.billigtrikotde.com\/hr\/manchester-united-22-23-drittes-trikot-gruen-fussballtrikot-fuer-herren\/","title":{"rendered":"Manchester United 22-23 tre\u0107i dres zeleni nogometni dres za mu\u0161karce"},"content":{"rendered":"<p>Tre\u0107e nogometno dres Adidas Manchester United 22-23 kombinira visoko ljubi\u010dastu \u017eutu osnovnu boju s izra\u017eenim \u017eutim aplikacijama i logotipima. To je vrlo moderna kombinacija boja \u2013 \u201eSemi Solar Slime\u201c &amp; \u201eLegend Ink\u201c. \u0160to se ti\u010de dizajna, tre\u0107e dres Adidas Manchester United 2022-23 je moderan. Ima uzorak u zig-zag obliku na ovratniku. Na prednjoj strani i rukavima tre\u0107eg dresa Man United 22-23 nalazi se tonirani uzorak.<br \/>\nManchester United nikada nije nosio \u017euti dres za igra\u010de. Me\u0111utim, \u201eStrom\u201c se u posljednjih nekoliko godina koristi od strane Adidasa za dresove vratara kluba. \u017duta boja kori\u0161tena je od strane Man Utd 1970-ih kao alternativna (tre\u0107a) boja.<\/p>\n<p>Savjeti za ispis: Ako ime i broj na slici to\u010dno odgovaraju va\u0161im \u017eeljama, ne morate ih ponovno unositi. Ako ne, unesite \u017eeljeno ime i broj.<\/p>\n<p>Savjeti za pranje: Preporu\u010duje se ru\u010dno pranje nogometnih dresova. Ako \u017eelite koristiti perilicu, sjetite se okrenuti dresove naopako prije pranja. Napunite perilicu hladnom vodom i koristite program za osjetljive tkanine kako biste bolje za\u0161titili boje.<\/p>","protected":false},"excerpt":{"rendered":"<p>Das dritte Fu\u00dfballtrikot von Adidas Manchester United 22-23 kombiniert eine hochviolette gelbe Grundfarbe mit auff\u00e4lligen gelben Applikationen und Logos. Es ist eine sehr moderne Farbkombination &#8211; &#8222;Semi Solar Slime&#8220; &amp; &#8222;Legend Ink&#8220;.Was das Design angeht, ist das dritte Trikot von Adidas Manchester United 2022-23 modern. Es hat ein Zickzack-Muster am Kragen. Auf der Vorderseite und [&hellip;]<\/p>","protected":false},"featured_media":8407,"comment_status":"open","ping_status":"closed","template":"","meta":[],"product_brand":[],"product_cat":[50],"product_tag":[20,21,22,23,24,365,217,223,52],"class_list":{"0":"post-8373","1":"product","2":"type-product","3":"status-publish","4":"has-post-thumbnail","6":"product_cat-manchester-united","7":"product_tag-coole-fussballtrikots","8":"product_tag-fussballtrikot-fuer-herren","9":"product_tag-fussballtrikot-guenstig-kaufen","10":"product_tag-fussballtrikot-kurzarm","11":"product_tag-guenstiges-fussballtrikot","12":"product_tag-manchester-united-22-23-drittes-trikot","13":"product_tag-manchester-united-trikot-bestellen","14":"product_tag-manchester-united-trikot-shop","15":"product_tag-manchester-united-trikots","17":"first","18":"instock","19":"shipping-taxable","20":"purchasable","21":"product-type-variable"},"_links":{"self":[{"href":"https:\/\/www.billigtrikotde.com\/hr\/wp-json\/wp\/v2\/product\/8373","targetHints":{"allow":["GET"]}}],"collection":[{"href":"https:\/\/www.billigtrikotde.com\/hr\/wp-json\/wp\/v2\/product"}],"about":[{"href":"https:\/\/www.billigtrikotde.com\/hr\/wp-json\/wp\/v2\/types\/product"}],"replies":[{"embeddable":true,"href":"https:\/\/www.billigtrikotde.com\/hr\/wp-json\/wp\/v2\/comments?post=8373"}],"wp:featuredmedia":[{"embeddable":true,"href":"https:\/\/www.billigtrikotde.com\/hr\/wp-json\/wp\/v2\/media\/8407"}],"wp:attachment":[{"href":"https:\/\/www.billigtrikotde.com\/hr\/wp-json\/wp\/v2\/media?parent=8373"}],"wp:term":[{"taxonomy":"product_brand","embeddable":true,"href":"https:\/\/www.billigtrikotde.com\/hr\/wp-json\/wp\/v2\/product_brand?post=8373"},{"taxonomy":"product_cat","embeddable":true,"href":"https:\/\/www.billigtrikotde.com\/hr\/wp-json\/wp\/v2\/product_cat?post=8373"},{"taxonomy":"product_tag","embeddable":true,"href":"https:\/\/www.billigtrikotde.com\/hr\/wp-json\/wp\/v2\/product_tag?post=8373"}],"curies":[{"name":"wp","href":"https:\/\/api.w.org\/{rel}","templated":true}]}}