{"id":8273,"date":"2024-10-24T01:28:50","date_gmt":"2024-10-23T23:28:50","guid":{"rendered":"http:\/\/billigtrikots.com\/?post_type=product&#038;p=8273"},"modified":"2024-10-24T01:30:57","modified_gmt":"2024-10-23T23:30:57","slug":"argentinien-heimtrikot-wm-2022-weiss-blau-kurzarm-fussballtrikots-guenstig","status":"publish","type":"product","link":"https:\/\/www.billigtrikotde.com\/hr\/argentinien-heimtrikot-wm-2022-weiss-blau-kurzarm-fussballtrikots-guenstig\/","title":{"rendered":"Argentina Doma\u0107i dres Svjetsko prvenstvo 2022 Bijela Plava kratkih rukava nogometni dres povoljno"},"content":{"rendered":"<p>Umjesto toga, dres bi trebao sadr\u017eavati dva tanja nebeskoplava pruga u sredini i dvije \u0161ire na vanjskim stranama dresa. Te bi trebale biti otprilike tri puta \u0161ire od pruga u sredini, koje predstavljaju zastavu Hrvatske.<br \/>\nPruge na novom dresu za Svjetsko prvenstvo 2022 Hrvatske su klasi\u010dne, ali samo na prednjoj strani. Pruge na stra\u017enjoj strani su zaista neobi\u010dne: umjesto da budu jednake \u0161irine, postoje dvije tanje nebeskoplave pruge u sredini i dvije \u0161ire na vanjskim stranama dresa. Te \u0161ire pruge su otprilike tri puta \u0161ire od pruga u sredini.<\/p>\n<p>Savjeti za ispis: Ako ime i broj na slici to\u010dno odgovaraju va\u0161im \u017eeljama, ne morate ih ponovno unositi. Ako ne, unesite \u017eeljeno ime i broj.<\/p>\n<p>Savjeti za pranje: Preporu\u010duje se ru\u010dno pranje nogometnih dresova. Ako \u017eelite koristiti perilicu, sjetite se okrenuti dresove naopako prije pranja. Napunite perilicu hladnom vodom i koristite program za osjetljive tkanine kako biste bolje za\u0161titili boje.<\/p>","protected":false},"excerpt":{"rendered":"<p>Umjesto toga, majica bi trebala sastojati od dva tanja nebeskoplava pruga u sredini i dvije \u0161ire na vanjskim stranama majice. One bi trebale biti otprilike tri puta \u0161ire od pruga u sredini, koje predstavljaju argentinsku zastavu. Pruge na novoj majici za Svjetsko prvenstvo 2022. u Argentini su klasi\u010dne, ali samo na [\u2026]<\/p>","protected":false},"featured_media":8311,"comment_status":"open","ping_status":"closed","template":"","meta":[],"product_brand":[],"product_cat":[325],"product_tag":[356,20,21,22,23,24],"class_list":{"0":"post-8273","1":"product","2":"type-product","3":"status-publish","4":"has-post-thumbnail","6":"product_cat-argentinien-trikots","7":"product_tag-argentinien-trikots","8":"product_tag-coole-fussballtrikots","9":"product_tag-fussballtrikot-fuer-herren","10":"product_tag-fussballtrikot-guenstig-kaufen","11":"product_tag-fussballtrikot-kurzarm","12":"product_tag-guenstiges-fussballtrikot","14":"first","15":"instock","16":"shipping-taxable","17":"purchasable","18":"product-type-variable"},"_links":{"self":[{"href":"https:\/\/www.billigtrikotde.com\/hr\/wp-json\/wp\/v2\/product\/8273","targetHints":{"allow":["GET"]}}],"collection":[{"href":"https:\/\/www.billigtrikotde.com\/hr\/wp-json\/wp\/v2\/product"}],"about":[{"href":"https:\/\/www.billigtrikotde.com\/hr\/wp-json\/wp\/v2\/types\/product"}],"replies":[{"embeddable":true,"href":"https:\/\/www.billigtrikotde.com\/hr\/wp-json\/wp\/v2\/comments?post=8273"}],"wp:featuredmedia":[{"embeddable":true,"href":"https:\/\/www.billigtrikotde.com\/hr\/wp-json\/wp\/v2\/media\/8311"}],"wp:attachment":[{"href":"https:\/\/www.billigtrikotde.com\/hr\/wp-json\/wp\/v2\/media?parent=8273"}],"wp:term":[{"taxonomy":"product_brand","embeddable":true,"href":"https:\/\/www.billigtrikotde.com\/hr\/wp-json\/wp\/v2\/product_brand?post=8273"},{"taxonomy":"product_cat","embeddable":true,"href":"https:\/\/www.billigtrikotde.com\/hr\/wp-json\/wp\/v2\/product_cat?post=8273"},{"taxonomy":"product_tag","embeddable":true,"href":"https:\/\/www.billigtrikotde.com\/hr\/wp-json\/wp\/v2\/product_tag?post=8273"}],"curies":[{"name":"wp","href":"https:\/\/api.w.org\/{rel}","templated":true}]}}