{"id":826,"date":"2024-10-23T13:05:37","date_gmt":"2024-10-23T11:05:37","guid":{"rendered":"http:\/\/billigtrikots.com\/?post_type=product&#038;p=826"},"modified":"2024-10-23T13:07:10","modified_gmt":"2024-10-23T11:07:10","slug":"real-madrid-heimtrikot-2022-weiss-blau-mit-aufdruck-isco-22","status":"publish","type":"product","link":"https:\/\/www.billigtrikotde.com\/hr\/real-madrid-heimtrikot-2022-weiss-blau-mit-aufdruck-isco-22\/","title":{"rendered":"Real Madrid doma\u0107i dres 2022 bijelo plavi s natpisom ISCO 22"},"content":{"rendered":"<p>Pobjede i uspjesi mom\u010dad prikazuje na terenu. Slavi se na Plaza de Cibeles pred navija\u010dima koji vri\u0161te. Nije \u010dudo \u0161to je ovaj adidas Real Madrid dres s uzorkom kruga i spirale inspiriran tim mjestom i njegovim fontanama. Dizajn za navija\u010de izra\u0111en je od mekog materijala s tehnologijom AEROREADY za upijanje vlage i jam\u010di ugodan, suh i udoban osje\u0107aj pri no\u0161enju.<\/p>\n<p>Savjeti za ispis: Ako ime i broj na slici to\u010dno odgovaraju va\u0161im \u017eeljama, ne morate ih ponovno unositi. Ako ne, unesite \u017eeljeno ime i broj.<\/p>\n<p>Savjeti za pranje: Preporu\u010duje se ru\u010dno pranje nogometnih dresova. Ako \u017eelite koristiti perilicu, sjetite se okrenuti dresove naopako prije pranja. Napunite perilicu hladnom vodom i koristite program za osjetljive tkanine kako biste bolje za\u0161titili boje.<\/p>","protected":false},"excerpt":{"rendered":"<p>Pobjede i uspjesi mom\u010dad prikazuje na terenu. Slavi se na Plaza de Cibeles pred navija\u010dima koji vri\u0161te. Nije \u010dudo \u0161to je ovaj adidas Real Madrid dres s uzorkom kruga i spirale inspiriran tim mjestom i njegovim fontanama. Dizajn za navija\u010de je od mekog materijala s apsorpcijom vlage AEROREADY [...]<\/p>","protected":false},"featured_media":865,"comment_status":"open","ping_status":"closed","template":"","meta":[],"product_brand":[],"product_cat":[45],"product_tag":[20,21,22,23,24,46,47],"class_list":{"0":"post-826","1":"product","2":"type-product","3":"status-publish","4":"has-post-thumbnail","6":"product_cat-real-madrid","7":"product_tag-coole-fussballtrikots","8":"product_tag-fussballtrikot-fuer-herren","9":"product_tag-fussballtrikot-guenstig-kaufen","10":"product_tag-fussballtrikot-kurzarm","11":"product_tag-guenstiges-fussballtrikot","12":"product_tag-real-madrid-heimtrikot","13":"product_tag-real-madrid-trikots","15":"first","16":"instock","17":"shipping-taxable","18":"purchasable","19":"product-type-variable"},"_links":{"self":[{"href":"https:\/\/www.billigtrikotde.com\/hr\/wp-json\/wp\/v2\/product\/826","targetHints":{"allow":["GET"]}}],"collection":[{"href":"https:\/\/www.billigtrikotde.com\/hr\/wp-json\/wp\/v2\/product"}],"about":[{"href":"https:\/\/www.billigtrikotde.com\/hr\/wp-json\/wp\/v2\/types\/product"}],"replies":[{"embeddable":true,"href":"https:\/\/www.billigtrikotde.com\/hr\/wp-json\/wp\/v2\/comments?post=826"}],"wp:featuredmedia":[{"embeddable":true,"href":"https:\/\/www.billigtrikotde.com\/hr\/wp-json\/wp\/v2\/media\/865"}],"wp:attachment":[{"href":"https:\/\/www.billigtrikotde.com\/hr\/wp-json\/wp\/v2\/media?parent=826"}],"wp:term":[{"taxonomy":"product_brand","embeddable":true,"href":"https:\/\/www.billigtrikotde.com\/hr\/wp-json\/wp\/v2\/product_brand?post=826"},{"taxonomy":"product_cat","embeddable":true,"href":"https:\/\/www.billigtrikotde.com\/hr\/wp-json\/wp\/v2\/product_cat?post=826"},{"taxonomy":"product_tag","embeddable":true,"href":"https:\/\/www.billigtrikotde.com\/hr\/wp-json\/wp\/v2\/product_tag?post=826"}],"curies":[{"name":"wp","href":"https:\/\/api.w.org\/{rel}","templated":true}]}}