{"id":8188,"date":"2024-10-24T01:24:16","date_gmt":"2024-10-23T23:24:16","guid":{"rendered":"http:\/\/billigtrikots.com\/?post_type=product&#038;p=8188"},"modified":"2024-10-24T01:26:29","modified_gmt":"2024-10-23T23:26:29","slug":"hakimi-2-paris-saint-germain-22-23-auswaertstrikot-graue-billige-fussballtrikots","status":"publish","type":"product","link":"https:\/\/www.billigtrikotde.com\/hr\/hakimi-2-paris-saint-germain-22-23-auswaertstrikot-graue-billige-fussballtrikots\/","title":{"rendered":"HAKiMi 2 Paris Saint-Germain 22-23 gostuju\u0107i dres sivo jeftini nogometni dresovi"},"content":{"rendered":"<p>Jordan PSG 2022-23 gostuju\u0107a majica prikazuje se u novom izgledu u sivoj boji s crnim srednjim prugom koja blijedi u sredini, ostavljaju\u0107i prostor za sponzora Qatar Airways. Na unutarnjoj strani ovratnika nalazi se posebno etiketa.<\/p>\n<p>Boja nove PSG 22-23 gostuju\u0107e majice inspirirana je stadionom Parc des Princes, koji ove godine slavi svoju 50. godi\u0161njicu. Sive hla\u010de s dizajnom inspiriranim Chicago Billsima i \u0161tucne upotpunjuju izgled nove PSG 2022-23 gostuju\u0107e majice od Jordana.<\/p>\n<p>Savjeti za ispis: Ako ime i broj na slici to\u010dno odgovaraju va\u0161im \u017eeljama, ne morate ih ponovno unositi. Ako ne, unesite \u017eeljeno ime i broj.<\/p>\n<p>Savjeti za pranje: Preporu\u010duje se ru\u010dno pranje nogometnih dresova. Ako \u017eelite koristiti perilicu, sjetite se okrenuti dresove naopako prije pranja. Napunite perilicu hladnom vodom i koristite program za osjetljive tkanine kako biste bolje za\u0161titili boje.<\/p>","protected":false},"excerpt":{"rendered":"<p>Jordan PSG 2022-23 gostuju\u0107i dres prikazuje se u novom izgledu u sivoj boji s crnim srednjim prugom koja blijedi u sredini, ostavljaju\u0107i prostora za sponzora Qatar Airways. Na unutarnjoj strani ovratnika nalazi se posebno etiketa. Boja novog PSG 22-23 gostuju\u0107eg dresa inspirirana je stadionom Parc des Princes, [...]<\/p>","protected":false},"featured_media":8227,"comment_status":"open","ping_status":"closed","template":"","meta":[],"product_brand":[],"product_cat":[39],"product_tag":[286,20,43,21,22,23,24,44,41,244,290],"class_list":{"0":"post-8188","1":"product","2":"type-product","3":"status-publish","4":"has-post-thumbnail","6":"product_cat-paris-saint-germain","7":"product_tag-alle-neuen-psg-trikots","8":"product_tag-coole-fussballtrikots","9":"product_tag-fussballkleidung","10":"product_tag-fussballtrikot-fuer-herren","11":"product_tag-fussballtrikot-guenstig-kaufen","12":"product_tag-fussballtrikot-kurzarm","13":"product_tag-guenstiges-fussballtrikot","14":"product_tag-paris-saint-germain-auswaertstrikot","15":"product_tag-paris-saint-germain-trikots","16":"product_tag-psg-trikot-2022-23","17":"product_tag-psg-trikot-2022-23-fussballtrikots","19":"first","20":"instock","21":"shipping-taxable","22":"purchasable","23":"product-type-variable"},"_links":{"self":[{"href":"https:\/\/www.billigtrikotde.com\/hr\/wp-json\/wp\/v2\/product\/8188","targetHints":{"allow":["GET"]}}],"collection":[{"href":"https:\/\/www.billigtrikotde.com\/hr\/wp-json\/wp\/v2\/product"}],"about":[{"href":"https:\/\/www.billigtrikotde.com\/hr\/wp-json\/wp\/v2\/types\/product"}],"replies":[{"embeddable":true,"href":"https:\/\/www.billigtrikotde.com\/hr\/wp-json\/wp\/v2\/comments?post=8188"}],"wp:featuredmedia":[{"embeddable":true,"href":"https:\/\/www.billigtrikotde.com\/hr\/wp-json\/wp\/v2\/media\/8227"}],"wp:attachment":[{"href":"https:\/\/www.billigtrikotde.com\/hr\/wp-json\/wp\/v2\/media?parent=8188"}],"wp:term":[{"taxonomy":"product_brand","embeddable":true,"href":"https:\/\/www.billigtrikotde.com\/hr\/wp-json\/wp\/v2\/product_brand?post=8188"},{"taxonomy":"product_cat","embeddable":true,"href":"https:\/\/www.billigtrikotde.com\/hr\/wp-json\/wp\/v2\/product_cat?post=8188"},{"taxonomy":"product_tag","embeddable":true,"href":"https:\/\/www.billigtrikotde.com\/hr\/wp-json\/wp\/v2\/product_tag?post=8188"}],"curies":[{"name":"wp","href":"https:\/\/api.w.org\/{rel}","templated":true}]}}