{"id":8052,"date":"2024-10-24T01:17:22","date_gmt":"2024-10-23T23:17:22","guid":{"rendered":"http:\/\/billigtrikots.com\/?post_type=product&#038;p=8052"},"modified":"2024-10-24T01:19:31","modified_gmt":"2024-10-23T23:19:31","slug":"herren-niederlande-auswaertstrikot-euro-2022-weiss-fussballtrikots-set-memphis-10","status":"publish","type":"product","link":"https:\/\/www.billigtrikotde.com\/hr\/herren-niederlande-auswaertstrikot-euro-2022-weiss-fussballtrikots-set-memphis-10\/","title":{"rendered":"Mu\u0161ki dres gostuju\u0107i Nizozemska Euro 2022 bijeli set dresova za nogomet, MEMPHIS 10"},"content":{"rendered":"<p>Nike dres za goste Nizozemske Euro 2022 je uglavnom bijel i prikazuje prilago\u0111eni dizajn inspiriran nizozemskom zastavom. Plavi i crveni pravokutnici su nesimetri\u010dno raspore\u0111eni po cijelom dresu.<\/p>\n<p>Logo na lijevoj strani prsa Nike dresa za goste Nizozemske 2022 je tako\u0111er jedinstven: je crven i prikazuje naran\u010dastu lavicu.<\/p>\n<p>Savjeti za ispis: Ako ime i broj na slici to\u010dno odgovaraju va\u0161im \u017eeljama, ne morate ih ponovno unositi. Ako ne, unesite \u017eeljeno ime i broj.<\/p>\n<p>Savjeti za pranje: Preporu\u010duje se ru\u010dno pranje nogometnih dresova. Ako \u017eelite koristiti perilicu, sjetite se okrenuti dresove naopako prije pranja. Napunite perilicu hladnom vodom i koristite program za osjetljive tkanine kako biste bolje za\u0161titili boje.<\/p>","protected":false},"excerpt":{"rendered":"<p>Nike Nizozemska Euro 2022 gostuju\u0107i dres je uglavnom bijel i prikazuje prilago\u0111eni dizajn inspiriran nizozemskom zastavom. Plavi i crveni pravokutnici su nesimetri\u010dno raspore\u0111eni po cijelom dresu. Logo na lijevoj strani prsa Nike Nizozemska 2022 gostuju\u0107eg dresa tako\u0111er je jedinstven: je crven i prikazuje naran\u010dastu [\u2026]<\/p>","protected":false},"featured_media":8091,"comment_status":"open","ping_status":"closed","template":"","meta":[],"product_brand":[],"product_cat":[219],"product_tag":[20,21,22,23,24,355,221],"class_list":{"0":"post-8052","1":"product","2":"type-product","3":"status-publish","4":"has-post-thumbnail","6":"product_cat-niederlande-trikots","7":"product_tag-coole-fussballtrikots","8":"product_tag-fussballtrikot-fuer-herren","9":"product_tag-fussballtrikot-guenstig-kaufen","10":"product_tag-fussballtrikot-kurzarm","11":"product_tag-guenstiges-fussballtrikot","12":"product_tag-niederlande-auswaertstrikot","13":"product_tag-niederlande-trikots","15":"first","16":"instock","17":"shipping-taxable","18":"purchasable","19":"product-type-variable"},"_links":{"self":[{"href":"https:\/\/www.billigtrikotde.com\/hr\/wp-json\/wp\/v2\/product\/8052","targetHints":{"allow":["GET"]}}],"collection":[{"href":"https:\/\/www.billigtrikotde.com\/hr\/wp-json\/wp\/v2\/product"}],"about":[{"href":"https:\/\/www.billigtrikotde.com\/hr\/wp-json\/wp\/v2\/types\/product"}],"replies":[{"embeddable":true,"href":"https:\/\/www.billigtrikotde.com\/hr\/wp-json\/wp\/v2\/comments?post=8052"}],"wp:featuredmedia":[{"embeddable":true,"href":"https:\/\/www.billigtrikotde.com\/hr\/wp-json\/wp\/v2\/media\/8091"}],"wp:attachment":[{"href":"https:\/\/www.billigtrikotde.com\/hr\/wp-json\/wp\/v2\/media?parent=8052"}],"wp:term":[{"taxonomy":"product_brand","embeddable":true,"href":"https:\/\/www.billigtrikotde.com\/hr\/wp-json\/wp\/v2\/product_brand?post=8052"},{"taxonomy":"product_cat","embeddable":true,"href":"https:\/\/www.billigtrikotde.com\/hr\/wp-json\/wp\/v2\/product_cat?post=8052"},{"taxonomy":"product_tag","embeddable":true,"href":"https:\/\/www.billigtrikotde.com\/hr\/wp-json\/wp\/v2\/product_tag?post=8052"}],"curies":[{"name":"wp","href":"https:\/\/api.w.org\/{rel}","templated":true}]}}