{"id":7998,"date":"2024-10-24T01:15:04","date_gmt":"2024-10-23T23:15:04","guid":{"rendered":"http:\/\/billigtrikots.com\/?post_type=product&#038;p=7998"},"modified":"2024-10-24T01:17:12","modified_gmt":"2024-10-23T23:17:12","slug":"england-trikot-away-frauen-em-2022-orange-trikotsatz-kurzarm-kurze-hosen-mount-19","status":"publish","type":"product","link":"https:\/\/www.billigtrikotde.com\/hr\/england-trikot-away-frauen-em-2022-orange-trikotsatz-kurzarm-kurze-hosen-mount-19\/","title":{"rendered":"Engleska dres Away \u017eena EURO 2022 naran\u010dasti komplet dres kratkih rukava + kratke hla\u010de MOUNT 19"},"content":{"rendered":"<p>Nike dje\u010dji dres u crvenoj boji prikazuje va\u0161u bezuvjetnu ljubav i povezanost s va\u0161om mom\u010dadi. Te\u017ee od toga ne mo\u017ee biti podr\u0161ka! S ovim engleskim dresom pro\u0161irit \u0107ete svoju kolekciju navija\u010dkih rekvizita. Preporu\u010dujemo ovaj prozra\u010dni, odvode\u0107i znoj i lagani model s ugodnim osje\u0107ajem pri no\u0161enju. Vizualno se isti\u010de s logom reprezentacije na prsima. S ovim sportskim dresom mo\u017eete biti jo\u0161 u\u010dinkovitiji i pripremiti se za sljede\u0107u utakmicu.<\/p>\n<p>Savjeti za ispis: Ako ime i broj na slici to\u010dno odgovaraju va\u0161im \u017eeljama, ne morate ih ponovno unositi. Ako ne, unesite \u017eeljeno ime i broj.<\/p>\n<p>Savjeti za pranje: Preporu\u010duje se ru\u010dno pranje nogometnih dresova. Ako \u017eelite koristiti perilicu, sjetite se okrenuti dresove naopako prije pranja. Napunite perilicu hladnom vodom i koristite program za osjetljive tkanine kako biste bolje za\u0161titili boje.<\/p>","protected":false},"excerpt":{"rendered":"<p>Nike dje\u010dji dres u crvenoj boji pokazuje va\u0161u bezuvjetnu ljubav i povezanost s va\u0161om mom\u010dadi. Te\u017ee od toga ne mo\u017ee biti! S ovim engleskim dresom pro\u0161irit \u0107ete svoju kolekciju navija\u010dkih rekvizita. Preporu\u010dujemo ovaj prozra\u010dni, odvode\u0107i znoj i lagani model s ugodnim osje\u0107ajem pri no\u0161enju. Vizualno se isti\u010de s logom reprezentacije na prsima. S ovim sportskim dresom mo\u017eete biti jo\u0161 u\u010dinkovitiji i [\u2026]<\/p>","protected":false},"featured_media":8032,"comment_status":"open","ping_status":"closed","template":"","meta":[],"product_brand":[],"product_cat":[115],"product_tag":[20,116,218,21,22,23,24],"class_list":{"0":"post-7998","1":"product","2":"type-product","3":"status-publish","4":"has-post-thumbnail","6":"product_cat-england-trikots","7":"product_tag-coole-fussballtrikots","8":"product_tag-england-heimtrikot","9":"product_tag-england-heimtrikot-euro-2022-damen","10":"product_tag-fussballtrikot-fuer-herren","11":"product_tag-fussballtrikot-guenstig-kaufen","12":"product_tag-fussballtrikot-kurzarm","13":"product_tag-guenstiges-fussballtrikot","15":"first","16":"instock","17":"shipping-taxable","18":"purchasable","19":"product-type-variable"},"_links":{"self":[{"href":"https:\/\/www.billigtrikotde.com\/hr\/wp-json\/wp\/v2\/product\/7998","targetHints":{"allow":["GET"]}}],"collection":[{"href":"https:\/\/www.billigtrikotde.com\/hr\/wp-json\/wp\/v2\/product"}],"about":[{"href":"https:\/\/www.billigtrikotde.com\/hr\/wp-json\/wp\/v2\/types\/product"}],"replies":[{"embeddable":true,"href":"https:\/\/www.billigtrikotde.com\/hr\/wp-json\/wp\/v2\/comments?post=7998"}],"wp:featuredmedia":[{"embeddable":true,"href":"https:\/\/www.billigtrikotde.com\/hr\/wp-json\/wp\/v2\/media\/8032"}],"wp:attachment":[{"href":"https:\/\/www.billigtrikotde.com\/hr\/wp-json\/wp\/v2\/media?parent=7998"}],"wp:term":[{"taxonomy":"product_brand","embeddable":true,"href":"https:\/\/www.billigtrikotde.com\/hr\/wp-json\/wp\/v2\/product_brand?post=7998"},{"taxonomy":"product_cat","embeddable":true,"href":"https:\/\/www.billigtrikotde.com\/hr\/wp-json\/wp\/v2\/product_cat?post=7998"},{"taxonomy":"product_tag","embeddable":true,"href":"https:\/\/www.billigtrikotde.com\/hr\/wp-json\/wp\/v2\/product_tag?post=7998"}],"curies":[{"name":"wp","href":"https:\/\/api.w.org\/{rel}","templated":true}]}}