{"id":7890,"date":"2024-10-24T01:10:02","date_gmt":"2024-10-23T23:10:02","guid":{"rendered":"http:\/\/billigtrikots.com\/?post_type=product&#038;p=7890"},"modified":"2024-10-24T01:12:12","modified_gmt":"2024-10-23T23:12:12","slug":"herren-deutschland-auswaertstrikot-dfb-wm-2022-away-trikot-violett-schwarz","status":"publish","type":"product","link":"https:\/\/www.billigtrikotde.com\/hr\/herren-deutschland-auswaertstrikot-dfb-wm-2022-away-trikot-violett-schwarz\/","title":{"rendered":"Mu\u0161ki Njema\u010dka gostuju\u0107i dres DFB WM 2022 Away dres ljubi\u010dasta crna"},"content":{"rendered":"<p>Trenirka za gostuju\u0107u utakmicu na Svjetskom prvenstvu 2022 u Njema\u010dkoj je potpuno crna s crvenkasto-sme\u0111im otiscima i zlatnim naglascima.<\/p>\n<p>Dizajnerski otisci na njema\u010dkoj gostuju\u0107oj majici za Svjetsko prvenstvo 2022 su u nijansi crvene i prekrivaju cijelu majicu. Osim toga, dizajni na prednjoj strani podsje\u0107aju na slova DFB logotipa, jer su trokutasto raspore\u0111eni, ba\u0161 kao i slova na DFB logotipu.<\/p>\n<p>Tako\u0111er, njema\u010dkoj gostuju\u0107oj majici za Svjetsko prvenstvo 2022 prisutni su zlatni logotipi i otisci. 3 Adidas pruge na ramena te Adidas logotip na desnom prsnom podru\u010dju su u zlatnoj boji. Tako\u0111er je grb DFB-a sa \u010detiri zvjezdice na lijevom prsnom podru\u010dju tako\u0111er u zlatnoj boji.<\/p>\n<p>Savjeti za ispis: Ako ime i broj na slici to\u010dno odgovaraju va\u0161im \u017eeljama, ne morate ih ponovno unositi. Ako ne, unesite \u017eeljeno ime i broj.<\/p>\n<p>Savjeti za pranje: Preporu\u010duje se ru\u010dno pranje nogometnih dresova. Ako \u017eelite koristiti perilicu, sjetite se okrenuti dresove naopako prije pranja. Napunite perilicu hladnom vodom i koristite program za osjetljive tkanine kako biste bolje za\u0161titili boje.<\/p>","protected":false},"excerpt":{"rendered":"<p>Trening away njema\u010dke reprezentacije na Svjetskom prvenstvu 2022 je potpuno crn s crveno-sme\u0111im otiscima i zlatnim naglascima. Dizajn otisci na njema\u010dkom away dresu za Svjetsko prvenstvo 2022 su u crvenoj nijansi i prekrivaju cijelu majicu. Tako\u0111er dizajni na prednjoj strani podsje\u0107aju na slova DFB logotipa jer su trokutasto raspore\u0111eni, ba\u0161 kao i slova [\u2026]<\/p>","protected":false},"featured_media":7924,"comment_status":"open","ping_status":"closed","template":"","meta":[],"product_brand":[],"product_cat":[170],"product_tag":[20,350,172,222,21,22,23,24],"class_list":{"0":"post-7890","1":"product","2":"type-product","3":"status-publish","4":"has-post-thumbnail","6":"product_cat-deutschland-trikots","7":"product_tag-coole-fussballtrikots","8":"product_tag-deutschland-auswaertstrikot","9":"product_tag-deutschland-trikots","10":"product_tag-fussball-wm-2022-trikots","11":"product_tag-fussballtrikot-fuer-herren","12":"product_tag-fussballtrikot-guenstig-kaufen","13":"product_tag-fussballtrikot-kurzarm","14":"product_tag-guenstiges-fussballtrikot","16":"first","17":"instock","18":"shipping-taxable","19":"purchasable","20":"product-type-variable"},"_links":{"self":[{"href":"https:\/\/www.billigtrikotde.com\/hr\/wp-json\/wp\/v2\/product\/7890","targetHints":{"allow":["GET"]}}],"collection":[{"href":"https:\/\/www.billigtrikotde.com\/hr\/wp-json\/wp\/v2\/product"}],"about":[{"href":"https:\/\/www.billigtrikotde.com\/hr\/wp-json\/wp\/v2\/types\/product"}],"replies":[{"embeddable":true,"href":"https:\/\/www.billigtrikotde.com\/hr\/wp-json\/wp\/v2\/comments?post=7890"}],"wp:featuredmedia":[{"embeddable":true,"href":"https:\/\/www.billigtrikotde.com\/hr\/wp-json\/wp\/v2\/media\/7924"}],"wp:attachment":[{"href":"https:\/\/www.billigtrikotde.com\/hr\/wp-json\/wp\/v2\/media?parent=7890"}],"wp:term":[{"taxonomy":"product_brand","embeddable":true,"href":"https:\/\/www.billigtrikotde.com\/hr\/wp-json\/wp\/v2\/product_brand?post=7890"},{"taxonomy":"product_cat","embeddable":true,"href":"https:\/\/www.billigtrikotde.com\/hr\/wp-json\/wp\/v2\/product_cat?post=7890"},{"taxonomy":"product_tag","embeddable":true,"href":"https:\/\/www.billigtrikotde.com\/hr\/wp-json\/wp\/v2\/product_tag?post=7890"}],"curies":[{"name":"wp","href":"https:\/\/api.w.org\/{rel}","templated":true}]}}