{"id":7884,"date":"2024-10-24T01:09:31","date_gmt":"2024-10-23T23:09:31","guid":{"rendered":"http:\/\/billigtrikots.com\/?post_type=product&#038;p=7884"},"modified":"2024-10-24T01:11:41","modified_gmt":"2024-10-23T23:11:41","slug":"deutschland-heimtrikot-dfb-wm-2022-herren-trikot-weiss-schwarz","status":"publish","type":"product","link":"https:\/\/www.billigtrikotde.com\/hr\/deutschland-heimtrikot-dfb-wm-2022-herren-trikot-weiss-schwarz\/","title":{"rendered":"Hrvatski Doma\u0107i dres DFB Svjetsko prvenstvo 2022 Mu\u0161ki dres bijelo crno"},"content":{"rendered":"<p>Ovaj izgled tjera tvoje srce da br\u017ee kuca: platno natpis kluba u zlatnoj optici zauzima posebno mjesto na prsima ovog adidas DFB dresa. Ovo doma\u0107e dres pokazuje se potpuno moderno s vidljivim vertikalnim prugom i velikim brojem crno-crveno-zlatnog timskog duha. Tehnologija AEROREADY koja upija vlagu i mre\u017easti umetci pru\u017eaju ti suho\u0107u dok navija\u0161 i prati\u0161 uzbu\u0111enje.<\/p>\n<p>Ikoni\u010dna jednostavnost u najboljem izdanju, istovremeno kombiniraju\u0107i modernost i vjerodostojnost. Novo njema\u010dko doma\u0107e dres 2022 dolazi u reduciranom dizajnu, inspiriranom jakim trka\u010dkim trakovima, kako bi privukao pa\u017enju pri visokim brzinama. Sna\u017ean dizajn, koji u zajedni\u0161tvu kao tim i nacija postaje ja\u010di i stvara pravu 'stvar u srcu'.<\/p>\n<p>Savjeti za ispis: Ako ime i broj na slici to\u010dno odgovaraju va\u0161im \u017eeljama, ne morate ih ponovno unositi. Ako ne, unesite \u017eeljeno ime i broj.<\/p>\n<p>Savjeti za pranje: Preporu\u010duje se ru\u010dno pranje nogometnih dresova. Ako \u017eelite koristiti perilicu, sjetite se okrenuti dresove naopako prije pranja. Napunite perilicu hladnom vodom i koristite program za osjetljive tkanine kako biste bolje za\u0161titili boje.<\/p>","protected":false},"excerpt":{"rendered":"<p>Ovaj izgled tjera tvoje srce da br\u017ee kuca: platno natpis kluba u zlatnoj optici zauzima posebno mjesto na prsima ovog adidas DFB dresa. Ovo doma\u0107e dres pokazuje se potpuno moderno s vidljivim vertikalnim prugom i velikim brojem crno-crveno-zlatnog timskog duha. Tehnologija AEROREADY koja upija vlagu i mre\u017easti umetci pru\u017eaju ti suho\u0107u dok navija\u0161 i prati\u0161 uzbu\u0111enje.<\/p>","protected":false},"featured_media":7923,"comment_status":"open","ping_status":"closed","template":"","meta":[],"product_brand":[],"product_cat":[170],"product_tag":[20,212,172,222,21,22,23,24],"class_list":{"0":"post-7884","1":"product","2":"type-product","3":"status-publish","4":"has-post-thumbnail","6":"product_cat-deutschland-trikots","7":"product_tag-coole-fussballtrikots","8":"product_tag-deutschland-heimtrikot","9":"product_tag-deutschland-trikots","10":"product_tag-fussball-wm-2022-trikots","11":"product_tag-fussballtrikot-fuer-herren","12":"product_tag-fussballtrikot-guenstig-kaufen","13":"product_tag-fussballtrikot-kurzarm","14":"product_tag-guenstiges-fussballtrikot","16":"first","17":"instock","18":"shipping-taxable","19":"purchasable","20":"product-type-variable"},"_links":{"self":[{"href":"https:\/\/www.billigtrikotde.com\/hr\/wp-json\/wp\/v2\/product\/7884","targetHints":{"allow":["GET"]}}],"collection":[{"href":"https:\/\/www.billigtrikotde.com\/hr\/wp-json\/wp\/v2\/product"}],"about":[{"href":"https:\/\/www.billigtrikotde.com\/hr\/wp-json\/wp\/v2\/types\/product"}],"replies":[{"embeddable":true,"href":"https:\/\/www.billigtrikotde.com\/hr\/wp-json\/wp\/v2\/comments?post=7884"}],"wp:featuredmedia":[{"embeddable":true,"href":"https:\/\/www.billigtrikotde.com\/hr\/wp-json\/wp\/v2\/media\/7923"}],"wp:attachment":[{"href":"https:\/\/www.billigtrikotde.com\/hr\/wp-json\/wp\/v2\/media?parent=7884"}],"wp:term":[{"taxonomy":"product_brand","embeddable":true,"href":"https:\/\/www.billigtrikotde.com\/hr\/wp-json\/wp\/v2\/product_brand?post=7884"},{"taxonomy":"product_cat","embeddable":true,"href":"https:\/\/www.billigtrikotde.com\/hr\/wp-json\/wp\/v2\/product_cat?post=7884"},{"taxonomy":"product_tag","embeddable":true,"href":"https:\/\/www.billigtrikotde.com\/hr\/wp-json\/wp\/v2\/product_tag?post=7884"}],"curies":[{"name":"wp","href":"https:\/\/api.w.org\/{rel}","templated":true}]}}