{"id":7882,"date":"2024-10-24T01:09:29","date_gmt":"2024-10-23T23:09:29","guid":{"rendered":"http:\/\/billigtrikots.com\/?post_type=product&#038;p=7882"},"modified":"2024-10-24T01:11:40","modified_gmt":"2024-10-23T23:11:40","slug":"frankreich-trikot-wm-2022-heimtrikot-blau-fuer-herren-kurzarm-kurze-hosen","status":"publish","type":"product","link":"https:\/\/www.billigtrikotde.com\/hr\/frankreich-trikot-wm-2022-heimtrikot-blau-fuer-herren-kurzarm-kurze-hosen\/","title":{"rendered":"Francuska dres WM 2022 doma\u0107i dres plavi za mu\u0161karce kratkih rukava + kratke hla\u010de"},"content":{"rendered":"<p>Frankreichs Heimtrikot folgt dem Spitznamen der Nationalelf. Les Bleus werden die franz\u00f6sischen Kicker genannt. Und fast ganz in Blau ist auch das franz\u00f6sische Dress gehalten. Abgesetzt ist es nur durch einen schmalen roten Brustring und entsprechend auch durch rote Stutzen. Im Ausw\u00e4rtstrikot l\u00e4uft die Equipe Tricolore hingegen komplett in Wei\u00df auf. Nur seitlich auf dem Trikot und der Hose finden sich Streifen in Rot und Blau, die die franz\u00f6sische Flagge signalisieren. Von 1972 bis 2010 war Adidas der Ausr\u00fcster der franz\u00f6sischen Mannschaft. Seit 2011 zeichnet der US-amerikanische Sportartikel-Hersteller Nike f\u00fcr das Design beim Frankreich Trikot verantwortlich.<\/p>\n<p>Savjeti za ispis: Ako ime i broj na slici to\u010dno odgovaraju va\u0161im \u017eeljama, ne morate ih ponovno unositi. Ako ne, unesite \u017eeljeno ime i broj.<\/p>\n<p>Savjeti za pranje: Preporu\u010duje se ru\u010dno pranje nogometnih dresova. Ako \u017eelite koristiti perilicu, sjetite se okrenuti dresove naopako prije pranja. Napunite perilicu hladnom vodom i koristite program za osjetljive tkanine kako biste bolje za\u0161titili boje.<\/p>","protected":false},"excerpt":{"rendered":"<p>Francuska doma\u0107a majica slijedi nadimak reprezentacije. Les Bleus nazivaju francuski nogometa\u0161i. I gotovo potpuno plava je i francuska odje\u0107a. Odvojena je samo uskim crvenim prsnim prstenom i odgovaraju\u0107e crvenim \u010darapama. U gostuju\u0107oj majici ekipa Tricolore potpuno je u bijelom. Samo sa strane na [\u2026]<\/p>","protected":false},"featured_media":7922,"comment_status":"open","ping_status":"closed","template":"","meta":[],"product_brand":[],"product_cat":[117],"product_tag":[20,121,119,21,22,23,24],"class_list":{"0":"post-7882","1":"product","2":"type-product","3":"status-publish","4":"has-post-thumbnail","6":"product_cat-frankreich-trikots","7":"product_tag-coole-fussballtrikots","8":"product_tag-frankreich-heimtrikot","9":"product_tag-frankreich-trikots","10":"product_tag-fussballtrikot-fuer-herren","11":"product_tag-fussballtrikot-guenstig-kaufen","12":"product_tag-fussballtrikot-kurzarm","13":"product_tag-guenstiges-fussballtrikot","15":"first","16":"instock","17":"shipping-taxable","18":"purchasable","19":"product-type-variable"},"_links":{"self":[{"href":"https:\/\/www.billigtrikotde.com\/hr\/wp-json\/wp\/v2\/product\/7882","targetHints":{"allow":["GET"]}}],"collection":[{"href":"https:\/\/www.billigtrikotde.com\/hr\/wp-json\/wp\/v2\/product"}],"about":[{"href":"https:\/\/www.billigtrikotde.com\/hr\/wp-json\/wp\/v2\/types\/product"}],"replies":[{"embeddable":true,"href":"https:\/\/www.billigtrikotde.com\/hr\/wp-json\/wp\/v2\/comments?post=7882"}],"wp:featuredmedia":[{"embeddable":true,"href":"https:\/\/www.billigtrikotde.com\/hr\/wp-json\/wp\/v2\/media\/7922"}],"wp:attachment":[{"href":"https:\/\/www.billigtrikotde.com\/hr\/wp-json\/wp\/v2\/media?parent=7882"}],"wp:term":[{"taxonomy":"product_brand","embeddable":true,"href":"https:\/\/www.billigtrikotde.com\/hr\/wp-json\/wp\/v2\/product_brand?post=7882"},{"taxonomy":"product_cat","embeddable":true,"href":"https:\/\/www.billigtrikotde.com\/hr\/wp-json\/wp\/v2\/product_cat?post=7882"},{"taxonomy":"product_tag","embeddable":true,"href":"https:\/\/www.billigtrikotde.com\/hr\/wp-json\/wp\/v2\/product_tag?post=7882"}],"curies":[{"name":"wp","href":"https:\/\/api.w.org\/{rel}","templated":true}]}}