{"id":7872,"date":"2024-10-24T01:08:55","date_gmt":"2024-10-23T23:08:55","guid":{"rendered":"http:\/\/billigtrikots.com\/?post_type=product&#038;p=7872"},"modified":"2024-10-24T01:11:07","modified_gmt":"2024-10-23T23:11:07","slug":"kinder-manchester-city-ausweichtrikot-2022-23-hellgruen-schwarz-trikotsatz","status":"publish","type":"product","link":"https:\/\/www.billigtrikotde.com\/hr\/kinder-manchester-city-ausweichtrikot-2022-23-hellgruen-schwarz-trikotsatz\/","title":{"rendered":"Dje\u010dji Manchester City zamjenski dres 2022-23 svijetlozeleno\/crno set dresova"},"content":{"rendered":"<p>Cityzens odlaze. Manchester City F.C. 2022\/23 Alternativni dres slavi kreativnost Manchestra s jarkim bojama i sna\u017enim detaljima inspiriranim street artom. Dizajn s kru\u017enicom je oda p\u010deli, simulu Manchestra, koja je svoj put od gradske grbovine do fasada, mozaika i kona\u010dno zadivljuju\u0107ih uli\u010dnih umjetnosti u ulicama Manchestra prona\u0161la. Efekt zra\u010dnog spreja na prugama upotpunjuje izjavu. Svijet je va\u0161a platna. Ispuni svoju kreativnost.<\/p>\n<p>Savjeti za ispis: Ako ime i broj na slici to\u010dno odgovaraju va\u0161im \u017eeljama, ne morate ih ponovno unositi. Ako ne, unesite \u017eeljeno ime i broj.<\/p>\n<p>Savjeti za pranje: Preporu\u010duje se ru\u010dno pranje nogometnih dresova. Ako \u017eelite koristiti perilicu, sjetite se okrenuti dresove naopako prije pranja. Napunite perilicu hladnom vodom i koristite program za osjetljive tkanine kako biste bolje za\u0161titili boje.<\/p>","protected":false},"excerpt":{"rendered":"<p>Cityzens schwirren aus. Das Manchester City F.C. 2022\/23 Alternativtrikot feiert die Kreativit\u00e4t von Manchester mit leuchtenden Farben und kr\u00e4ftigen Details, die von der Street Art inspiriert sind. Das Ringeldesign ist eine Hommage an die Biene, das Symbol von Manchester, das ihren Weg vom Stadtwappen zu den Fassaden, Mosaiken und zuletzt atemberaubenden Stra\u00dfenkunstwerken in den Stra\u00dfen [&hellip;]<\/p>","protected":false},"featured_media":7911,"comment_status":"open","ping_status":"closed","template":"","meta":[],"product_brand":[],"product_cat":[144],"product_tag":[20,94,275,203,84,145],"class_list":{"0":"post-7872","1":"product","2":"type-product","3":"status-publish","4":"has-post-thumbnail","6":"product_cat-manchester-city-kindertrikot","7":"product_tag-coole-fussballtrikots","8":"product_tag-kinder-fussball-trikotsatz","9":"product_tag-kinder-trikot-manchester-city","10":"product_tag-manchester-city-ausweichtrikot","11":"product_tag-manchester-city-trikots","12":"product_tag-manchester-city-trikotsatz-fuer-kinder","14":"first","15":"instock","16":"shipping-taxable","17":"purchasable","18":"product-type-variable"},"_links":{"self":[{"href":"https:\/\/www.billigtrikotde.com\/hr\/wp-json\/wp\/v2\/product\/7872","targetHints":{"allow":["GET"]}}],"collection":[{"href":"https:\/\/www.billigtrikotde.com\/hr\/wp-json\/wp\/v2\/product"}],"about":[{"href":"https:\/\/www.billigtrikotde.com\/hr\/wp-json\/wp\/v2\/types\/product"}],"replies":[{"embeddable":true,"href":"https:\/\/www.billigtrikotde.com\/hr\/wp-json\/wp\/v2\/comments?post=7872"}],"wp:featuredmedia":[{"embeddable":true,"href":"https:\/\/www.billigtrikotde.com\/hr\/wp-json\/wp\/v2\/media\/7911"}],"wp:attachment":[{"href":"https:\/\/www.billigtrikotde.com\/hr\/wp-json\/wp\/v2\/media?parent=7872"}],"wp:term":[{"taxonomy":"product_brand","embeddable":true,"href":"https:\/\/www.billigtrikotde.com\/hr\/wp-json\/wp\/v2\/product_brand?post=7872"},{"taxonomy":"product_cat","embeddable":true,"href":"https:\/\/www.billigtrikotde.com\/hr\/wp-json\/wp\/v2\/product_cat?post=7872"},{"taxonomy":"product_tag","embeddable":true,"href":"https:\/\/www.billigtrikotde.com\/hr\/wp-json\/wp\/v2\/product_tag?post=7872"}],"curies":[{"name":"wp","href":"https:\/\/api.w.org\/{rel}","templated":true}]}}