{"id":7866,"date":"2024-10-24T01:08:50","date_gmt":"2024-10-23T23:08:50","guid":{"rendered":"http:\/\/billigtrikots.com\/?post_type=product&#038;p=7866"},"modified":"2024-10-24T01:11:05","modified_gmt":"2024-10-23T23:11:05","slug":"deutschland-heimtrikot-dfb-wm-2022-kinder-trikots-weiss-schwarz-trikotsatz","status":"publish","type":"product","link":"https:\/\/www.billigtrikotde.com\/hr\/deutschland-heimtrikot-dfb-wm-2022-kinder-trikots-weiss-schwarz-trikotsatz\/","title":{"rendered":"Hrvatski Doma\u0107i dres DFB Svjetsko prvenstvo 2022 Djeca dresovi bijelo crno Set dresova"},"content":{"rendered":"<p>Trikot za Svjetsko prvenstvo Njema\u010dka 2022. je kao i uvijek bijeli. Me\u0111utim, ovoga puta na majici je prikazan debeli crni stupac uspravno. Na crnom traku nalaze se zlatan broj, DFB-ov logotip s \u010detiri zvjezdice i Adidasov logotip.<\/p>\n<p>Tako\u0111er, trikot ima \u0161iroki zavr\u0161etak rukava u crnoj boji. Ovratnik majice ima tanke pruge u bojama zastave Njema\u010dke.<\/p>\n<p>Nadalje je majica tiskom dizajna-prinze pokrivena cijelom majicom.<br \/>\nDresovi izgledom podsje\u0107aju na EKZ 2008. Away dresove, koji su tako\u0111er imali ovaj crni trak.<\/p>\n<p>Savjeti za ispis: Ako ime i broj na slici to\u010dno odgovaraju va\u0161im \u017eeljama, ne morate ih ponovno unositi. Ako ne, unesite \u017eeljeno ime i broj.<\/p>\n<p>Savjeti za pranje: Preporu\u010duje se ru\u010dno pranje nogometnih dresova. Ako \u017eelite koristiti perilicu, sjetite se okrenuti dresove naopako prije pranja. Napunite perilicu hladnom vodom i koristite program za osjetljive tkanine kako biste bolje za\u0161titili boje.<\/p>","protected":false},"excerpt":{"rendered":"<p>Das Deutschland WM 2022 Trikot ist wie immer in Wei\u00df. Allerdings ist diesmal ein dicker schwarzer Balken vertikal vor auf dem Shirt abgebildet. Auf dem schwarzen Streifen befinden sich eine goldene Nummer, das DFB-Logo mit den vier Sternen und das Adidas-Logo. Au\u00dferdem hat das Trikot einen breiten \u00c4rmelsaum in Schwarz. Der Kragen des Shirts hat [&hellip;]<\/p>","protected":false},"featured_media":7900,"comment_status":"open","ping_status":"closed","template":"","meta":[],"product_brand":[],"product_cat":[170],"product_tag":[20,212,172,213,21,22,23,24],"class_list":{"0":"post-7866","1":"product","2":"type-product","3":"status-publish","4":"has-post-thumbnail","6":"product_cat-deutschland-trikots","7":"product_tag-coole-fussballtrikots","8":"product_tag-deutschland-heimtrikot","9":"product_tag-deutschland-trikots","10":"product_tag-fussball-wm-2022","11":"product_tag-fussballtrikot-fuer-herren","12":"product_tag-fussballtrikot-guenstig-kaufen","13":"product_tag-fussballtrikot-kurzarm","14":"product_tag-guenstiges-fussballtrikot","16":"first","17":"instock","18":"shipping-taxable","19":"purchasable","20":"product-type-variable"},"_links":{"self":[{"href":"https:\/\/www.billigtrikotde.com\/hr\/wp-json\/wp\/v2\/product\/7866","targetHints":{"allow":["GET"]}}],"collection":[{"href":"https:\/\/www.billigtrikotde.com\/hr\/wp-json\/wp\/v2\/product"}],"about":[{"href":"https:\/\/www.billigtrikotde.com\/hr\/wp-json\/wp\/v2\/types\/product"}],"replies":[{"embeddable":true,"href":"https:\/\/www.billigtrikotde.com\/hr\/wp-json\/wp\/v2\/comments?post=7866"}],"wp:featuredmedia":[{"embeddable":true,"href":"https:\/\/www.billigtrikotde.com\/hr\/wp-json\/wp\/v2\/media\/7900"}],"wp:attachment":[{"href":"https:\/\/www.billigtrikotde.com\/hr\/wp-json\/wp\/v2\/media?parent=7866"}],"wp:term":[{"taxonomy":"product_brand","embeddable":true,"href":"https:\/\/www.billigtrikotde.com\/hr\/wp-json\/wp\/v2\/product_brand?post=7866"},{"taxonomy":"product_cat","embeddable":true,"href":"https:\/\/www.billigtrikotde.com\/hr\/wp-json\/wp\/v2\/product_cat?post=7866"},{"taxonomy":"product_tag","embeddable":true,"href":"https:\/\/www.billigtrikotde.com\/hr\/wp-json\/wp\/v2\/product_tag?post=7866"}],"curies":[{"name":"wp","href":"https:\/\/api.w.org\/{rel}","templated":true}]}}